{"id":251,"date":"2026-02-03T12:46:58","date_gmt":"2026-02-03T11:46:58","guid":{"rendered":"https:\/\/wordpress.nibis.de\/vortragsreihe\/?page_id=251"},"modified":"2026-03-24T06:52:04","modified_gmt":"2026-03-24T05:52:04","slug":"der-frei-day-als-impuls-fuer-ganzheitliche-schulentwicklung","status":"publish","type":"page","link":"https:\/\/wordpress.nibis.de\/vortragsreihe\/der-frei-day-als-impuls-fuer-ganzheitliche-schulentwicklung\/","title":{"rendered":"Der FREI DAY als Impuls f\u00fcr ganzheitliche Schulentwicklung"},"content":{"rendered":"\n<hr class=\"wp-block-separator has-alpha-channel-opacity\" \/>\n\n\n\n<h2 class=\"wp-block-heading has-text-align-center\"><a href=\"https:\/\/nlc.info\/app\/edb\/event\/53384\"><\/a><a href=\"https:\/\/wordpress.nibis.de\/vortragsreihe\/der-frei-day-als-impuls-fuer-ganzheitliche-schulentwicklung-dokumentation\/\">Dokumentation des Vortrags<\/a><\/h2>\n\n\n\n<hr class=\"wp-block-separator has-alpha-channel-opacity\" \/>\n\n\n\n<p>Schulleitungen erhalten einen praxisnahen Einblick, wie selbstgesteuertes Lernen, BNE und Partizipation mit dem FREI DAY strukturell im Schulalltag verankert werden k\u00f6nnen \u2013 ohne das System zu \u00fcberfordern.<br>Im Fokus stehen Fragen von Umsetzung, Steuerung und Rollenklarheit:<br>Was bedeutet der FREI DAY konkret f\u00fcr Schulorganisation, Zeitstrukturen, Teamarbeit, F\u00fchrungshandeln, Beteiligungskultur und langfristige Schulentwicklung?<\/p>\n\n\n\n<p>Wie sieht Schule aus, wenn Sch\u00fcler:innen Verantwortung \u00fcbernehmen, an realen gesellschaftlichen Herausforderungen arbeiten und Schule sich als lernende Organisation weiterentwickelt?<br>Der FREI DAY zeigt, wie projektbasiertes, selbstgesteuertes Lernen mit BNE als Impuls f\u00fcr einen Whole School Approach in allen Schulformen wirken kann.<\/p>\n\n\n\n<p>Laura Blum stellt den FREI DAY als erprobtes Schulentwicklungsformat vor und zeigt anhand konkreter Beispiele,<\/p>\n\n\n\n<ul class=\"wp-block-list\">\n<li>welche strukturellen, kulturellen und organisatorischen Bedingungen f\u00fcr eine erfolgreiche Einf\u00fchrung entscheidend sind,<\/li>\n\n\n\n<li>wo typische Stolpersteine in Ver\u00e4nderungsprozessen liegen \u2013 und wie Schulleitungen ihnen strategisch begegnen k\u00f6nnen und<\/li>\n\n\n\n<li>wie der FREI DAY Schule als Ganzes ver\u00e4ndern kann \u2013 \u00fcber den Unterricht hinaus.<\/li>\n<\/ul>\n\n\n\n<p>Der Impuls richtet sich an Schulleitungen und weitere Interessierte, die sich zum FREI DAY informieren und die n\u00e4chsten Schritte an ihrer Schule gehen m\u00f6chten.<\/p>\n\n\n\n<p><strong>Referentin:<\/strong><\/p>\n\n\n\n<p><strong>Laura Blum<\/strong>&nbsp;ber\u00e4t als Koordinatorin von&nbsp;<em>Schule im Aufbruch<\/em>&nbsp;f\u00fcr den Norden Schulen auf dem Weg zum FREI DAY und ihrem Weg zu einer ganzheitlichen Transformation im Sinne eines Whole School Approaches. Dabei arbeitet sie eng mit Schulleitungen und multiprofessionellen Teams zusammen und gibt in diesem Termin Einblicke in ihre langj\u00e4hrige Erfahrung aus der Praxis der Schultransformation.<\/p>\n\n\n\n<p><\/p>\n","protected":false},"excerpt":{"rendered":"<p>Dokumentation des Vortrags Schulleitungen erhalten einen praxisnahen Einblick, wie selbstgesteuertes Lernen, BNE und Partizipation mit dem FREI DAY strukturell im Schulalltag verankert werden k\u00f6nnen \u2013 ohne das System zu \u00fcberfordern.Im Fokus stehen Fragen von Umsetzung, Steuerung und Rollenklarheit:Was bedeutet der FREI DAY konkret f\u00fcr Schulorganisation, Zeitstrukturen, Teamarbeit, F\u00fchrungshandeln, Beteiligungskultur und langfristige Schulentwicklung? Wie sieht Schule aus, wenn Sch\u00fcler:innen Verantwortung \u00fcbernehmen, an realen gesellschaftlichen Herausforderungen arbeiten und Schule sich als lernende Organisation weiterentwickelt?Der FREI DAY zeigt, wie projektbasiertes, selbstgesteuertes Lernen mit&#8230;<\/p>\n<p class=\"read-more\"><a class=\"btn btn-default\" href=\"https:\/\/wordpress.nibis.de\/vortragsreihe\/der-frei-day-als-impuls-fuer-ganzheitliche-schulentwicklung\/\">Weiterlesen<span class=\"screen-reader-text\"> Weiterlesen<\/span><\/a><\/p>\n","protected":false},"author":9193395,"featured_media":0,"parent":0,"menu_order":0,"comment_status":"closed","ping_status":"closed","template":"","meta":{"footnotes":""},"class_list":["post-251","page","type-page","status-publish","hentry"],"_links":{"self":[{"href":"https:\/\/wordpress.nibis.de\/vortragsreihe\/wp-json\/wp\/v2\/pages\/251","targetHints":{"allow":["GET"]}}],"collection":[{"href":"https:\/\/wordpress.nibis.de\/vortragsreihe\/wp-json\/wp\/v2\/pages"}],"about":[{"href":"https:\/\/wordpress.nibis.de\/vortragsreihe\/wp-json\/wp\/v2\/types\/page"}],"author":[{"embeddable":true,"href":"https:\/\/wordpress.nibis.de\/vortragsreihe\/wp-json\/wp\/v2\/users\/9193395"}],"replies":[{"embeddable":true,"href":"https:\/\/wordpress.nibis.de\/vortragsreihe\/wp-json\/wp\/v2\/comments?post=251"}],"version-history":[{"count":4,"href":"https:\/\/wordpress.nibis.de\/vortragsreihe\/wp-json\/wp\/v2\/pages\/251\/revisions"}],"predecessor-version":[{"id":327,"href":"https:\/\/wordpress.nibis.de\/vortragsreihe\/wp-json\/wp\/v2\/pages\/251\/revisions\/327"}],"wp:attachment":[{"href":"https:\/\/wordpress.nibis.de\/vortragsreihe\/wp-json\/wp\/v2\/media?parent=251"}],"curies":[{"name":"wp","href":"https:\/\/api.w.org\/{rel}","templated":true}]}}