{"id":258,"date":"2026-02-03T13:04:11","date_gmt":"2026-02-03T12:04:11","guid":{"rendered":"https:\/\/wordpress.nibis.de\/vortragsreihe\/?page_id=258"},"modified":"2026-02-03T13:07:20","modified_gmt":"2026-02-03T12:07:20","slug":"online-vortragsreihe-fuer-schulleitungen-zu-themen-der-inklusiven-schule","status":"publish","type":"page","link":"https:\/\/wordpress.nibis.de\/vortragsreihe\/online-vortragsreihe-fuer-schulleitungen-zu-themen-der-inklusiven-schule\/","title":{"rendered":"Online &#8211; Vortragsreihe f\u00fcr Schulleitungen zu Themen der inklusiven Schule"},"content":{"rendered":"\n<hr class=\"wp-block-separator has-alpha-channel-opacity\" \/>\n\n\n\n<p>Im Rahmen dieser Vortragsreihe erhalten interessierte Schulleitungsmitglieder Einblicke und Inputs zu ausgew\u00e4hlten Themenschwerpunkten der inklusiven Schule.<\/p>\n\n\n\n<p>Renommierte Expertinnen und Experten bieten wertvolle Impulse zu aktuellen Fragestellungen rund um Inklusion. Nach jedem Vortrag haben die Teilnehmenden die M\u00f6glichkeit, sich direkt mit den Referierenden auszutauschen und ihre Fragen und Anliegen zu diskutieren.<\/p>\n\n\n\n<figure class=\"wp-block-table\"><table class=\"has-fixed-layout\"><tbody><tr><td><strong>Datum<\/strong><\/td><td><strong>Angebot<\/strong><\/td><td><strong>Referierende<\/strong><\/td><\/tr><tr><td>21.11.2024<\/td><td><a href=\"https:\/\/wordpress.nibis.de\/vortragsreihe\/multiprofessionelle-zusammenarbeit\/\"><strong>Multiprofessionelle Zusammenarbeit<\/strong><br><strong>in der Schule effektiv gestalten<\/strong><\/a><\/td><td><strong>Wilfried W. Steinert<\/strong><\/td><\/tr><tr><td>27.11.2024<\/td><td><a href=\"https:\/\/wordpress.nibis.de\/vortragsreihe\/diagnostik-ge\/\"><strong>Diagnostik im F\u00f6rderschwerpunkt<\/strong><br><strong>geistige Entwicklung<\/strong><\/a><\/td><td><strong>Teresa Sansour<\/strong><br><strong>Maria Kollmer<\/strong><\/td><\/tr><tr><td>03.12.2024<\/td><td><a href=\"https:\/\/wordpress.nibis.de\/vortragsreihe\/herausfordernde-sus\/\"><strong>Umgang mit herausfordernden<\/strong><br><strong>Sch\u00fclerinnen und Sch\u00fclern<\/strong><\/a><\/td><td><strong>Wilfried W. Steinert<\/strong><\/td><\/tr><tr><td>04.12.2024<\/td><td><a href=\"https:\/\/wordpress.nibis.de\/vortragsreihe\/digitale-foerderplanung\/\"><strong>Digitale F\u00f6rderplanung\u00a0<\/strong><br><strong>Einf\u00fchrung in SPLINT<\/strong><\/a><\/td><td><strong>Friedo Scharf<\/strong><\/td><\/tr><tr><td>16.12.2024<\/td><td><a href=\"https:\/\/wordpress.nibis.de\/vortragsreihe\/schulabsentismus\/\"><strong>Schulabsentismus: Die entscheidende<\/strong><br><strong>Rolle von Haltung und Pr\u00e4vention<\/strong><\/a><\/td><td><strong>Ira-Katharina Petras<\/strong><\/td><\/tr><\/tbody><\/table><\/figure>\n\n\n\n<p><\/p>\n","protected":false},"excerpt":{"rendered":"<p>Im Rahmen dieser Vortragsreihe erhalten interessierte Schulleitungsmitglieder Einblicke und Inputs zu ausgew\u00e4hlten Themenschwerpunkten der inklusiven Schule. Renommierte Expertinnen und Experten bieten wertvolle Impulse zu aktuellen Fragestellungen rund um Inklusion. Nach jedem Vortrag haben die Teilnehmenden die M\u00f6glichkeit, sich direkt mit den Referierenden auszutauschen und ihre Fragen und Anliegen zu diskutieren. Datum Angebot Referierende 21.11.2024 Multiprofessionelle Zusammenarbeitin der Schule effektiv gestalten Wilfried W. Steinert 27.11.2024 Diagnostik im F\u00f6rderschwerpunktgeistige Entwicklung Teresa SansourMaria Kollmer 03.12.2024 Umgang mit herausforderndenSch\u00fclerinnen und Sch\u00fclern Wilfried W. Steinert&#8230;<\/p>\n<p class=\"read-more\"><a class=\"btn btn-default\" href=\"https:\/\/wordpress.nibis.de\/vortragsreihe\/online-vortragsreihe-fuer-schulleitungen-zu-themen-der-inklusiven-schule\/\">Weiterlesen<span class=\"screen-reader-text\"> Weiterlesen<\/span><\/a><\/p>\n","protected":false},"author":9193395,"featured_media":0,"parent":0,"menu_order":0,"comment_status":"closed","ping_status":"closed","template":"","meta":{"footnotes":""},"class_list":["post-258","page","type-page","status-publish","hentry"],"_links":{"self":[{"href":"https:\/\/wordpress.nibis.de\/vortragsreihe\/wp-json\/wp\/v2\/pages\/258","targetHints":{"allow":["GET"]}}],"collection":[{"href":"https:\/\/wordpress.nibis.de\/vortragsreihe\/wp-json\/wp\/v2\/pages"}],"about":[{"href":"https:\/\/wordpress.nibis.de\/vortragsreihe\/wp-json\/wp\/v2\/types\/page"}],"author":[{"embeddable":true,"href":"https:\/\/wordpress.nibis.de\/vortragsreihe\/wp-json\/wp\/v2\/users\/9193395"}],"replies":[{"embeddable":true,"href":"https:\/\/wordpress.nibis.de\/vortragsreihe\/wp-json\/wp\/v2\/comments?post=258"}],"version-history":[{"count":3,"href":"https:\/\/wordpress.nibis.de\/vortragsreihe\/wp-json\/wp\/v2\/pages\/258\/revisions"}],"predecessor-version":[{"id":262,"href":"https:\/\/wordpress.nibis.de\/vortragsreihe\/wp-json\/wp\/v2\/pages\/258\/revisions\/262"}],"wp:attachment":[{"href":"https:\/\/wordpress.nibis.de\/vortragsreihe\/wp-json\/wp\/v2\/media?parent=258"}],"curies":[{"name":"wp","href":"https:\/\/api.w.org\/{rel}","templated":true}]}}