{"id":336,"date":"2026-04-15T11:34:40","date_gmt":"2026-04-15T09:34:40","guid":{"rendered":"https:\/\/wordpress.nibis.de\/vortragsreihe\/?page_id=336"},"modified":"2026-04-15T11:34:40","modified_gmt":"2026-04-15T09:34:40","slug":"datenschutzerklaerung","status":"publish","type":"page","link":"https:\/\/wordpress.nibis.de\/vortragsreihe\/datenschutzerklaerung\/","title":{"rendered":"Datenschutzerkl\u00e4rung"},"content":{"rendered":"\n<p>Wir sind dem Prinzip der Datensparsamkeit verpflichtet. Personenbezogene Daten werden nur zum Zwecke der Kommunikation und Projektteilnahme sowie zur Bereitstellung unseres Internetangebots tempor\u00e4r gespeichert, jedoch keinesfalls mit anderen Daten zusammengef\u00fchrt oder an Dritte weitergegeben.<\/p>\n\n\n\n<h5 class=\"wp-block-heading\">Verantwortlicher und Geltungsbereich<\/h5>\n\n\n\n<p>Verantwortlich im Sinne der EU-Datenschutzgrundverordnung (DSGVO) ist das&nbsp;<strong><a href=\"https:\/\/bildungsportal-niedersachsen.de\/ueber-uns\/nlq\" target=\"_blank\" rel=\"noreferrer noopener\">Nieders\u00e4chsische Landesinstitut f\u00fcr schulische Qualit\u00e4tsentwicklung<\/a><\/strong>&nbsp;(Ke\u00dflerstra\u00dfe 52, 31134 Hildesheim).<br><strong>E-Mail<\/strong>&nbsp;<br><strong><a href=\"&#109;&#97;&#x69;&#x6c;&#116;&#111;&#x3a;&#x70;&#111;&#115;&#x74;&#x73;&#116;&#101;&#x6c;&#x6c;&#101;&#64;&#x6e;&#x6c;&#113;&#46;&#x6e;&#x69;&#101;&#100;&#x65;&#x72;&#115;&#97;&#x63;&#x68;&#115;&#101;&#x6e;&#x2e;&#100;&#101;\" target=\"_blank\" rel=\"noreferrer noopener\">poststelle(at)nlq.niedersachsen.de<\/a><\/strong><\/p>\n\n\n\n<p><strong>Telefon<\/strong><br>+49 5121 1695\u20130<br>Diese Datenschutzerkl\u00e4rung gilt f\u00fcr das Internetangebot der Medienberatung Niedersachsen (medienberatung.online) sowie dazugeh\u00f6rige Subdomains.<\/p>\n\n\n\n<h5 class=\"wp-block-heading\">Kontaktdaten des beh\u00f6rdlichen Datenschutzbeauftragten<\/h5>\n\n\n\n<p><strong>E-Mail<\/strong><br><strong><a href=\"&#x6d;&#x61;&#x69;&#x6c;&#x74;&#x6f;&#x3a;&#x64;&#x61;&#x74;&#x65;&#x6e;&#x73;&#x63;&#x68;&#x75;&#x74;&#x7a;&#x40;&#x6e;&#x6c;&#x71;&#46;&#110;&#105;&#98;&#105;&#115;&#46;&#100;&#101;\" target=\"_blank\" rel=\"noreferrer noopener\">datenschutz(at)nlq.nibis.de<\/a><\/strong><\/p>\n\n\n\n<p><strong>Telefon<br><\/strong>+49 5121 1695\u20130<\/p>\n\n\n\n<h5 class=\"wp-block-heading\">Bereitstellung von Website und Tools \/ Erstellung von Logdateien<\/h5>\n\n\n\n<p>Bei Nutzung unseres Internetgebots erfasst der Server unseres Hosting-Providers (<strong><a href=\"https:\/\/jonaspasche.com\/\" target=\"_blank\" rel=\"noreferrer noopener\">Jonas Pasche<\/a><\/strong>) automatisiert Daten und Informationen des anfragenden Systems und speichert diese in Logdateien. Dies betrifft das Datum und die Uhrzeit des Zugriffes, die IP-Adresse, die Betriebssystemversion, Informationen \u00fcber deinen Browser und die Website, von der die Anfrage erfolgte (Referrer-URL). T\u00e4glich erfolgt eine Rotation der Logdateien, bei der die erfasste IP-Adresse anonymisiert wird. Ab diesem Zeitpunkt handelt es sich nicht mehr um personenbezogene Daten.<br>Die beschriebene Datenspeicherung ist notwendig f\u00fcr Bereitstellung und Schutz unseres Internetangebots. Rechtsgrundlage ist Erw\u00e4gungsgrund 49 DSGVO.<\/p>\n\n\n\n<h5 class=\"wp-block-heading\">Speicherung personenbezogener Daten bei Kontaktaufnahme<\/h5>\n\n\n\n<p>Sofern Kontakt (E-Mail) zu uns aufgenommen wird, werden die \u00fcbermittelten personenbezogenen Daten automatisch gespeichert, um Ihr Anliegen bearbeiten zu k\u00f6nnen. Wir verwenden die Mailserver von medienberatung.online und die des&nbsp;<strong><a href=\"https:\/\/bildungsportal-niedersachsen.de\/\" target=\"_blank\" rel=\"noreferrer noopener\">Bildungsportals Niedersachsen<\/a><\/strong>&nbsp;. Zur Datenschutzerkl\u00e4rung f\u00fcr das Bildungsportal Niedersachsen gelangt man \u00fcber&nbsp;<strong><a href=\"https:\/\/nibis.de\/datenschutzerklaerung_11951\" target=\"_blank\" rel=\"noreferrer noopener\">diese Seite<\/a><\/strong>.<br>Die L\u00f6schung der Daten erfolgt, sobald deren Speicherung f\u00fcr die Bearbeitung Ihres Anliegens nicht mehr erforderlich ist.<\/p>\n\n\n\n<h5 class=\"wp-block-heading\">Betroffenenrechte<\/h5>\n\n\n\n<p>Sie k\u00f6nnen folgende Rechte geltend machen:<br>\u2022&nbsp;<strong>Auskunft und Akteneinsicht<\/strong>: Gem\u00e4\u00df Art. 15 DSGVO haben Sie das Recht, Auskunft bzw. Akteneinsicht \u00fcber die von uns verarbeiteten personenbezogenen Daten zu erhalten.<br>\u2022&nbsp;<strong>Berichtigung<\/strong>: Sind bei uns gespeicherte personenbezogene Daten unrichtig oder unvollst\u00e4ndig, haben Sie gem. Art. 16 DSGVO das Recht, diese berichtigen bzw. vervollst\u00e4ndigen zu lassen.<br>\u2022&nbsp;<strong>L\u00f6schung<\/strong>: Art. 17 DSGVO normiert das Recht auf L\u00f6schung personenbezogener Daten. Dieses Recht steht Ihnen insbesondere dann zu, wenn die Speicherung der personenbezogenen Daten zur Erf\u00fcllung unserer gesetzlichen Aufgaben nicht mehr erforderlich ist oder Sie Ihre Einwilligung zur Datenverarbeitung mit Wirkung f\u00fcr die Zukunft widerrufen haben.<br>\u2022&nbsp;<strong>Einschr\u00e4nkung der Verarbeitung<\/strong>: Gem\u00e4\u00df Art. 18 DSGVO k\u00f6nnen Sie die Einschr\u00e4nkung der personenbezogenen Daten verlangen, wenn<\/p>\n\n\n\n<p>o die Richtigkeit der Daten von Ihnen bestritten wird,<br>o die Verarbeitung unrechtm\u00e4\u00dfig ist, Sie aber deren L\u00f6schung ablehnen,<br>o wir die Daten nicht mehr ben\u00f6tigen, Sie jedoch diese zur Geltendmachung, Aus\u00fcbung oder Verteidigung von Rechtsanspr\u00fcchen ben\u00f6tigen<br>o oder Sie gem\u00e4\u00df Art. 21 DSGVO Widerspruch gegen die Verarbeitung eingelegt haben.<\/p>\n\n\n\n<p>\u2022&nbsp;<strong>Widerspruch<\/strong>: Sie k\u00f6nnen bei Gr\u00fcnden, die sich aus deiner besonderen Situation ergeben, ein Widerspruchsrecht geltend machen. Gem\u00e4\u00df Art. 21 DSGVO ist jedoch zu ber\u00fccksichtigten, ob schutzw\u00fcrdige Gr\u00fcnde f\u00fcr die Verarbeitung vorliegen oder die Verarbeitung der Geltendmachung, Aus\u00fcbung oder Verteidigung von Rechtsanspr\u00fcchen dient.<br>\u2022&nbsp;<strong>Daten\u00fcbertragbarkeit<\/strong>: Ist die Verarbeitung deiner Daten mit Hilfe eines automatisierten Verfahrens erfolgt, haben Sie gem. Art. 20 DSGVO das Recht, die Daten in einem g\u00e4ngigen und maschinenlesbaren Format zu erhalten und an eine anderen Verantwortlichen zu \u00fcbermitteln bzw. durch uns \u00fcbermitteln zu lassen.<br>\u2022&nbsp;<strong>Widerruf der Einwilligung<\/strong>: Haben Sie gem. Art. 7 Absatz 3 DSGVO das Recht, uns erteilte Einwilligungen jederzeit mit Wirkung f\u00fcr die Zukunft zu widerrufen.<br>\u2022&nbsp;<strong>Beschwerde<\/strong>: Art. 77 DSGVO normiert ein Beschwerderecht bei der Aufsichtsbeh\u00f6rde. Die f\u00fcr uns zust\u00e4ndige Aufsichtsbeh\u00f6rde ist die Landesbeauftragte f\u00fcr den Datenschutz Niedersachsen, Prinzenstra\u00dfe 5, 30159 Hannover. E Mail:&nbsp;<strong><a href=\"&#x6d;a&#x69;&#108;&#x74;&#111;:&#x70;&#111;&#x73;&#116;s&#x74;&#101;&#x6c;&#108;e&#x40;l&#x66;&#100;&#x2e;&#x6e;i&#x65;&#100;&#x65;&#114;s&#x61;&#99;&#x68;&#115;e&#x6e;&#46;&#x64;&#101;\" target=\"_blank\" rel=\"noreferrer noopener\">poststelle(at)lfd.niedersachsen.de<\/a><\/strong><\/p>\n","protected":false},"excerpt":{"rendered":"<p>Wir sind dem Prinzip der Datensparsamkeit verpflichtet. Personenbezogene Daten werden nur zum Zwecke der Kommunikation und Projektteilnahme sowie zur Bereitstellung unseres Internetangebots tempor\u00e4r gespeichert, jedoch keinesfalls mit anderen Daten zusammengef\u00fchrt oder an Dritte weitergegeben. Verantwortlicher und Geltungsbereich Verantwortlich im Sinne der EU-Datenschutzgrundverordnung (DSGVO) ist das&nbsp;Nieders\u00e4chsische Landesinstitut f\u00fcr schulische Qualit\u00e4tsentwicklung&nbsp;(Ke\u00dflerstra\u00dfe 52, 31134 Hildesheim).E-Mail&nbsp;poststelle(at)nlq.niedersachsen.de Telefon+49 5121 1695\u20130Diese Datenschutzerkl\u00e4rung gilt f\u00fcr das Internetangebot der Medienberatung Niedersachsen (medienberatung.online) sowie dazugeh\u00f6rige Subdomains. Kontaktdaten des beh\u00f6rdlichen Datenschutzbeauftragten E-Maildatenschutz(at)nlq.nibis.de Telefon+49 5121 1695\u20130 Bereitstellung von Website und Tools&#8230;<\/p>\n<p class=\"read-more\"><a class=\"btn btn-default\" href=\"https:\/\/wordpress.nibis.de\/vortragsreihe\/datenschutzerklaerung\/\">Weiterlesen<span class=\"screen-reader-text\"> Weiterlesen<\/span><\/a><\/p>\n","protected":false},"author":9193395,"featured_media":0,"parent":0,"menu_order":0,"comment_status":"closed","ping_status":"closed","template":"","meta":{"footnotes":""},"class_list":["post-336","page","type-page","status-publish","hentry"],"_links":{"self":[{"href":"https:\/\/wordpress.nibis.de\/vortragsreihe\/wp-json\/wp\/v2\/pages\/336","targetHints":{"allow":["GET"]}}],"collection":[{"href":"https:\/\/wordpress.nibis.de\/vortragsreihe\/wp-json\/wp\/v2\/pages"}],"about":[{"href":"https:\/\/wordpress.nibis.de\/vortragsreihe\/wp-json\/wp\/v2\/types\/page"}],"author":[{"embeddable":true,"href":"https:\/\/wordpress.nibis.de\/vortragsreihe\/wp-json\/wp\/v2\/users\/9193395"}],"replies":[{"embeddable":true,"href":"https:\/\/wordpress.nibis.de\/vortragsreihe\/wp-json\/wp\/v2\/comments?post=336"}],"version-history":[{"count":1,"href":"https:\/\/wordpress.nibis.de\/vortragsreihe\/wp-json\/wp\/v2\/pages\/336\/revisions"}],"predecessor-version":[{"id":337,"href":"https:\/\/wordpress.nibis.de\/vortragsreihe\/wp-json\/wp\/v2\/pages\/336\/revisions\/337"}],"wp:attachment":[{"href":"https:\/\/wordpress.nibis.de\/vortragsreihe\/wp-json\/wp\/v2\/media?parent=336"}],"curies":[{"name":"wp","href":"https:\/\/api.w.org\/{rel}","templated":true}]}}