{"id":60,"date":"2024-10-21T08:27:52","date_gmt":"2024-10-21T06:27:52","guid":{"rendered":"https:\/\/wordpress.nibis.de\/vortragsreihe\/?page_id=60"},"modified":"2024-12-17T15:28:07","modified_gmt":"2024-12-17T14:28:07","slug":"digitale-foerderplanung","status":"publish","type":"page","link":"https:\/\/wordpress.nibis.de\/vortragsreihe\/digitale-foerderplanung\/","title":{"rendered":"Digitale F\u00f6rderplanung Einf\u00fchrung in SPLINT"},"content":{"rendered":"\n<h2 class=\"has-text-align-center wp-block-heading\">Mittwoch, 04. Dezember 2024<br>16:00 Uhr &#8211; 18:00 Uhr<\/h2>\n\n\n\n<hr class=\"wp-block-separator\" \/>\n\n\n\n<h2 class=\"has-text-align-center wp-block-heading\"><a href=\"https:\/\/wordpress.nibis.de\/vortragsreihe\/splint\/\" target=\"_blank\" rel=\"noreferrer noopener\">Dokumentation des Vortrags<\/a><\/h2>\n\n\n\n<p><\/p>\n\n\n\n<hr class=\"wp-block-separator\" \/>\n\n\n\n<p><img loading=\"lazy\" decoding=\"async\" class=\"size-medium wp-image-61 alignleft\" src=\"https:\/\/wordpress.nibis.de\/vortragsreihe\/files\/2024\/10\/Scharf-195x300.png\" alt=\"\" width=\"195\" height=\"300\" srcset=\"https:\/\/wordpress.nibis.de\/vortragsreihe\/files\/2024\/10\/Scharf-195x300.png 195w, https:\/\/wordpress.nibis.de\/vortragsreihe\/files\/2024\/10\/Scharf-176x270.png 176w, https:\/\/wordpress.nibis.de\/vortragsreihe\/files\/2024\/10\/Scharf.png 210w\" sizes=\"auto, (max-width: 195px) 100vw, 195px\" \/>Mit SPLINT haben wir ein Tool entwickelt, das die F\u00f6rderplanung vereinfacht und die multiprofessionelle Begleitung von F\u00f6rderzielen erm\u00f6glicht. Im Zentrum stehen die individuelle, bed\u00fcrfnisgerechte Begleitung aller Sch\u00fcler*innen und Arbeitserleichterung und geringer b\u00fcrokratischer Aufwand f\u00fcr P\u00e4dagoginnen. Unsere Mission ist, Inklusion in allen schulischen Kontexten m\u00f6glich zu machen.<br \/>In diesem Vortrag werden gemeinsam die App kennenlernen und einen exemplarischen F\u00f6rderplan mit Hilfe von Beobachtungsb\u00f6gen und dem F\u00f6rderma\u00dfnahmenkatalog erstellen.\u00a0<\/p>\n<p><strong>Technische Voraussetzungen<\/strong><\/p>\n<p>F\u00fcr die Teilnahme ist es notwendig, sich vorab in SPLINT zu registrieren. (Dadurch entstehen keine weiteren Kosten) Zur Registrierung gehen Sie bitte auf:<\/p>\n<p><a href=\"https:\/\/splint.schule\/signup\" target=\"_blank\" rel=\"noopener\"><strong>https:\/\/splint.schule\/signup<\/strong><\/a><\/p>\n<p>Nachdem alle wichtigen Informationen eingegeben sind, bekommst Sie eine E-Mail mit einem Best\u00e4tigungslink. Nachdem Sie diesen angeklickt haben, sind Sie in SPLINT registriert und k\u00f6nnen sich in SPLINT anmelden. (<a href=\"https:\/\/splint.schule\/signin\" target=\"_blank\" rel=\"noopener\"><strong>https:\/\/splint.schule\/signin<\/strong><\/a>)<\/p>\n<p>Halten Sie die Anmeldedaten bereit, damit Sie sich w\u00e4hrend des Workshops in SPLINT einloggen k\u00f6nnen.<\/p>\n<p><b>Referent Friedo Scharf <\/b>ist selbst Sonderp\u00e4dagoge und hat aus dem Schuldienst heraus dieses hilfreiche Tool entwickelt. In den letzten 12 Jahren war er in unterschiedlichen Funktionen in der Schule eingebunden. Sein Fokus lag dabei immer auf der Entwicklung hinzu einer inklusiven Schule. Heute ist er als Gesch\u00e4ftsf\u00fchrer der Inklusion-Digital GmbH und als Bildungsaktivist im deutschsprachigen Raum unterwegs und spricht \u00fcber Splint und andere pragmatische Ans\u00e4tze f\u00fcr eine chancengerechte Schule.<\/p>\n<p>\u00a0<\/p>\n<p>\u00a0<\/p>\n<p>\u00a0<\/p>\n<p>\u00a0<\/p>\n","protected":false},"excerpt":{"rendered":"<p>Mittwoch, 04. Dezember 202416:00 Uhr &#8211; 18:00 Uhr Dokumentation des Vortrags Mit SPLINT haben wir ein Tool entwickelt, das die F\u00f6rderplanung vereinfacht und die multiprofessionelle Begleitung von F\u00f6rderzielen erm\u00f6glicht. Im Zentrum stehen die individuelle, bed\u00fcrfnisgerechte Begleitung aller Sch\u00fcler*innen und Arbeitserleichterung und geringer b\u00fcrokratischer Aufwand f\u00fcr P\u00e4dagoginnen. Unsere Mission ist, Inklusion in allen schulischen Kontexten m\u00f6glich zu machen.In diesem Vortrag werden gemeinsam die App kennenlernen und einen exemplarischen F\u00f6rderplan mit Hilfe von Beobachtungsb\u00f6gen und dem F\u00f6rderma\u00dfnahmenkatalog erstellen.\u00a0 Technische Voraussetzungen F\u00fcr die&#8230;<\/p>\n<p class=\"read-more\"><a class=\"btn btn-default\" href=\"https:\/\/wordpress.nibis.de\/vortragsreihe\/digitale-foerderplanung\/\">Weiterlesen<span class=\"screen-reader-text\"> Weiterlesen<\/span><\/a><\/p>\n","protected":false},"author":9193395,"featured_media":0,"parent":0,"menu_order":0,"comment_status":"closed","ping_status":"closed","template":"","meta":{"footnotes":""},"class_list":["post-60","page","type-page","status-publish","hentry"],"_links":{"self":[{"href":"https:\/\/wordpress.nibis.de\/vortragsreihe\/wp-json\/wp\/v2\/pages\/60","targetHints":{"allow":["GET"]}}],"collection":[{"href":"https:\/\/wordpress.nibis.de\/vortragsreihe\/wp-json\/wp\/v2\/pages"}],"about":[{"href":"https:\/\/wordpress.nibis.de\/vortragsreihe\/wp-json\/wp\/v2\/types\/page"}],"author":[{"embeddable":true,"href":"https:\/\/wordpress.nibis.de\/vortragsreihe\/wp-json\/wp\/v2\/users\/9193395"}],"replies":[{"embeddable":true,"href":"https:\/\/wordpress.nibis.de\/vortragsreihe\/wp-json\/wp\/v2\/comments?post=60"}],"version-history":[{"count":11,"href":"https:\/\/wordpress.nibis.de\/vortragsreihe\/wp-json\/wp\/v2\/pages\/60\/revisions"}],"predecessor-version":[{"id":181,"href":"https:\/\/wordpress.nibis.de\/vortragsreihe\/wp-json\/wp\/v2\/pages\/60\/revisions\/181"}],"wp:attachment":[{"href":"https:\/\/wordpress.nibis.de\/vortragsreihe\/wp-json\/wp\/v2\/media?parent=60"}],"curies":[{"name":"wp","href":"https:\/\/api.w.org\/{rel}","templated":true}]}}