{"id":1032,"date":"2020-11-17T07:57:07","date_gmt":"2020-11-17T06:57:07","guid":{"rendered":"https:\/\/wordpress.nibis.de\/vossbarg\/?page_id=1032"},"modified":"2023-09-04T18:18:19","modified_gmt":"2023-09-04T16:18:19","slug":"infos","status":"publish","type":"page","link":"https:\/\/wordpress.nibis.de\/vossbarg\/infos\/","title":{"rendered":"Infos"},"content":{"rendered":"<p>Die Schule am Vo\u00dfbarg ist ein F\u00f6rderzentrum f\u00fcr die Gemeinden Rastede und Wiefelstede.<\/p>\n<p>An der Schule arbeiten Lehrkr\u00e4fte aus allen sonderp\u00e4dagogischen Fachrichtungen. Au\u00dferdem \u00fcbernehmen wir die sonderp\u00e4dagogische Grundversorgung an allen acht Grundschulen der beiden Gemeinden.<\/p>\n<p>Unsere Schule wird von Sch\u00fcler_innen mit und ohne F\u00f6rderbedarf besucht. Die meisten Sch\u00fcler haben F\u00f6rderbedarf im Schwerpunkt Lernen. Auch die F\u00f6rderschwerpunkte Geistige Entwicklung sowie Emotional-soziale Entwicklung sind in der Sch\u00fclerschaft vertreten.<\/p>\n<p>Der Name der Schule am Vo\u00dfbarg kommt von der anliegenden Stra\u00dfe. Vo\u00dfbarg ist plattdeutsch und bedeutet Fuchsberg.<\/p>\n<p>Es ist uns ein wichtiges Anliegen, dass Sch\u00fcler_innen so angenommen werden, wie sie sind und auf ihrem ganz individuellen Niveau (schulische) Erfolge erzielen. Unser Ansatz ist ganzheitlich.<\/p>\n<p>Das Schulmotto lautet: &#8222;Du kannst mehr als Du denkst!&#8220;<\/p>\n<p><a href=\"https:\/\/wordpress.nibis.de\/vossbarg\/infos\/\">Schulprofil 2023-24 &#8211; Schule am Vo\u00dfbarg<\/a><\/p>\n<p><a href=\"https:\/\/wordpress.nibis.de\/vossbarg\/files\/2020\/11\/Schulprofil-2020-21-Schule-am-Vo\u00dfbarg-1.pdf\">Schulprofil 2020-21 &#8211; Schule am Vo\u00dfbarg<\/a><\/p>\n","protected":false},"excerpt":{"rendered":"<p>Die Schule am Vo\u00dfbarg ist ein F\u00f6rderzentrum f\u00fcr die Gemeinden Rastede und Wiefelstede. An der Schule arbeiten Lehrkr\u00e4fte aus allen sonderp\u00e4dagogischen Fachrichtungen. Au\u00dferdem \u00fcbernehmen wir die sonderp\u00e4dagogische Grundversorgung an allen acht Grundschulen der beiden Gemeinden. Unsere Schule wird von Sch\u00fcler_innen mit und ohne F\u00f6rderbedarf besucht. Die meisten Sch\u00fcler haben F\u00f6rderbedarf im Schwerpunkt Lernen. Auch die [&hellip;]<\/p>\n","protected":false},"author":9192954,"featured_media":0,"parent":0,"menu_order":0,"comment_status":"closed","ping_status":"closed","template":"","meta":{"footnotes":""},"class_list":["post-1032","page","type-page","status-publish","hentry"],"_links":{"self":[{"href":"https:\/\/wordpress.nibis.de\/vossbarg\/wp-json\/wp\/v2\/pages\/1032","targetHints":{"allow":["GET"]}}],"collection":[{"href":"https:\/\/wordpress.nibis.de\/vossbarg\/wp-json\/wp\/v2\/pages"}],"about":[{"href":"https:\/\/wordpress.nibis.de\/vossbarg\/wp-json\/wp\/v2\/types\/page"}],"author":[{"embeddable":true,"href":"https:\/\/wordpress.nibis.de\/vossbarg\/wp-json\/wp\/v2\/users\/9192954"}],"replies":[{"embeddable":true,"href":"https:\/\/wordpress.nibis.de\/vossbarg\/wp-json\/wp\/v2\/comments?post=1032"}],"version-history":[{"count":4,"href":"https:\/\/wordpress.nibis.de\/vossbarg\/wp-json\/wp\/v2\/pages\/1032\/revisions"}],"predecessor-version":[{"id":1664,"href":"https:\/\/wordpress.nibis.de\/vossbarg\/wp-json\/wp\/v2\/pages\/1032\/revisions\/1664"}],"wp:attachment":[{"href":"https:\/\/wordpress.nibis.de\/vossbarg\/wp-json\/wp\/v2\/media?parent=1032"}],"curies":[{"name":"wp","href":"https:\/\/api.w.org\/{rel}","templated":true}]}}