{"id":1044,"date":"2020-11-17T07:57:10","date_gmt":"2020-11-17T06:57:10","guid":{"rendered":"https:\/\/wordpress.nibis.de\/vossbarg\/?page_id=1044"},"modified":"2026-01-23T13:13:35","modified_gmt":"2026-01-23T12:13:35","slug":"kochen","status":"publish","type":"page","link":"https:\/\/wordpress.nibis.de\/vossbarg\/kochen\/","title":{"rendered":"Kochen und Backen (Frau Danz)"},"content":{"rendered":"\n<h1><strong>Neues aus der Koch und Back AG<\/strong><\/h1>\n<p>Im AG Bereich finden an vier Nachmittagen Koch-Aktionen mit Sch\u00fclerinnen und Sch\u00fclern aus allen Jahrg\u00e4ngen statt. Es gibt neben einer klassischen Koch-AG eine Veggie-AG (vegetarische Gerichte), Kochen und schnacken f\u00fcr M\u00e4dchen und die Leckerb\u00e4cker.<\/p>\n<p>Neben dem Verkauf eines Teils der hergestellten Produkte sowie die Verarbeitung der Ernte unseres Schulackers k\u00f6nnen wir uns immer wieder auch \u00fcber Spenden freuen. Zuletzt vom Verein Kinderlachen Oldenburg e.V. sowie vom Verein W.I.M. &#8211; Weniger. Ist. Machbar. Dieses Konzept erm\u00f6glicht es uns allen Sch\u00fclerinnen und Sch\u00fclern, unabh\u00e4ngig von ihrem \u00f6konomischen Hintergrund, ein kostenfreies, wichtiges und vielf\u00e4ltiges Lernangebot im Bereich Hauswirtschaft im Nachmittagsbereich zu machen.<\/p>\n<p><img loading=\"lazy\" decoding=\"async\" class=\"wp-image-1320 alignright\" src=\"https:\/\/wordpress.nibis.de\/vossbarg\/files\/2022\/01\/Gemuesepaste-2.jpg\" alt=\"\" width=\"212\" height=\"159\" \/><\/p>\n<p><strong>Gem\u00fcsepaste<\/strong><\/p>\n<p>Unser ultimatives Startrezept war in diesem Jahr die Gem\u00fcsepaste. Wir haben daf\u00fcr eine bunte Mischung an frischem Gem\u00fcse, Knoblauch, Zwiebeln, Gew\u00fcrzen und zum haltbar machen eine gr\u00f6\u00dfere Menge Salz verwendet. Das Gem\u00fcse wurde gewaschen, klein geschnitten mit den Gew\u00fcrzen eingekocht und zum Schluss p\u00fcriert. Die Paste wird verwendet wir Gem\u00fcsebr\u00fche und ist mehrere Monate haltbar. Wir haben die Paste als Gem\u00fcsesuppe mit Nudeln verkostet. Einen Teil haben wir f\u00fcr die Zubereitung unseres Mittagstischs verwendet, einen Teil in der Schule verkauft und nat\u00fcrlich konnten die Sch\u00fclerinnen und Sch\u00fcler der AG eine Portion und das Rezept mit nach Hause nehmen, um dort ihr Produkt zu pr\u00e4sentieren.<\/p>\n<p>\u00a0<\/p>\n<p><strong>Ratatouille<\/strong><\/p>\n<p>Wir haben ein leckeres, mediterranes Ratatouille eingekocht. Es h\u00e4lt sich im Glas mehrere Wochen und im Handumdrehen werden daraus leckere Gerichte wie Ratatouille mit Reis, mit etwas Sahne, Schmand oder Frischk\u00e4se eine leckere Nudelso\u00dfe oder auch ein schneller <img loading=\"lazy\" decoding=\"async\" class=\"wp-image-1330 alignright\" src=\"https:\/\/wordpress.nibis.de\/vossbarg\/files\/2022\/01\/Ratatouille-702x478.jpg\" alt=\"\" width=\"217\" height=\"148\" srcset=\"https:\/\/wordpress.nibis.de\/vossbarg\/files\/2022\/01\/Ratatouille-702x478.jpg 702w, https:\/\/wordpress.nibis.de\/vossbarg\/files\/2022\/01\/Ratatouille-75x50.jpg 75w\" sizes=\"auto, (max-width: 217px) 100vw, 217px\" \/>Belag f\u00fcr Tarte oder Sandwiches. Die Begeisterung war gro\u00df, so dass wir dieses Rezept auch f\u00fcr unseren Mittagstisch, der im Rahmen des Hauswirtschaftsunterrichts von Sch\u00fclerinnen und Sch\u00fclern zubereitet wird direkt noch einmal nachgekocht haben.\u00a0<\/p>\n<p>\u00a0<\/p>\n<p>\u00a0<\/p>\n<p><strong>Herbstzeit: K\u00fcrbis und Mangold<img loading=\"lazy\" decoding=\"async\" class=\"wp-image-1324 alignright\" src=\"https:\/\/wordpress.nibis.de\/vossbarg\/files\/2022\/01\/Kuerbis.jpg\" alt=\"\" width=\"196\" height=\"134\" srcset=\"https:\/\/wordpress.nibis.de\/vossbarg\/files\/2022\/01\/Kuerbis.jpg 702w, https:\/\/wordpress.nibis.de\/vossbarg\/files\/2022\/01\/Kuerbis-75x50.jpg 75w\" sizes=\"auto, (max-width: 196px) 100vw, 196px\" \/><\/strong><\/p>\n<p>Die Bl\u00e4tter f\u00e4rben sich bunt und es ist Erntezeit. Reife K\u00fcrbisse und eine reichliche Mangoldernte vom Schulacker wurden von den Sch\u00fclerinnen und Sch\u00fclern in den AGs zu K\u00fcrbisstuten, K\u00fcrbissuppe, ger\u00f6stete K\u00fcrbiskerne, Mangoldquiche und Mangoldpesto <img loading=\"lazy\" decoding=\"async\" class=\"wp-image-1323 alignleft\" src=\"https:\/\/wordpress.nibis.de\/vossbarg\/files\/2022\/01\/Kuerbis-2-690x478.jpg\" alt=\"\" width=\"190\" height=\"132\" \/>verarbeitet. Die Erfahrung den Weg vom Anbau \u00fcber die Ernte bis zum Herstellen unterschiedlicher Rezepte zu machen, l\u00e4sst den Geschmack noch viel intensiver werden.<\/p>\n<p>\u00a0<\/p>\n<p>\u00a0<\/p>\n<p><strong>Besuch von Herrn H\u00e4user vom Verein Kinderlachen-Oldenburg e.V.<\/strong><\/p>\n<p>In unserer Koch AG haben wir Besuch von Herrn H\u00e4user bekommen. Neben fachkundigen Tipps zum Umgang mit Profi-Kochmessern hatte er f\u00fcr unsere AG noch weitere, tolle Geschenke im Gep\u00e4ck. Wir durften uns \u00fcber Sch\u00fcrzen, Rezepte und vor allem 6 Profimesser in verschiedenen Gr\u00f6\u00dfen freuen. Unter der kundigen Anleitung von Herrn H\u00e4user konnten die Sch\u00fcler direkt Schneide\u00fcbungen durchf\u00fchren. So wurden Gurken, Zwiebeln und \u00c4pfel im Nu geschnitten, um daraus anschlie\u00dfend Salat und Apfelmus zuzubereiten.<\/p>\n<p>\u00a0<\/p>\n<p><strong>Quitten aus dem Garten<\/strong><\/p>\n<p>Eine gro\u00dfz\u00fcgige Quittenspende \u2013 ganze 14 kg \u2013 wollten im November verarbeitet werden. Es wurden, nicht nur w\u00e4hrend der AG Zeit, sondern auch neben der Zubereitung des Schulfr\u00fchst\u00fccks flei\u00dfig Quitten geputzt, geschnitten, gekocht, abgesiebt und zu Marmelade und Gelee verarbeitet. Sogar ein Quittenkuchen wurde hergestellt.<\/p>\n<p><img loading=\"lazy\" decoding=\"async\" class=\"alignnone  wp-image-1326\" src=\"https:\/\/wordpress.nibis.de\/vossbarg\/files\/2022\/01\/Kuerbissuppe-614x478.jpg\" alt=\"\" width=\"292\" height=\"227\" \/><\/p>\n<p>\u00a0<\/p>\n<p>\u00a0<\/p>\n<p>Seit Anfang 2020 gibt es in unserer Schule eine neue Schulk\u00fcche.<\/p>\n<p>In der Mitte des Raumes befindet sich eine gro\u00dfe Arbeitsinsel. An dieser k\u00f6nnen alle Sch\u00fclerinnen und Sch\u00fcler ringsherum Lebensmittel schnibbeln und vorbereiten.<\/p>\n<p>Dabei ist es der Lehrkraft m\u00f6glich, sowohl Arbeitstechniken und die richtige und sichere Handhabung der Werkzeuge zu zeigen, als auch den Sch\u00fclerinnen und Sch\u00fclern zu helfen oder sie zu unterst\u00fctzen.<\/p>\n<p>An der Wandseite befinden sich drei Sp\u00fclen, drei Herde und drei Back\u00f6fen. Somit bietet sich gen\u00fcgend Platz, um der Kochkreativit\u00e4t ausreichend Raum zu geben.<\/p>\n<p>Auch in diesem Schuljahr 2020\/2021 k\u00f6nnen wir an unserer Schule wieder eine Koch-AG anbieten.<\/p>\n<p>Jeden Montag von 14.10 Uhr bis 15.50 Uhr treffen sich 8 Sch\u00fclerinnen und Sch\u00fcler der 9. und 10. Klassen in der K\u00fcche der SaV, um gesunde, einfache und g\u00fcnstige Mahlzeiten zuzubereiten, Marmeladen und Eingemachtes herzustellen, Kuchen und Kekse zu backen, selbstverst\u00e4ndlich unter Einhaltung der entsprechenden Hygiene.<\/p>\n<p>Weiterhin soll ein Rezeptbuch erstellt, die Tischkultur erlernt und ge\u00fcbt und unterschiedliche Kochtechniken vermittelt werden.<\/p>\n<p>Zum Kochen geh\u00f6rt selbstverst\u00e4ndlich auch den Arbeitsplatz einzurichten, gemeinsam zu arbeiten, das Sp\u00fclen, Abtrocknen und Aufr\u00e4umen.<\/p>\n<p>Quasi \u201enebenbei\u201c werden Kompetenzen, wie beispielsweise das Lesen und Abwiegen von Mengenangaben ge\u00fcbt.<\/p>\n<p>Und ganz wichtig: Es wird nichts weggeworfen!!!!<\/p>\n<p>Das, was nicht gegessen wird, wird in Beh\u00e4lter umgef\u00fcllt und kann mit nach Hause genommen werden, damit auch die Familie probieren kann.<\/p>\n<p>Am Anfang des Schuljahres war das Ziel, \u00fcberwiegend frisches und regionales Obst und Gem\u00fcse und auch ausgefallenere Zutaten\/Gew\u00fcrze und Umverpackungen zu verwenden.<\/p>\n<p>Dies war mit einem Eigenanteil von 1,50 Euro pro Sch\u00fclerin und Sch\u00fcler kaum realistisch und auch der Eigenanteil stellte f\u00fcr manche Sch\u00fcler ein Hindernis dar.<\/p>\n<p>\u00a0<\/p>\n<p>Wir machten wir uns auf die Suche nach Sponsoren<\/p>\n<p>\u2013 mit ERFOLG \u2013<\/p>\n<p>Der REWE-Markt spendete Obst und Gem\u00fcse, einige Privatpersonen und der Verein \u201eKinderlachen Oldenburg e.V.\u201c kleinere und gr\u00f6\u00dfer Geldbetr\u00e4ge und:\u00a0\u00a0\u00a0<\/p>\n<p>\u00a0<\/p>\n<p>Wir haben sogar einen eigenen Internetauftritt.<\/p>\n<p>\u00a0<a href=\"https:\/\/kinderlachen-oldenburg.de\/anjas-koch-ag\/\">https:\/\/kinderlachen-oldenburg.de\/anjas-koch-ag\/<\/a><\/p>\n<p>\u00a0\u00a0\u00a0\u00a0\u00a0\u00a0\u00a0\u00a0\u00a0\u00a0\u00a0\u00a0<\/p>\n<p>Hier gibt es einen kleinen Auszug zu dem, was wir bereits hergestellt haben.<\/p>\n<p><strong>Alles in Butter?<\/strong><\/p>\n<p><strong>Vielen Kindern ist es h\u00e4ufig nicht bewusst, welche Produktionsschritte durchlaufen werden m\u00fcssen, um beispielsweise Butter, Joghurt oder Quark herzustellen.<\/strong><\/p>\n<p><strong>In diesen Stunden haben wir Milch und Sahne (als Rohstoffe) in jeweils zwei neue Produkte (Quark und Molke + Butter und Buttermilch) umgewandelt. \u00a0\u00a0\u00a0\u00a0\u00a0 \u00a0\u00a0\u00a0\u00a0\u00a0\u00a0\u00a0\u00a0\u00a0\u00a0\u00a0\u00a0<\/strong><br \/><strong>Dabei haben wir Mithilfe des \u201cFette-Tests\u201d den hohen Fettgehalt sichtbar in der Butter nachgewiesen bzw. erkannt. Abschlie\u00dfend probierten wir unsere selbstgemachte Butter auf frischem Brot. <\/strong><strong>\u00a0\u00a0\u00a0\u00a0\u00a0\u00a0\u00a0\u00a0\u00a0\u00a0\u00a0\u00a0\u00a0\u00a0\u00a0\u00a0<\/strong>\u00a0\u00a0\u00a0\u00a0\u00a0\u00a0\u00a0\u00a0\u00a0\u00a0\u00a0\u00a0\u00a0<\/p>\n<p><strong>In der Weihnachtsb\u00e4ckerei<\/strong><\/p>\n<p>Zur Weihnachtszeit haben wir flei\u00dfig Pl\u00e4tzchen gebacken \u2013 viele wurden danach bereits direkt verk\u00f6stigt und mancher war \u00fcberrascht, wie k\u00f6stlich diese schmecken, wenn man sie selber backt.<\/p>\n<p>Zus\u00e4tzlich fertigten wir \u201eGeschenke aus der K\u00fcche\u201c an und die Sch\u00fclerinnen und Sch\u00fcler konnten diese mit nach Hause nehmen.<\/p>\n<p>\u00a0<\/p>\n\n\n\n<figure class=\"wp-block-image size-large is-resized\"><img loading=\"lazy\" decoding=\"async\" width=\"1200\" height=\"675\" src=\"https:\/\/wordpress.nibis.de\/vossbarg\/files\/2026\/01\/IMG_0133-1200x675.jpeg\" alt=\"\" class=\"wp-image-2304\" style=\"width:532px;height:auto\" srcset=\"https:\/\/wordpress.nibis.de\/vossbarg\/files\/2026\/01\/IMG_0133-1200x675.jpeg 1200w, https:\/\/wordpress.nibis.de\/vossbarg\/files\/2026\/01\/IMG_0133-850x478.jpeg 850w, https:\/\/wordpress.nibis.de\/vossbarg\/files\/2026\/01\/IMG_0133-250x141.jpeg 250w\" sizes=\"auto, (max-width: 1200px) 100vw, 1200px\" \/><\/figure>\n\n\n\n<p><\/p>\n","protected":false},"excerpt":{"rendered":"<p>Neues aus der Koch und Back AG Im AG Bereich finden an vier Nachmittagen Koch-Aktionen mit Sch\u00fclerinnen und Sch\u00fclern aus allen Jahrg\u00e4ngen statt. Es gibt neben einer klassischen Koch-AG eine Veggie-AG (vegetarische Gerichte), Kochen und schnacken f\u00fcr M\u00e4dchen und die Leckerb\u00e4cker. Neben dem Verkauf eines Teils der hergestellten Produkte sowie die Verarbeitung der Ernte unseres [&hellip;]<\/p>\n","protected":false},"author":9192954,"featured_media":0,"parent":0,"menu_order":0,"comment_status":"closed","ping_status":"closed","template":"","meta":{"footnotes":""},"class_list":["post-1044","page","type-page","status-publish","hentry"],"_links":{"self":[{"href":"https:\/\/wordpress.nibis.de\/vossbarg\/wp-json\/wp\/v2\/pages\/1044","targetHints":{"allow":["GET"]}}],"collection":[{"href":"https:\/\/wordpress.nibis.de\/vossbarg\/wp-json\/wp\/v2\/pages"}],"about":[{"href":"https:\/\/wordpress.nibis.de\/vossbarg\/wp-json\/wp\/v2\/types\/page"}],"author":[{"embeddable":true,"href":"https:\/\/wordpress.nibis.de\/vossbarg\/wp-json\/wp\/v2\/users\/9192954"}],"replies":[{"embeddable":true,"href":"https:\/\/wordpress.nibis.de\/vossbarg\/wp-json\/wp\/v2\/comments?post=1044"}],"version-history":[{"count":8,"href":"https:\/\/wordpress.nibis.de\/vossbarg\/wp-json\/wp\/v2\/pages\/1044\/revisions"}],"predecessor-version":[{"id":2309,"href":"https:\/\/wordpress.nibis.de\/vossbarg\/wp-json\/wp\/v2\/pages\/1044\/revisions\/2309"}],"wp:attachment":[{"href":"https:\/\/wordpress.nibis.de\/vossbarg\/wp-json\/wp\/v2\/media?parent=1044"}],"curies":[{"name":"wp","href":"https:\/\/api.w.org\/{rel}","templated":true}]}}