{"id":1114,"date":"2020-11-24T14:29:29","date_gmt":"2020-11-24T13:29:29","guid":{"rendered":"https:\/\/wordpress.nibis.de\/vossbarg\/?page_id=1114"},"modified":"2020-11-24T14:55:10","modified_gmt":"2020-11-24T13:55:10","slug":"gremien","status":"publish","type":"page","link":"https:\/\/wordpress.nibis.de\/vossbarg\/gremien\/","title":{"rendered":"Gremien"},"content":{"rendered":"<p>Die Gremienarbeit liegt uns am Herzen. Wir versuchen so eine gr\u00f6\u00dftm\u00f6gliche Beteiligung von Eltern und Sch\u00fcler_innen zu gew\u00e4hrleisten.<\/p>\n<p><a href=\"https:\/\/wordpress.nibis.de\/vossbarg\/schulvorstand\/\">Schulvorstand<\/a><\/p>\n<p><a href=\"https:\/\/wordpress.nibis.de\/vossbarg\/gesamtkonferenz\/\">Gesamtkonferenz<\/a><\/p>\n<p><a href=\"https:\/\/wordpress.nibis.de\/vossbarg\/schulelternrat\/\">Schulelternrat<\/a><\/p>\n<p><a href=\"https:\/\/wordpress.nibis.de\/vossbarg\/schuelerrat\/\">Sch\u00fclerrat<\/a><\/p>\n<p><a href=\"https:\/\/wordpress.nibis.de\/vossbarg\/personalrat\/\">Schulpersonalrat<\/a><\/p>\n","protected":false},"excerpt":{"rendered":"<p>Die Gremienarbeit liegt uns am Herzen. Wir versuchen so eine gr\u00f6\u00dftm\u00f6gliche Beteiligung von Eltern und Sch\u00fcler_innen zu gew\u00e4hrleisten. Schulvorstand Gesamtkonferenz Schulelternrat Sch\u00fclerrat Schulpersonalrat<\/p>\n","protected":false},"author":9192954,"featured_media":0,"parent":0,"menu_order":0,"comment_status":"closed","ping_status":"closed","template":"","meta":{"footnotes":""},"class_list":["post-1114","page","type-page","status-publish","hentry"],"_links":{"self":[{"href":"https:\/\/wordpress.nibis.de\/vossbarg\/wp-json\/wp\/v2\/pages\/1114","targetHints":{"allow":["GET"]}}],"collection":[{"href":"https:\/\/wordpress.nibis.de\/vossbarg\/wp-json\/wp\/v2\/pages"}],"about":[{"href":"https:\/\/wordpress.nibis.de\/vossbarg\/wp-json\/wp\/v2\/types\/page"}],"author":[{"embeddable":true,"href":"https:\/\/wordpress.nibis.de\/vossbarg\/wp-json\/wp\/v2\/users\/9192954"}],"replies":[{"embeddable":true,"href":"https:\/\/wordpress.nibis.de\/vossbarg\/wp-json\/wp\/v2\/comments?post=1114"}],"version-history":[{"count":3,"href":"https:\/\/wordpress.nibis.de\/vossbarg\/wp-json\/wp\/v2\/pages\/1114\/revisions"}],"predecessor-version":[{"id":1135,"href":"https:\/\/wordpress.nibis.de\/vossbarg\/wp-json\/wp\/v2\/pages\/1114\/revisions\/1135"}],"wp:attachment":[{"href":"https:\/\/wordpress.nibis.de\/vossbarg\/wp-json\/wp\/v2\/media?parent=1114"}],"curies":[{"name":"wp","href":"https:\/\/api.w.org\/{rel}","templated":true}]}}