{"id":1118,"date":"2020-11-24T14:34:52","date_gmt":"2020-11-24T13:34:52","guid":{"rendered":"https:\/\/wordpress.nibis.de\/vossbarg\/?page_id=1118"},"modified":"2020-11-24T14:34:52","modified_gmt":"2020-11-24T13:34:52","slug":"schulvorstand","status":"publish","type":"page","link":"https:\/\/wordpress.nibis.de\/vossbarg\/schulvorstand\/","title":{"rendered":"Schulvorstand"},"content":{"rendered":"\n<p>Der Schulvorstand besteht aus 8 Mitgliedern: der Schulleiter, drei gew\u00e4hlte Vertreter der Lehrkr\u00e4fte, zwei gew\u00e4hlte Vertreter der Eltern, zwei gew\u00e4hlte Vertreter der Sch\u00fcler_innen.<\/p>\n<p>Der Schulvorstand ist das h\u00f6chste Gremien der Schule und hat Befugnisse nach Par. 38a des Nieders\u00e4chsischen Schulgesetzes. Ziel dieses Gremiums ist es die Qualit\u00e4tsentwicklung der Schule zu gestalten.<\/p>\n","protected":false},"excerpt":{"rendered":"<p>Der Schulvorstand besteht aus 8 Mitgliedern: der Schulleiter, drei gew\u00e4hlte Vertreter der Lehrkr\u00e4fte, zwei gew\u00e4hlte Vertreter der Eltern, zwei gew\u00e4hlte Vertreter der Sch\u00fcler_innen. Der Schulvorstand ist das h\u00f6chste Gremien der Schule und hat Befugnisse nach Par. 38a des Nieders\u00e4chsischen Schulgesetzes. Ziel dieses Gremiums ist es die Qualit\u00e4tsentwicklung der Schule zu gestalten.<\/p>\n","protected":false},"author":9192954,"featured_media":0,"parent":0,"menu_order":0,"comment_status":"closed","ping_status":"closed","template":"","meta":{"footnotes":""},"class_list":["post-1118","page","type-page","status-publish","hentry"],"_links":{"self":[{"href":"https:\/\/wordpress.nibis.de\/vossbarg\/wp-json\/wp\/v2\/pages\/1118","targetHints":{"allow":["GET"]}}],"collection":[{"href":"https:\/\/wordpress.nibis.de\/vossbarg\/wp-json\/wp\/v2\/pages"}],"about":[{"href":"https:\/\/wordpress.nibis.de\/vossbarg\/wp-json\/wp\/v2\/types\/page"}],"author":[{"embeddable":true,"href":"https:\/\/wordpress.nibis.de\/vossbarg\/wp-json\/wp\/v2\/users\/9192954"}],"replies":[{"embeddable":true,"href":"https:\/\/wordpress.nibis.de\/vossbarg\/wp-json\/wp\/v2\/comments?post=1118"}],"version-history":[{"count":1,"href":"https:\/\/wordpress.nibis.de\/vossbarg\/wp-json\/wp\/v2\/pages\/1118\/revisions"}],"predecessor-version":[{"id":1119,"href":"https:\/\/wordpress.nibis.de\/vossbarg\/wp-json\/wp\/v2\/pages\/1118\/revisions\/1119"}],"wp:attachment":[{"href":"https:\/\/wordpress.nibis.de\/vossbarg\/wp-json\/wp\/v2\/media?parent=1118"}],"curies":[{"name":"wp","href":"https:\/\/api.w.org\/{rel}","templated":true}]}}