{"id":1120,"date":"2020-11-24T14:42:54","date_gmt":"2020-11-24T13:42:54","guid":{"rendered":"https:\/\/wordpress.nibis.de\/vossbarg\/?page_id=1120"},"modified":"2020-11-24T14:42:54","modified_gmt":"2020-11-24T13:42:54","slug":"gesamtkonferenz","status":"publish","type":"page","link":"https:\/\/wordpress.nibis.de\/vossbarg\/gesamtkonferenz\/","title":{"rendered":"Gesamtkonferenz"},"content":{"rendered":"\n<p>Die Gesamtkonferenz setzt sich zusammen aus dem Schulleiter, den an der Schule t\u00e4tigen Lehrkr\u00e4ften, den Lehramtsanw\u00e4rter_innen, den p\u00e4dagogischen Mitarbeiter_innen, einem Vertreter der sonstigen Mitarbeiter_innen der Schule, sechs Vertreter_innen der Eltern sowie sechs Vertreter_innen der Sch\u00fcler_innen.<\/p>\n<p>Die Gesamtkonferenz entscheidet \u00fcber wichtige p\u00e4dagogische Angelegenheiten der Schule und regelt die Zust\u00e4ndigkeiten von Fach- sowie Klassenkonferenzen.<\/p>\n","protected":false},"excerpt":{"rendered":"<p>Die Gesamtkonferenz setzt sich zusammen aus dem Schulleiter, den an der Schule t\u00e4tigen Lehrkr\u00e4ften, den Lehramtsanw\u00e4rter_innen, den p\u00e4dagogischen Mitarbeiter_innen, einem Vertreter der sonstigen Mitarbeiter_innen der Schule, sechs Vertreter_innen der Eltern sowie sechs Vertreter_innen der Sch\u00fcler_innen. Die Gesamtkonferenz entscheidet \u00fcber wichtige p\u00e4dagogische Angelegenheiten der Schule und regelt die Zust\u00e4ndigkeiten von Fach- sowie Klassenkonferenzen.<\/p>\n","protected":false},"author":9192954,"featured_media":0,"parent":0,"menu_order":0,"comment_status":"closed","ping_status":"closed","template":"","meta":{"footnotes":""},"class_list":["post-1120","page","type-page","status-publish","hentry"],"_links":{"self":[{"href":"https:\/\/wordpress.nibis.de\/vossbarg\/wp-json\/wp\/v2\/pages\/1120","targetHints":{"allow":["GET"]}}],"collection":[{"href":"https:\/\/wordpress.nibis.de\/vossbarg\/wp-json\/wp\/v2\/pages"}],"about":[{"href":"https:\/\/wordpress.nibis.de\/vossbarg\/wp-json\/wp\/v2\/types\/page"}],"author":[{"embeddable":true,"href":"https:\/\/wordpress.nibis.de\/vossbarg\/wp-json\/wp\/v2\/users\/9192954"}],"replies":[{"embeddable":true,"href":"https:\/\/wordpress.nibis.de\/vossbarg\/wp-json\/wp\/v2\/comments?post=1120"}],"version-history":[{"count":1,"href":"https:\/\/wordpress.nibis.de\/vossbarg\/wp-json\/wp\/v2\/pages\/1120\/revisions"}],"predecessor-version":[{"id":1121,"href":"https:\/\/wordpress.nibis.de\/vossbarg\/wp-json\/wp\/v2\/pages\/1120\/revisions\/1121"}],"wp:attachment":[{"href":"https:\/\/wordpress.nibis.de\/vossbarg\/wp-json\/wp\/v2\/media?parent=1120"}],"curies":[{"name":"wp","href":"https:\/\/api.w.org\/{rel}","templated":true}]}}