{"id":1124,"date":"2020-11-24T14:47:12","date_gmt":"2020-11-24T13:47:12","guid":{"rendered":"https:\/\/wordpress.nibis.de\/vossbarg\/?page_id=1124"},"modified":"2020-11-24T14:47:12","modified_gmt":"2020-11-24T13:47:12","slug":"schuelerrat","status":"publish","type":"page","link":"https:\/\/wordpress.nibis.de\/vossbarg\/schuelerrat\/","title":{"rendered":"Sch\u00fclerrat"},"content":{"rendered":"\n<p>Der Sch\u00fclerrat setzt sich zusammen aus den Klassensprecher_innen und deren Stellvertreter_innen aller Klasse der Schule. Er vertritt die Interessen der Sch\u00fcler_innen und entsendet Mitglieder in den Gemeindesch\u00fclerrat, in den Kreissch\u00fclerrat, in die Gesamtkonferenz und in den Schulvorstand.<\/p>\n","protected":false},"excerpt":{"rendered":"<p>Der Sch\u00fclerrat setzt sich zusammen aus den Klassensprecher_innen und deren Stellvertreter_innen aller Klasse der Schule. Er vertritt die Interessen der Sch\u00fcler_innen und entsendet Mitglieder in den Gemeindesch\u00fclerrat, in den Kreissch\u00fclerrat, in die Gesamtkonferenz und in den Schulvorstand.<\/p>\n","protected":false},"author":9192954,"featured_media":0,"parent":0,"menu_order":0,"comment_status":"closed","ping_status":"closed","template":"","meta":{"footnotes":""},"class_list":["post-1124","page","type-page","status-publish","hentry"],"_links":{"self":[{"href":"https:\/\/wordpress.nibis.de\/vossbarg\/wp-json\/wp\/v2\/pages\/1124","targetHints":{"allow":["GET"]}}],"collection":[{"href":"https:\/\/wordpress.nibis.de\/vossbarg\/wp-json\/wp\/v2\/pages"}],"about":[{"href":"https:\/\/wordpress.nibis.de\/vossbarg\/wp-json\/wp\/v2\/types\/page"}],"author":[{"embeddable":true,"href":"https:\/\/wordpress.nibis.de\/vossbarg\/wp-json\/wp\/v2\/users\/9192954"}],"replies":[{"embeddable":true,"href":"https:\/\/wordpress.nibis.de\/vossbarg\/wp-json\/wp\/v2\/comments?post=1124"}],"version-history":[{"count":1,"href":"https:\/\/wordpress.nibis.de\/vossbarg\/wp-json\/wp\/v2\/pages\/1124\/revisions"}],"predecessor-version":[{"id":1125,"href":"https:\/\/wordpress.nibis.de\/vossbarg\/wp-json\/wp\/v2\/pages\/1124\/revisions\/1125"}],"wp:attachment":[{"href":"https:\/\/wordpress.nibis.de\/vossbarg\/wp-json\/wp\/v2\/media?parent=1124"}],"curies":[{"name":"wp","href":"https:\/\/api.w.org\/{rel}","templated":true}]}}