{"id":1126,"date":"2020-11-24T14:49:36","date_gmt":"2020-11-24T13:49:36","guid":{"rendered":"https:\/\/wordpress.nibis.de\/vossbarg\/?page_id=1126"},"modified":"2020-11-24T14:49:36","modified_gmt":"2020-11-24T13:49:36","slug":"personalrat","status":"publish","type":"page","link":"https:\/\/wordpress.nibis.de\/vossbarg\/personalrat\/","title":{"rendered":"Personalrat"},"content":{"rendered":"\n<p>Der Personalrat vertritt die Interessen der Lehrkr\u00e4fte und weiteren Mitarbeiter vor allem gegen\u00fcber der Schulleitung. Er wird alle drei Jahre neu gew\u00e4hlt und setzt sich aus drei Lehrkr\u00e4ften zusammen.<\/p>\n<p>Derzeit geh\u00f6ren Frau Unger, Herr Wronski und Herr Schmutte dem Personalrat an. Zu erreichen ist er unter: &#112;&#x65;r&#115;&#x6f;&#110;&#x61;l&#114;&#x61;t&#x40;&#x73;&#97;&#x76;-&#114;&#x61;s&#x74;&#x65;&#100;&#x65;&#46;&#100;&#x65;<\/p>\n","protected":false},"excerpt":{"rendered":"<p>Der Personalrat vertritt die Interessen der Lehrkr\u00e4fte und weiteren Mitarbeiter vor allem gegen\u00fcber der Schulleitung. Er wird alle drei Jahre neu gew\u00e4hlt und setzt sich aus drei Lehrkr\u00e4ften zusammen. Derzeit geh\u00f6ren Frau Unger, Herr Wronski und Herr Schmutte dem Personalrat an. Zu erreichen ist er unter: &#x70;&#x65;&#114;s&#x6f;&#x6e;&#x61;&#108;r&#x61;&#x74;&#x40;&#115;a&#x76;&#x2d;&#x72;&#97;s&#x74;&#x65;&#x64;&#101;&#46;&#x64;&#x65;<\/p>\n","protected":false},"author":9192954,"featured_media":0,"parent":0,"menu_order":0,"comment_status":"closed","ping_status":"closed","template":"","meta":{"footnotes":""},"class_list":["post-1126","page","type-page","status-publish","hentry"],"_links":{"self":[{"href":"https:\/\/wordpress.nibis.de\/vossbarg\/wp-json\/wp\/v2\/pages\/1126","targetHints":{"allow":["GET"]}}],"collection":[{"href":"https:\/\/wordpress.nibis.de\/vossbarg\/wp-json\/wp\/v2\/pages"}],"about":[{"href":"https:\/\/wordpress.nibis.de\/vossbarg\/wp-json\/wp\/v2\/types\/page"}],"author":[{"embeddable":true,"href":"https:\/\/wordpress.nibis.de\/vossbarg\/wp-json\/wp\/v2\/users\/9192954"}],"replies":[{"embeddable":true,"href":"https:\/\/wordpress.nibis.de\/vossbarg\/wp-json\/wp\/v2\/comments?post=1126"}],"version-history":[{"count":1,"href":"https:\/\/wordpress.nibis.de\/vossbarg\/wp-json\/wp\/v2\/pages\/1126\/revisions"}],"predecessor-version":[{"id":1127,"href":"https:\/\/wordpress.nibis.de\/vossbarg\/wp-json\/wp\/v2\/pages\/1126\/revisions\/1127"}],"wp:attachment":[{"href":"https:\/\/wordpress.nibis.de\/vossbarg\/wp-json\/wp\/v2\/media?parent=1126"}],"curies":[{"name":"wp","href":"https:\/\/api.w.org\/{rel}","templated":true}]}}