{"id":1136,"date":"2020-11-26T09:33:35","date_gmt":"2020-11-26T08:33:35","guid":{"rendered":"https:\/\/wordpress.nibis.de\/vossbarg\/?page_id=1136"},"modified":"2023-09-06T19:35:04","modified_gmt":"2023-09-06T17:35:04","slug":"schulkonzept","status":"publish","type":"page","link":"https:\/\/wordpress.nibis.de\/vossbarg\/schulkonzept\/","title":{"rendered":"Schulkonzept"},"content":{"rendered":"<p>J\u00e4hrlich ver\u00f6ffentlichen wir hier unser Schulprofil:<\/p>\n<p><a href=\"https:\/\/wordpress.nibis.de\/vossbarg\/files\/2023\/09\/Schulprofil-2023-24-Schule-am-Vossbarg.pdf\">Schulprofil 2023-24 &#8211; Schule am Vo\u00dfbarg<\/a><\/p>\n<p>Weitere Konzepte unserer Schule folgen.<\/p>\n\n\n<p><\/p>\n","protected":false},"excerpt":{"rendered":"<p>J\u00e4hrlich ver\u00f6ffentlichen wir hier unser Schulprofil: Schulprofil 2023-24 &#8211; Schule am Vo\u00dfbarg Weitere Konzepte unserer Schule folgen.<\/p>\n","protected":false},"author":9192954,"featured_media":0,"parent":0,"menu_order":0,"comment_status":"closed","ping_status":"closed","template":"","meta":{"footnotes":""},"class_list":["post-1136","page","type-page","status-publish","hentry"],"_links":{"self":[{"href":"https:\/\/wordpress.nibis.de\/vossbarg\/wp-json\/wp\/v2\/pages\/1136","targetHints":{"allow":["GET"]}}],"collection":[{"href":"https:\/\/wordpress.nibis.de\/vossbarg\/wp-json\/wp\/v2\/pages"}],"about":[{"href":"https:\/\/wordpress.nibis.de\/vossbarg\/wp-json\/wp\/v2\/types\/page"}],"author":[{"embeddable":true,"href":"https:\/\/wordpress.nibis.de\/vossbarg\/wp-json\/wp\/v2\/users\/9192954"}],"replies":[{"embeddable":true,"href":"https:\/\/wordpress.nibis.de\/vossbarg\/wp-json\/wp\/v2\/comments?post=1136"}],"version-history":[{"count":3,"href":"https:\/\/wordpress.nibis.de\/vossbarg\/wp-json\/wp\/v2\/pages\/1136\/revisions"}],"predecessor-version":[{"id":1666,"href":"https:\/\/wordpress.nibis.de\/vossbarg\/wp-json\/wp\/v2\/pages\/1136\/revisions\/1666"}],"wp:attachment":[{"href":"https:\/\/wordpress.nibis.de\/vossbarg\/wp-json\/wp\/v2\/media?parent=1136"}],"curies":[{"name":"wp","href":"https:\/\/api.w.org\/{rel}","templated":true}]}}