{"id":1140,"date":"2020-11-26T10:08:19","date_gmt":"2020-11-26T09:08:19","guid":{"rendered":"https:\/\/wordpress.nibis.de\/vossbarg\/?page_id=1140"},"modified":"2021-02-16T07:54:55","modified_gmt":"2021-02-16T06:54:55","slug":"mobiler-dienst-ese","status":"publish","type":"page","link":"https:\/\/wordpress.nibis.de\/vossbarg\/mobiler-dienst-ese\/","title":{"rendered":"Mobiler Dienst ESE"},"content":{"rendered":"<p>Die Schule am Vo\u00dfbarg ist ein F\u00f6rderzentrum. Dies bedeutet, dass die sonderp\u00e4dagogische Grundversorgung an den umliegenden Schulen von uns gew\u00e4hrleistet wird.<\/p>\n<p>Dar\u00fcberhinaus gibt es die M\u00f6glichkeit f\u00fcr Sch\u00fcler_innen mit besonderem F\u00f6rderbedarf im Bereich der emotionalen und sozialen Entwicklung Beratung und Unterst\u00fctzung aus unserer Schule anzufordern. Diese Aufgabe \u00fcbernehmen die Kolleg_innen aus dem Mobilen Dienst ESE. Die Sch\u00fcler_innen m\u00fcssen dazu noch keinen festgestellten F\u00f6rderbedarf vorweisen. Der F\u00f6rderbedarf kann, muss aber nicht, im Prozess entstehen. Der Mobile Dienst ber\u00e4t Lehrkr\u00e4fte der allgemeinen Schulen, Eltern von betroffenen Sch\u00fcler_innen und \/ oder die Sch\u00fcler_innen selbst.<\/p>\n<p>\u00a0<\/p>\n<p><strong>Erhebungsbogen (f\u00fcr Schulen)<\/strong><\/p>\n\n\n<div class=\"wp-block-file\"><a href=\"https:\/\/wordpress.nibis.de\/vossbarg\/files\/2021\/02\/Erhebungsbogen-MD-11_20.docx\">Erhebungsbogen MD 11_20<\/a><a href=\"https:\/\/wordpress.nibis.de\/vossbarg\/files\/2021\/02\/Erhebungsbogen-MD-11_20.docx\" class=\"wp-block-file__button\" download>Herunterladen<\/a><\/div>\n","protected":false},"excerpt":{"rendered":"<p>Die Schule am Vo\u00dfbarg ist ein F\u00f6rderzentrum. Dies bedeutet, dass die sonderp\u00e4dagogische Grundversorgung an den umliegenden Schulen von uns gew\u00e4hrleistet wird. Dar\u00fcberhinaus gibt es die M\u00f6glichkeit f\u00fcr Sch\u00fcler_innen mit besonderem F\u00f6rderbedarf im Bereich der emotionalen und sozialen Entwicklung Beratung und Unterst\u00fctzung aus unserer Schule anzufordern. Diese Aufgabe \u00fcbernehmen die Kolleg_innen aus dem Mobilen Dienst ESE. [&hellip;]<\/p>\n","protected":false},"author":9192954,"featured_media":0,"parent":0,"menu_order":0,"comment_status":"closed","ping_status":"closed","template":"","meta":{"footnotes":""},"class_list":["post-1140","page","type-page","status-publish","hentry"],"_links":{"self":[{"href":"https:\/\/wordpress.nibis.de\/vossbarg\/wp-json\/wp\/v2\/pages\/1140","targetHints":{"allow":["GET"]}}],"collection":[{"href":"https:\/\/wordpress.nibis.de\/vossbarg\/wp-json\/wp\/v2\/pages"}],"about":[{"href":"https:\/\/wordpress.nibis.de\/vossbarg\/wp-json\/wp\/v2\/types\/page"}],"author":[{"embeddable":true,"href":"https:\/\/wordpress.nibis.de\/vossbarg\/wp-json\/wp\/v2\/users\/9192954"}],"replies":[{"embeddable":true,"href":"https:\/\/wordpress.nibis.de\/vossbarg\/wp-json\/wp\/v2\/comments?post=1140"}],"version-history":[{"count":3,"href":"https:\/\/wordpress.nibis.de\/vossbarg\/wp-json\/wp\/v2\/pages\/1140\/revisions"}],"predecessor-version":[{"id":1228,"href":"https:\/\/wordpress.nibis.de\/vossbarg\/wp-json\/wp\/v2\/pages\/1140\/revisions\/1228"}],"wp:attachment":[{"href":"https:\/\/wordpress.nibis.de\/vossbarg\/wp-json\/wp\/v2\/media?parent=1140"}],"curies":[{"name":"wp","href":"https:\/\/api.w.org\/{rel}","templated":true}]}}