{"id":1424,"date":"2022-01-19T14:25:30","date_gmt":"2022-01-19T13:25:30","guid":{"rendered":"https:\/\/wordpress.nibis.de\/vossbarg\/?page_id=1424"},"modified":"2026-01-23T13:11:59","modified_gmt":"2026-01-23T12:11:59","slug":"holztechnik","status":"publish","type":"page","link":"https:\/\/wordpress.nibis.de\/vossbarg\/holztechnik\/","title":{"rendered":"Holztechnik ( Herr M\u00f6dden)"},"content":{"rendered":"\n<p>Holztechnik-AG \u2013 Kreativ werden mit Holz! Du hast Lust, mit deinen eigenen H\u00e4nden etwas zu schaffen? Dann ist die Holztechnik-AG genau das Richtige f\u00fcr dich! Hier lernst du den richtigen Umgang mit Holz, Werkzeugen und Maschinen. Ob kleine M\u00f6belst\u00fccke, praktische Alltagsgegenst\u00e4nde oder dekorative Werke \u2013 deiner Kreativit\u00e4t sind (fast) keine Grenzen gesetzt!<\/p>\n\n\n\n<figure class=\"wp-block-image size-large is-resized\"><img loading=\"lazy\" decoding=\"async\" width=\"1200\" height=\"675\" src=\"https:\/\/wordpress.nibis.de\/vossbarg\/files\/2026\/01\/IMG_0131-1200x675.jpeg\" alt=\"\" class=\"wp-image-2302\" style=\"width:658px;height:auto\" srcset=\"https:\/\/wordpress.nibis.de\/vossbarg\/files\/2026\/01\/IMG_0131-1200x675.jpeg 1200w, https:\/\/wordpress.nibis.de\/vossbarg\/files\/2026\/01\/IMG_0131-850x478.jpeg 850w, https:\/\/wordpress.nibis.de\/vossbarg\/files\/2026\/01\/IMG_0131-250x141.jpeg 250w\" sizes=\"auto, (max-width: 1200px) 100vw, 1200px\" \/><\/figure>\n","protected":false},"excerpt":{"rendered":"<p>Holztechnik-AG \u2013 Kreativ werden mit Holz! Du hast Lust, mit deinen eigenen H\u00e4nden etwas zu schaffen? Dann ist die Holztechnik-AG genau das Richtige f\u00fcr dich! Hier lernst du den richtigen Umgang mit Holz, Werkzeugen und Maschinen. Ob kleine M\u00f6belst\u00fccke, praktische Alltagsgegenst\u00e4nde oder dekorative Werke \u2013 deiner Kreativit\u00e4t sind (fast) keine Grenzen gesetzt!<\/p>\n","protected":false},"author":9192954,"featured_media":0,"parent":0,"menu_order":0,"comment_status":"closed","ping_status":"closed","template":"","meta":{"footnotes":""},"class_list":["post-1424","page","type-page","status-publish","hentry"],"_links":{"self":[{"href":"https:\/\/wordpress.nibis.de\/vossbarg\/wp-json\/wp\/v2\/pages\/1424","targetHints":{"allow":["GET"]}}],"collection":[{"href":"https:\/\/wordpress.nibis.de\/vossbarg\/wp-json\/wp\/v2\/pages"}],"about":[{"href":"https:\/\/wordpress.nibis.de\/vossbarg\/wp-json\/wp\/v2\/types\/page"}],"author":[{"embeddable":true,"href":"https:\/\/wordpress.nibis.de\/vossbarg\/wp-json\/wp\/v2\/users\/9192954"}],"replies":[{"embeddable":true,"href":"https:\/\/wordpress.nibis.de\/vossbarg\/wp-json\/wp\/v2\/comments?post=1424"}],"version-history":[{"count":5,"href":"https:\/\/wordpress.nibis.de\/vossbarg\/wp-json\/wp\/v2\/pages\/1424\/revisions"}],"predecessor-version":[{"id":2308,"href":"https:\/\/wordpress.nibis.de\/vossbarg\/wp-json\/wp\/v2\/pages\/1424\/revisions\/2308"}],"wp:attachment":[{"href":"https:\/\/wordpress.nibis.de\/vossbarg\/wp-json\/wp\/v2\/media?parent=1424"}],"curies":[{"name":"wp","href":"https:\/\/api.w.org\/{rel}","templated":true}]}}