{"id":1428,"date":"2022-01-19T14:25:55","date_gmt":"2022-01-19T13:25:55","guid":{"rendered":"https:\/\/wordpress.nibis.de\/vossbarg\/?page_id=1428"},"modified":"2026-02-21T15:47:07","modified_gmt":"2026-02-21T14:47:07","slug":"fahrrad","status":"publish","type":"page","link":"https:\/\/wordpress.nibis.de\/vossbarg\/fahrrad\/","title":{"rendered":"Fahrrad(Frau Hillmert und Herr M\u00f6dden)"},"content":{"rendered":"\n<p>Eines unsere Highlights ist die <strong>Fahrrad AG<\/strong>, in der Sch\u00fcler lernen, wie man Fahrr\u00e4der repariert und wartet. In dieser AG k\u00f6nnen die Jugendlichen ihre handwerklichen Fertigkeiten verbessern und sich auf die richtige Pflege von Fahrr\u00e4dern spezialisieren. Die AG bietet dabei eine tolle M\u00f6glichkeit, Verantwortung zu \u00fcbernehmen und teamorientiert zu arbeiten, w\u00e4hrend sie gleichzeitig ein wichtiges praktisches Wissen f\u00fcr den Alltag erwerben. So wird der Unterricht an der Schule am Vossbarg durch praxisnahe Angebote wie die Fahrrad AG noch vielf\u00e4ltiger und spannender.<\/p>\n\n\n\n<figure class=\"wp-block-image size-large is-resized\"><img loading=\"lazy\" decoding=\"async\" width=\"1200\" height=\"675\" src=\"https:\/\/wordpress.nibis.de\/vossbarg\/files\/2026\/01\/IMG_0132-1200x675.jpeg\" alt=\"\" class=\"wp-image-2303\" style=\"width:602px;height:auto\" srcset=\"https:\/\/wordpress.nibis.de\/vossbarg\/files\/2026\/01\/IMG_0132-1200x675.jpeg 1200w, https:\/\/wordpress.nibis.de\/vossbarg\/files\/2026\/01\/IMG_0132-850x478.jpeg 850w, https:\/\/wordpress.nibis.de\/vossbarg\/files\/2026\/01\/IMG_0132-250x141.jpeg 250w\" sizes=\"auto, (max-width: 1200px) 100vw, 1200px\" \/><\/figure>\n","protected":false},"excerpt":{"rendered":"<p>Eines unsere Highlights ist die Fahrrad AG, in der Sch\u00fcler lernen, wie man Fahrr\u00e4der repariert und wartet. In dieser AG k\u00f6nnen die Jugendlichen ihre handwerklichen Fertigkeiten verbessern und sich auf die richtige Pflege von Fahrr\u00e4dern spezialisieren. Die AG bietet dabei eine tolle M\u00f6glichkeit, Verantwortung zu \u00fcbernehmen und teamorientiert zu arbeiten, w\u00e4hrend sie gleichzeitig ein wichtiges [&hellip;]<\/p>\n","protected":false},"author":9192954,"featured_media":0,"parent":0,"menu_order":0,"comment_status":"closed","ping_status":"closed","template":"","meta":{"footnotes":""},"class_list":["post-1428","page","type-page","status-publish","hentry"],"_links":{"self":[{"href":"https:\/\/wordpress.nibis.de\/vossbarg\/wp-json\/wp\/v2\/pages\/1428","targetHints":{"allow":["GET"]}}],"collection":[{"href":"https:\/\/wordpress.nibis.de\/vossbarg\/wp-json\/wp\/v2\/pages"}],"about":[{"href":"https:\/\/wordpress.nibis.de\/vossbarg\/wp-json\/wp\/v2\/types\/page"}],"author":[{"embeddable":true,"href":"https:\/\/wordpress.nibis.de\/vossbarg\/wp-json\/wp\/v2\/users\/9192954"}],"replies":[{"embeddable":true,"href":"https:\/\/wordpress.nibis.de\/vossbarg\/wp-json\/wp\/v2\/comments?post=1428"}],"version-history":[{"count":5,"href":"https:\/\/wordpress.nibis.de\/vossbarg\/wp-json\/wp\/v2\/pages\/1428\/revisions"}],"predecessor-version":[{"id":2361,"href":"https:\/\/wordpress.nibis.de\/vossbarg\/wp-json\/wp\/v2\/pages\/1428\/revisions\/2361"}],"wp:attachment":[{"href":"https:\/\/wordpress.nibis.de\/vossbarg\/wp-json\/wp\/v2\/media?parent=1428"}],"curies":[{"name":"wp","href":"https:\/\/api.w.org\/{rel}","templated":true}]}}