{"id":1716,"date":"2024-09-19T14:55:54","date_gmt":"2024-09-19T12:55:54","guid":{"rendered":"https:\/\/wordpress.nibis.de\/vossbarg\/?page_id=1716"},"modified":"2024-11-28T14:52:26","modified_gmt":"2024-11-28T13:52:26","slug":"herr-willers","status":"publish","type":"page","link":"https:\/\/wordpress.nibis.de\/vossbarg\/herr-willers\/","title":{"rendered":"Herr Willers"},"content":{"rendered":"\n<p><strong>Was unterrichten sie?<\/strong><\/p>\n\n\n\n<p>Ich unterrichte Deutsch, Technik, Sport und Projekt.<\/p>\n\n\n\n<p><strong>Welche Hobbys haben  sie?<\/strong><\/p>\n\n\n\n<p>Ich fahre gerne Fahrrad. Ich fahre gerne Touren, mit der Familie, mit Freunden aber auch alleine.<\/p>\n\n\n\n<p><strong>Was ist ihr Lieblingsessen? <\/strong><\/p>\n\n\n\n<p>Mein Lieblingsessen ist eigentlich ganz einfach. Ich esse total gerne Spaghetti mit Pesto, am liebsten dieses Pesto Calabrese. Das ist so ein bisschen scharf. Dazu Cocktailtomaten und dann gibt&#8217;s da noch einen richtig leckeren Schafsk\u00e4se, den br\u00f6sel ich mir dar\u00fcber.<\/p>\n\n\n\n<p><strong>Was ist ihr Lieblingsfilm?<\/strong><\/p>\n\n\n\n<p>Ich gucke gerne Tatortreiniger und alles mit Bjarne M\u00e4del.<\/p>\n\n\n\n<p><strong>Welche Musik h\u00f6ren sie?<\/strong><\/p>\n\n\n\n<p>Ich h\u00f6re gerne Hip Hop amerikanischen Style und Indi.<\/p>\n\n\n\n<p>Macht ihnen Ihre Arbeit Spa\u00df?<\/p>\n\n\n\n<p>Meine Arbeit macht mir Spa\u00df, nur zwischen der 5. und 6. Stunde haben die Sch\u00fclerinnen und Sch\u00fcler nicht mehr so viel Bock, da macht es dann nicht so viel Freude.<\/p>\n\n\n\n<p><\/p>\n","protected":false},"excerpt":{"rendered":"<p>Was unterrichten sie? Ich unterrichte Deutsch, Technik, Sport und Projekt. Welche Hobbys haben sie? Ich fahre gerne Fahrrad. Ich fahre gerne Touren, mit der Familie, mit Freunden aber auch alleine. Was ist ihr Lieblingsessen? Mein Lieblingsessen ist eigentlich ganz einfach. Ich esse total gerne Spaghetti mit Pesto, am liebsten dieses Pesto Calabrese. Das ist so [&hellip;]<\/p>\n","protected":false},"author":9192954,"featured_media":0,"parent":0,"menu_order":0,"comment_status":"closed","ping_status":"closed","template":"","meta":{"footnotes":""},"class_list":["post-1716","page","type-page","status-publish","hentry"],"_links":{"self":[{"href":"https:\/\/wordpress.nibis.de\/vossbarg\/wp-json\/wp\/v2\/pages\/1716","targetHints":{"allow":["GET"]}}],"collection":[{"href":"https:\/\/wordpress.nibis.de\/vossbarg\/wp-json\/wp\/v2\/pages"}],"about":[{"href":"https:\/\/wordpress.nibis.de\/vossbarg\/wp-json\/wp\/v2\/types\/page"}],"author":[{"embeddable":true,"href":"https:\/\/wordpress.nibis.de\/vossbarg\/wp-json\/wp\/v2\/users\/9192954"}],"replies":[{"embeddable":true,"href":"https:\/\/wordpress.nibis.de\/vossbarg\/wp-json\/wp\/v2\/comments?post=1716"}],"version-history":[{"count":4,"href":"https:\/\/wordpress.nibis.de\/vossbarg\/wp-json\/wp\/v2\/pages\/1716\/revisions"}],"predecessor-version":[{"id":1759,"href":"https:\/\/wordpress.nibis.de\/vossbarg\/wp-json\/wp\/v2\/pages\/1716\/revisions\/1759"}],"wp:attachment":[{"href":"https:\/\/wordpress.nibis.de\/vossbarg\/wp-json\/wp\/v2\/media?parent=1716"}],"curies":[{"name":"wp","href":"https:\/\/api.w.org\/{rel}","templated":true}]}}