{"id":1743,"date":"2024-11-14T15:36:51","date_gmt":"2024-11-14T14:36:51","guid":{"rendered":"https:\/\/wordpress.nibis.de\/vossbarg\/?page_id=1743"},"modified":"2025-01-09T14:31:27","modified_gmt":"2025-01-09T13:31:27","slug":"herr-moedden","status":"publish","type":"page","link":"https:\/\/wordpress.nibis.de\/vossbarg\/herr-moedden\/","title":{"rendered":"Herr M\u00f6dden"},"content":{"rendered":"\n<p><strong>Was ist ihr Lieblingsessen ?<\/strong><\/p>\n\n\n\n<p>Steak<\/p>\n\n\n\n<p><strong>Was ist  ihre Lieblingsfarbe ?<\/strong><\/p>\n\n\n\n<p>Blau<\/p>\n\n\n\n<p><strong>Was ist ihre Lieblingsautomarke?<\/strong><\/p>\n\n\n\n<p>Ich habe keine.<\/p>\n\n\n\n<p><strong>Was unterrichten sie ?<\/strong><\/p>\n\n\n\n<p>Alle F\u00e4cher au\u00dfer deutsch!<\/p>\n\n\n\n<p><strong>Was sind ihre Hobbys ?<\/strong><\/p>\n\n\n\n<p>Fu\u00dfball,Tennis,Ski,Musik, und mit meiner MK2 durch die Gegend zu fahren. Ach ja, ich verreise gerne mit meinem LT 28 (&#8222;Das M\u00f6ddenmobil&#8220;).<\/p>\n\n\n\n<p><strong>Was ist ihre Lieblingsmusik?<\/strong><\/p>\n\n\n\n<p>Das kann ich  nicht sagen,da ich viele Musikrichtungen h\u00f6re. U.A. Power-Cross.Da kenne eine gute Band<\/p>\n\n\n\n<p><strong>Was ist ihr Liebingsfilm?<\/strong><\/p>\n\n\n\n<p>Ich habe mehrere.Meine Favoriten sind, Spiel mir das Lied vom Tod und Einer flog \u00fcbers Kuckucksnest!<\/p>\n\n\n\n<p><strong>Was ist ihr Lieblingsverein?<\/strong><\/p>\n\n\n\n<p>WerderBremen!<\/p>\n","protected":false},"excerpt":{"rendered":"<p>Was ist ihr Lieblingsessen ? Steak Was ist ihre Lieblingsfarbe ? Blau Was ist ihre Lieblingsautomarke? Ich habe keine. Was unterrichten sie ? Alle F\u00e4cher au\u00dfer deutsch! Was sind ihre Hobbys ? Fu\u00dfball,Tennis,Ski,Musik, und mit meiner MK2 durch die Gegend zu fahren. Ach ja, ich verreise gerne mit meinem LT 28 (&#8222;Das M\u00f6ddenmobil&#8220;). Was ist [&hellip;]<\/p>\n","protected":false},"author":9192954,"featured_media":0,"parent":0,"menu_order":0,"comment_status":"closed","ping_status":"closed","template":"","meta":{"footnotes":""},"class_list":["post-1743","page","type-page","status-publish","hentry"],"_links":{"self":[{"href":"https:\/\/wordpress.nibis.de\/vossbarg\/wp-json\/wp\/v2\/pages\/1743","targetHints":{"allow":["GET"]}}],"collection":[{"href":"https:\/\/wordpress.nibis.de\/vossbarg\/wp-json\/wp\/v2\/pages"}],"about":[{"href":"https:\/\/wordpress.nibis.de\/vossbarg\/wp-json\/wp\/v2\/types\/page"}],"author":[{"embeddable":true,"href":"https:\/\/wordpress.nibis.de\/vossbarg\/wp-json\/wp\/v2\/users\/9192954"}],"replies":[{"embeddable":true,"href":"https:\/\/wordpress.nibis.de\/vossbarg\/wp-json\/wp\/v2\/comments?post=1743"}],"version-history":[{"count":6,"href":"https:\/\/wordpress.nibis.de\/vossbarg\/wp-json\/wp\/v2\/pages\/1743\/revisions"}],"predecessor-version":[{"id":1768,"href":"https:\/\/wordpress.nibis.de\/vossbarg\/wp-json\/wp\/v2\/pages\/1743\/revisions\/1768"}],"wp:attachment":[{"href":"https:\/\/wordpress.nibis.de\/vossbarg\/wp-json\/wp\/v2\/media?parent=1743"}],"curies":[{"name":"wp","href":"https:\/\/api.w.org\/{rel}","templated":true}]}}