{"id":1745,"date":"2024-11-28T14:34:11","date_gmt":"2024-11-28T13:34:11","guid":{"rendered":"https:\/\/wordpress.nibis.de\/vossbarg\/?page_id=1745"},"modified":"2024-11-28T14:34:12","modified_gmt":"2024-11-28T13:34:12","slug":"herr-wronski","status":"publish","type":"page","link":"https:\/\/wordpress.nibis.de\/vossbarg\/herr-wronski\/","title":{"rendered":"Herr Wronski"},"content":{"rendered":"\n<p><strong>Was ist ihre Lieblingsfarbe?<\/strong><\/p>\n\n\n\n<p>gr\u00fcn\/wei\u00df<\/p>\n\n\n\n<p><strong>Was ist ihre Lieblingsautomarke<\/strong>?<\/p>\n\n\n\n<p>Volvo<\/p>\n\n\n\n<p><strong>Was unterrichten Sie<\/strong>?<\/p>\n\n\n\n<p>Alles au\u00dfer Englisch.<\/p>\n\n\n\n<p><strong>Was ist ihr Lieblingsessen?<\/strong><\/p>\n\n\n\n<p>Gr\u00fcnkohl<\/p>\n\n\n\n<p><strong>Was ist ihr Hobby?<\/strong><\/p>\n\n\n\n<p>wandern, lesen, Motorrad fahren, Fu\u00dfball gucken<\/p>\n","protected":false},"excerpt":{"rendered":"<p>Was ist ihre Lieblingsfarbe? gr\u00fcn\/wei\u00df Was ist ihre Lieblingsautomarke? Volvo Was unterrichten Sie? Alles au\u00dfer Englisch. Was ist ihr Lieblingsessen? Gr\u00fcnkohl Was ist ihr Hobby? wandern, lesen, Motorrad fahren, Fu\u00dfball gucken<\/p>\n","protected":false},"author":9192954,"featured_media":0,"parent":0,"menu_order":0,"comment_status":"closed","ping_status":"closed","template":"","meta":{"footnotes":""},"class_list":["post-1745","page","type-page","status-publish","hentry"],"_links":{"self":[{"href":"https:\/\/wordpress.nibis.de\/vossbarg\/wp-json\/wp\/v2\/pages\/1745","targetHints":{"allow":["GET"]}}],"collection":[{"href":"https:\/\/wordpress.nibis.de\/vossbarg\/wp-json\/wp\/v2\/pages"}],"about":[{"href":"https:\/\/wordpress.nibis.de\/vossbarg\/wp-json\/wp\/v2\/types\/page"}],"author":[{"embeddable":true,"href":"https:\/\/wordpress.nibis.de\/vossbarg\/wp-json\/wp\/v2\/users\/9192954"}],"replies":[{"embeddable":true,"href":"https:\/\/wordpress.nibis.de\/vossbarg\/wp-json\/wp\/v2\/comments?post=1745"}],"version-history":[{"count":2,"href":"https:\/\/wordpress.nibis.de\/vossbarg\/wp-json\/wp\/v2\/pages\/1745\/revisions"}],"predecessor-version":[{"id":1752,"href":"https:\/\/wordpress.nibis.de\/vossbarg\/wp-json\/wp\/v2\/pages\/1745\/revisions\/1752"}],"wp:attachment":[{"href":"https:\/\/wordpress.nibis.de\/vossbarg\/wp-json\/wp\/v2\/media?parent=1745"}],"curies":[{"name":"wp","href":"https:\/\/api.w.org\/{rel}","templated":true}]}}