{"id":1802,"date":"2025-03-27T14:51:45","date_gmt":"2025-03-27T13:51:45","guid":{"rendered":"https:\/\/wordpress.nibis.de\/vossbarg\/?page_id=1802"},"modified":"2026-02-21T16:15:23","modified_gmt":"2026-02-21T15:15:23","slug":"gahndi","status":"publish","type":"page","link":"https:\/\/wordpress.nibis.de\/vossbarg\/gahndi\/","title":{"rendered":"Schulhund"},"content":{"rendered":"\n<p class=\"has-text-align-center has-drop-cap\">Gandhi, der Golden Retriever,ist das Herz und die Seele unserer Schule. Mit seinem strahlenden ,goldenen Fell und sanften,treuen Augen bringt er Licht in jeden Raum. Seine unersch\u00fctterliche Loyalit\u00e4t und bedingungslose Liebe machen ihn zu einem unverzichtbaren Begleiter. Ob beim Spielen auf dem Pausenhof,,beim Kuscheln auf der Couch oder beim Tr\u00f6sten an einem schlechten Tag ist Ghandi immer da,um Freude und W\u00e4rme zu schenken. Sein fr\u00f6hliches Wesen und sein liebevolles Gem\u00fct machen jeden Moment mit ihm zu einem kostbaren Geschenk . Er ist nicht nur ein Hund ,sondern ein wahrer Freund,der das Leben mit Liebe erf\u00fcllt.Wir freuen uns auf viele weitere spannende Jahre mit unserem s\u00fc\u00dfen Schulhund Ghandi.\ud83d\udc3e\ud83d\udc9e\ud83e\uddae\ud83d\udc9e \ud83d\udc3e<\/p>\n\n\n\n<figure class=\"wp-block-image size-large is-resized\"><img loading=\"lazy\" decoding=\"async\" width=\"1047\" height=\"675\" src=\"https:\/\/wordpress.nibis.de\/vossbarg\/files\/2025\/03\/2358F98F-C03C-4FFF-AFAC-71F09B68B53D-1047x675.jpeg\" alt=\"\" class=\"wp-image-1832\" style=\"width:251px;height:161px\" \/><\/figure>\n\n\n\n<figure class=\"wp-block-embed is-type-video is-provider-youtube wp-block-embed-youtube wp-embed-aspect-16-9 wp-has-aspect-ratio\"><div class=\"wp-block-embed__wrapper\">\n<iframe loading=\"lazy\"  id=\"_ytid_46182\"  width=\"600\" height=\"338\"  data-origwidth=\"600\" data-origheight=\"338\" src=\"https:\/\/www.youtube.com\/embed\/CmJFFkM3zN4?enablejsapi=1&#038;autoplay=0&#038;cc_load_policy=0&#038;cc_lang_pref=&#038;iv_load_policy=1&#038;loop=0&#038;rel=1&#038;fs=1&#038;playsinline=0&#038;autohide=2&#038;theme=dark&#038;color=red&#038;controls=1&#038;disablekb=0&#038;\" class=\"__youtube_prefs__  epyt-is-override  no-lazyload\" title=\"YouTube player\"  allow=\"fullscreen; accelerometer; autoplay; clipboard-write; encrypted-media; gyroscope; picture-in-picture; web-share\" referrerpolicy=\"strict-origin-when-cross-origin\" allowfullscreen data-no-lazy=\"1\" data-skipgform_ajax_framebjll=\"\"><\/iframe>\n<\/div><\/figure>\n\n\n\n<figure class=\"wp-block-gallery has-nested-images columns-default is-cropped wp-block-gallery-1 is-layout-flex wp-block-gallery-is-layout-flex\"><\/figure>\n","protected":false},"excerpt":{"rendered":"<p>Gandhi, der Golden Retriever,ist das Herz und die Seele unserer Schule. Mit seinem strahlenden ,goldenen Fell und sanften,treuen Augen bringt er Licht in jeden Raum. Seine unersch\u00fctterliche Loyalit\u00e4t und bedingungslose Liebe machen ihn zu einem unverzichtbaren Begleiter. Ob beim Spielen auf dem Pausenhof,,beim Kuscheln auf der Couch oder beim Tr\u00f6sten an einem schlechten Tag ist [&hellip;]<\/p>\n","protected":false},"author":9192954,"featured_media":0,"parent":0,"menu_order":0,"comment_status":"closed","ping_status":"closed","template":"","meta":{"footnotes":""},"class_list":["post-1802","page","type-page","status-publish","hentry"],"_links":{"self":[{"href":"https:\/\/wordpress.nibis.de\/vossbarg\/wp-json\/wp\/v2\/pages\/1802","targetHints":{"allow":["GET"]}}],"collection":[{"href":"https:\/\/wordpress.nibis.de\/vossbarg\/wp-json\/wp\/v2\/pages"}],"about":[{"href":"https:\/\/wordpress.nibis.de\/vossbarg\/wp-json\/wp\/v2\/types\/page"}],"author":[{"embeddable":true,"href":"https:\/\/wordpress.nibis.de\/vossbarg\/wp-json\/wp\/v2\/users\/9192954"}],"replies":[{"embeddable":true,"href":"https:\/\/wordpress.nibis.de\/vossbarg\/wp-json\/wp\/v2\/comments?post=1802"}],"version-history":[{"count":10,"href":"https:\/\/wordpress.nibis.de\/vossbarg\/wp-json\/wp\/v2\/pages\/1802\/revisions"}],"predecessor-version":[{"id":2400,"href":"https:\/\/wordpress.nibis.de\/vossbarg\/wp-json\/wp\/v2\/pages\/1802\/revisions\/2400"}],"wp:attachment":[{"href":"https:\/\/wordpress.nibis.de\/vossbarg\/wp-json\/wp\/v2\/media?parent=1802"}],"curies":[{"name":"wp","href":"https:\/\/api.w.org\/{rel}","templated":true}]}}