{"id":1842,"date":"2025-04-21T19:50:29","date_gmt":"2025-04-21T17:50:29","guid":{"rendered":"https:\/\/wordpress.nibis.de\/vossbarg\/?page_id=1842"},"modified":"2025-08-05T13:20:27","modified_gmt":"2025-08-05T11:20:27","slug":"impressum-2","status":"publish","type":"page","link":"https:\/\/wordpress.nibis.de\/vossbarg\/impressum-2\/","title":{"rendered":"Impressum"},"content":{"rendered":"\n<h3 class=\"wp-block-heading\">Anschrift<\/h3>\n\n\n\n<p>Schule am Vossbarg<br>Schillerstrasse 2<br>D-26180 Rastede<\/p>\n\n\n\n<p>Tel.:&nbsp;0049-44022-2152<br>E-Mail:&nbsp;&#118;&#x65;r&#119;&#x61;l&#116;&#x75;n&#103;&#x40;s&#97;&#x76;-&#114;&#x61;s&#116;&#x65;d&#101;&#x2e;d&#101;<br>Datenschutz:&nbsp;d&#97;&#x74;&#x65;&#x6e;s&#99;&#104;&#x75;&#x74;z&#64;&#115;&#x61;&#x76;-r&#97;&#x73;&#x74;&#x65;d&#101;&#x2e;&#x64;&#x65;<\/p>\n\n\n\n<h3 class=\"wp-block-heading\">Inhaltlich verantwortlich<\/h3>\n\n\n\n<p>(gem. \u00a75 Telemediengesetz)<\/p>\n\n\n\n<p>Land Niedersachsen (Diensteanbieter im Sinne des Telemediengesetzes)<br>Das Land Niedersachsen ist eine juristische Person des \u00f6ffentlichen Rechts vertreten durch die Schulleitung:<\/p>\n\n\n\n<p>Mareike Unger <\/p>\n\n\n\n<h3 class=\"wp-block-heading\"><\/h3>\n\n\n\n<h3 class=\"wp-block-heading\">Haftungsausschluss (Disclaimer)<\/h3>\n\n\n\n<p>Bitte beachten Sie die rechtlichen Hinweise zu den Inhalten des Onlineangebotes, zu Verweisen bzw. externen Links sowie zum Urheberrecht.<\/p>\n\n\n\n<p><strong>1. Inhalt des Onlineangebotes<\/strong><\/p>\n\n\n\n<p>Die Inhalte unserer Schulhomepage vossbarg.schule, sollen Ihnen den Zugang zu Informationen \u00fcber unsere Schule erleichtern und ein zutreffendes Bild von den T\u00e4tigkeiten, Aktivit\u00e4ten und dem Leben der Schule am Vossbarg sowie der dort befindlichen Sch\u00fclerinnen und Sch\u00fcler vermitteln.<\/p>\n\n\n\n<p>Auf die Richtigkeit, Aktualit\u00e4t, Vollst\u00e4ndigkeit, Verst\u00e4ndlichkeit und Verf\u00fcgbarkeit der bereitgestellten Informationen wird zwar sehr sorgf\u00e4ltig geachtet, dennoch \u00fcbernimmt die Schule am Vossbarg hierf\u00fcr keinerlei Gew\u00e4hr.<\/p>\n\n\n\n<p>Die Schule am Vossbarg haftet nicht f\u00fcr Sch\u00e4den materieller oder immaterieller Art, die durch die Nutzung oder Nichtnutzung angebotener Informationen oder dieses Internetangebots entstehen. F\u00fcr etwaige Sch\u00e4den, die beim Aufrufen oder Herunterladen von Daten durch Schadsoftware oder der Installation oder Nutzung von Software verursacht werden, wird nicht gehaftet, sofern seitens der Schule kein nachweislich vors\u00e4tzliches oder grob fahrl\u00e4ssiges Verschulden vorliegt. Ein Vertragsverh\u00e4ltnis mit den Nutzerinnen und Nutzern des Internetangebots kommt nicht zustande.<\/p>\n\n\n\n<p>Alle Angebote sind freibleibend und unverbindlich. Die Schule am Vossbarg beh\u00e4lt es sich ausdr\u00fccklich vor, Teile der Seiten oder das gesamte Angebot ohne gesonderte Ank\u00fcndigung zu ver\u00e4ndern, zu erg\u00e4nzen, zu l\u00f6schen oder die Ver\u00f6ffentlichung zeitweise oder endg\u00fcltig einzustellen.<\/p>\n\n\n\n<p><strong>2. Inhalte anderweitiger Anbieter (Verweise und externe Links)<\/strong><\/p>\n\n\n\n<p>Die auf diesen Seiten evtl. vorhandenen direkten oder indirekten Verweise (\u201eLinks\u201c) zu Inhalten von Internetseiten Dritter (\u201efremden Inhalten\u201c) wurden durch die Schule am Vossbarg nach bestem Wissen und unter Beachtung gr\u00f6\u00dftm\u00f6glicher Sorgfalt erstellt und vermitteln lediglich den Zugang zu \u201efremden Inhalten\u201c. Dabei wurde auf die Vertrauensw\u00fcrdigkeit dritter Anbieter und die Fehlerfreiheit sowie Rechtm\u00e4\u00dfigkeit der \u201efremden Inhalte\u201c besonders geachtet.<\/p>\n\n\n\n<p>Da jedoch der Inhalt von Internetseiten dynamisch ist und sich jederzeit \u00e4ndern kann, ist eine stetige Einzelfallpr\u00fcfung s\u00e4mtlicher Inhalte, auf die ein Verweis oder externer Link erstellt wurde, nicht in jedem Fall m\u00f6glich. Die Schule am Vossbarg macht sich deshalb den Inhalt von Internetseiten Dritter, die mit der eigenen Internetpr\u00e4senz verlinkt sind, insoweit ausdr\u00fccklich nicht zu eigen.<\/p>\n\n\n\n<p>F\u00fcr Sch\u00e4den aus der Nutzung oder Nichtnutzung \u201efremder Inhalte\u201c haftet ausschlie\u00dflich der jeweilige Anbieter der Seite, auf die verwiesen wurde.<\/p>\n\n\n\n<p><strong>3. Urheberrecht<\/strong><\/p>\n\n\n\n<p>Alle Inhalte und Strukturen dieser Website sind urheberrechtlich gesch\u00fctzt. Die Ver\u00f6ffentlichung im World Wide Web oder in sonstigen Diensten des Internets bedeutet noch keine Einverst\u00e4ndniserkl\u00e4rung f\u00fcr eine anderweitige Nutzung durch Dritte. Die anderweitige Nutzung des hier bereitgestellten Informationsmaterials \u00fcber die Schule ist daher nicht zul\u00e4ssig. Auf den Webseiten zur Verf\u00fcgung gestellte Texte, Textteile, Grafiken, Tabellen sowie Ton-, Video- oder Bildmaterialien von Sch\u00fclerinnen und Sch\u00fclern oder Lehrkr\u00e4ften der Schule, d\u00fcrfen ohne vorherige Zustimmung der [Name der Schule]nicht vervielf\u00e4ltigt, nicht verbreitet und nicht ausgestellt werden.<\/p>\n\n\n\n<p><strong>4. Datenschutz<\/strong><\/p>\n\n\n\n<p>Die Nutzung der im Rahmen des Impressums oder vergleichbarer Angaben ver\u00f6ffentlichten Kontaktdaten wie Postanschriften, Telefon- und Faxnummern sowie E-Mail-Adressen durch Dritte zur \u00dcbersendung von nicht ausdr\u00fccklich angeforderten Informationen oder Werbung ist nicht gestattet. Rechtliche Schritte gegen die Versenderin bzw. den Versender von sogenannten Spam-Mails bei Verst\u00f6\u00dfen gegen dieses Verbot sind ausdr\u00fccklich vorbehalten.<\/p>\n\n\n\n<p><strong>5. Rechtswirksamkeit dieses Haftungsausschlusses<\/strong><\/p>\n\n\n\n<p>Dieser Haftungsausschluss ist als Teil des Internetangebotes zu betrachten, von dem aus auf diese Seite verwiesen wurde. Sofern Teile oder einzelne Formulierungen dieses Textes der geltenden Rechtslage nicht, nicht mehr oder nicht vollst\u00e4ndig entsprechen sollten, bleiben die \u00fcbrigen Teile des Dokumentes in ihrem Inhalt und ihrer G\u00fcltigkeit davon unber\u00fchrt.<\/p>\n\n\n\n<p><strong>Fehlermeldungen:<\/strong><br>Die Schule am Vossbarg bittet die Nutzerinnen und Nutzer von vossbarg.schule , auf rechtswidrige oder fehlerhafte Inhalte Dritter, zu denen in der Internetpr\u00e4senz ein Link unterhalten wird, ggf. aufmerksam zu machen. Ebenso wird um eine Nachricht unter der angegebenen Kontaktadresse gebeten, wenn eigene Inhalte nicht fehlerfrei, aktuell, vollst\u00e4ndig, verf\u00fcgbar oder verst\u00e4ndlich sind.<\/p>\n\n\n\n<p><\/p>\n\n\n\n<p><\/p>\n\n\n\n<p><\/p>\n\n\n\n<p><\/p>\n\n\n\n<p>F\u00fcr Inhalte auf verlinkten Seiten kann keine Verantwortung \u00fcbernommen werden.<\/p>\n","protected":false},"excerpt":{"rendered":"<p>Anschrift Schule am VossbargSchillerstrasse 2D-26180 Rastede Tel.:&nbsp;0049-44022-2152E-Mail:&nbsp;&#x76;&#x65;&#x72;&#x77;&#x61;&#x6c;&#116;&#117;&#110;&#103;&#64;sav&#x2d;&#x72;&#x61;&#x73;&#x74;&#x65;&#100;&#101;&#46;&#100;&#101;Datenschutz:&nbsp;&#100;&#x61;&#116;&#x65;&#110;&#x73;c&#x68;u&#116;&#x7a;&#64;&#x73;&#97;&#x76;-&#x72;a&#115;&#x74;&#101;&#x64;&#101;&#x2e;&#100;&#x65; Inhaltlich verantwortlich (gem. \u00a75 Telemediengesetz) Land Niedersachsen (Diensteanbieter im Sinne des Telemediengesetzes)Das Land Niedersachsen ist eine juristische Person des \u00f6ffentlichen Rechts vertreten durch die Schulleitung: Mareike Unger Haftungsausschluss (Disclaimer) Bitte beachten Sie die rechtlichen Hinweise zu den Inhalten des Onlineangebotes, zu Verweisen bzw. externen Links sowie zum Urheberrecht. [&hellip;]<\/p>\n","protected":false},"author":9192954,"featured_media":0,"parent":0,"menu_order":0,"comment_status":"closed","ping_status":"closed","template":"","meta":{"footnotes":""},"class_list":["post-1842","page","type-page","status-publish","hentry"],"_links":{"self":[{"href":"https:\/\/wordpress.nibis.de\/vossbarg\/wp-json\/wp\/v2\/pages\/1842","targetHints":{"allow":["GET"]}}],"collection":[{"href":"https:\/\/wordpress.nibis.de\/vossbarg\/wp-json\/wp\/v2\/pages"}],"about":[{"href":"https:\/\/wordpress.nibis.de\/vossbarg\/wp-json\/wp\/v2\/types\/page"}],"author":[{"embeddable":true,"href":"https:\/\/wordpress.nibis.de\/vossbarg\/wp-json\/wp\/v2\/users\/9192954"}],"replies":[{"embeddable":true,"href":"https:\/\/wordpress.nibis.de\/vossbarg\/wp-json\/wp\/v2\/comments?post=1842"}],"version-history":[{"count":7,"href":"https:\/\/wordpress.nibis.de\/vossbarg\/wp-json\/wp\/v2\/pages\/1842\/revisions"}],"predecessor-version":[{"id":2055,"href":"https:\/\/wordpress.nibis.de\/vossbarg\/wp-json\/wp\/v2\/pages\/1842\/revisions\/2055"}],"wp:attachment":[{"href":"https:\/\/wordpress.nibis.de\/vossbarg\/wp-json\/wp\/v2\/media?parent=1842"}],"curies":[{"name":"wp","href":"https:\/\/api.w.org\/{rel}","templated":true}]}}