{"id":1902,"date":"2025-06-23T10:16:27","date_gmt":"2025-06-23T08:16:27","guid":{"rendered":"https:\/\/wordpress.nibis.de\/vossbarg\/?page_id=1902"},"modified":"2026-02-21T16:01:00","modified_gmt":"2026-02-21T15:01:00","slug":"vom-acker-auf-den-tisch","status":"publish","type":"page","link":"https:\/\/wordpress.nibis.de\/vossbarg\/vom-acker-auf-den-tisch\/","title":{"rendered":"Vom Acker auf den Tisch"},"content":{"rendered":"\n<figure class=\"wp-block-image size-large is-resized\"><img loading=\"lazy\" decoding=\"async\" width=\"1200\" height=\"675\" src=\"https:\/\/wordpress.nibis.de\/vossbarg\/files\/2025\/06\/IMG_0060-1200x675.jpeg\" alt=\"\" class=\"wp-image-1979\" style=\"width:372px;height:208px\" srcset=\"https:\/\/wordpress.nibis.de\/vossbarg\/files\/2025\/06\/IMG_0060-1200x675.jpeg 1200w, https:\/\/wordpress.nibis.de\/vossbarg\/files\/2025\/06\/IMG_0060-850x478.jpeg 850w, https:\/\/wordpress.nibis.de\/vossbarg\/files\/2025\/06\/IMG_0060-250x141.jpeg 250w\" sizes=\"auto, (max-width: 1200px) 100vw, 1200px\" \/><figcaption class=\"wp-element-caption\">Unsere selbstgemachte Marmelade.<\/figcaption><\/figure>\n\n\n\n<figure class=\"wp-block-image size-large is-resized\"><img loading=\"lazy\" decoding=\"async\" width=\"1200\" height=\"675\" src=\"https:\/\/wordpress.nibis.de\/vossbarg\/files\/2025\/06\/IMG_0061-1200x675.jpeg\" alt=\"\" class=\"wp-image-1980\" style=\"width:371px;height:208px\" srcset=\"https:\/\/wordpress.nibis.de\/vossbarg\/files\/2025\/06\/IMG_0061-1200x675.jpeg 1200w, https:\/\/wordpress.nibis.de\/vossbarg\/files\/2025\/06\/IMG_0061-850x478.jpeg 850w, https:\/\/wordpress.nibis.de\/vossbarg\/files\/2025\/06\/IMG_0061-250x141.jpeg 250w\" sizes=\"auto, (max-width: 1200px) 100vw, 1200px\" \/><\/figure>\n\n\n\n<figure class=\"wp-block-image size-large is-resized\"><img loading=\"lazy\" decoding=\"async\" width=\"1200\" height=\"675\" src=\"https:\/\/wordpress.nibis.de\/vossbarg\/files\/2025\/06\/IMG_0064-1200x675.jpeg\" alt=\"\" class=\"wp-image-1981\" style=\"width:380px;height:213px\" srcset=\"https:\/\/wordpress.nibis.de\/vossbarg\/files\/2025\/06\/IMG_0064-1200x675.jpeg 1200w, https:\/\/wordpress.nibis.de\/vossbarg\/files\/2025\/06\/IMG_0064-850x478.jpeg 850w, https:\/\/wordpress.nibis.de\/vossbarg\/files\/2025\/06\/IMG_0064-250x141.jpeg 250w\" sizes=\"auto, (max-width: 1200px) 100vw, 1200px\" \/><\/figure>\n\n\n\n<figure class=\"wp-block-image size-large is-resized\"><img loading=\"lazy\" decoding=\"async\" width=\"1200\" height=\"675\" src=\"https:\/\/wordpress.nibis.de\/vossbarg\/files\/2025\/06\/IMG_0067-1200x675.jpeg\" alt=\"\" class=\"wp-image-1982\" style=\"width:382px;height:214px\" srcset=\"https:\/\/wordpress.nibis.de\/vossbarg\/files\/2025\/06\/IMG_0067-1200x675.jpeg 1200w, https:\/\/wordpress.nibis.de\/vossbarg\/files\/2025\/06\/IMG_0067-850x478.jpeg 850w, https:\/\/wordpress.nibis.de\/vossbarg\/files\/2025\/06\/IMG_0067-250x141.jpeg 250w\" sizes=\"auto, (max-width: 1200px) 100vw, 1200px\" \/><\/figure>\n\n\n\n<p>Vom Acker auf den Tisch: <\/p>\n\n\n\n<p>In der Projektwoche stellen wir gemeinsam haltbare Dinge herstellen. Wir verwenden dazu alles das, was bei uns auf dem Acker w\u00e4chst, aber auch ein paar andere Zutaten. Wir kochen zum Beispiel Holunderbl\u00fctensirup, Marmelade oder machen Kr\u00e4utersalz, Bratlinge und legen rote Beete ein. Diese Dinge sollen dann im Vo\u00dfbarg Markt von Lehrkr\u00e4ften, Sch\u00fclerinnen und Sch\u00fclern, f\u00fcr das Schulfr\u00fchst\u00fcck, dem Mittagtisch und von Eltern oder vielleicht auch von Menschen aus der Nachbarschaft gekauft werden k\u00f6nnen.<\/p>\n\n\n\n<p><\/p>\n\n\n\n<p><strong>Interview mit Herrn B\u00f6ger<\/strong><\/p>\n\n\n\n<p><em>Wie motiviert sind die Sch\u00fclerinnen?<\/em><\/p>\n\n\n\n<p>Die Sch\u00fcler sind alle top motiviert, es gibt keine Konflikte und alle arbeiten.<\/p>\n\n\n\n<p><strong>Verbesserungsideen f\u00fcr die n\u00e4chste Projektwoche?<\/strong><\/p>\n\n\n\n<p>Alles Super; kann so bleiben.<\/p>\n\n\n\n<p><strong>Interview mit einem Sch\u00fcler<\/strong><\/p>\n\n\n\n<p><em>Wie gef\u00e4llt dir das Projekt und was machst du?<\/em><\/p>\n\n\n\n<p>Mir gef\u00e4llt das Projekt gut, vorallem das wir Morgens Br\u00f6tchen umsonst bekommen. Ich habe selbst Erdbeermarmelade gemacht.<\/p>\n","protected":false},"excerpt":{"rendered":"<p>Vom Acker auf den Tisch: In der Projektwoche stellen wir gemeinsam haltbare Dinge herstellen. Wir verwenden dazu alles das, was bei uns auf dem Acker w\u00e4chst, aber auch ein paar andere Zutaten. Wir kochen zum Beispiel Holunderbl\u00fctensirup, Marmelade oder machen Kr\u00e4utersalz, Bratlinge und legen rote Beete ein. Diese Dinge sollen dann im Vo\u00dfbarg Markt von [&hellip;]<\/p>\n","protected":false},"author":9192954,"featured_media":0,"parent":0,"menu_order":0,"comment_status":"closed","ping_status":"closed","template":"","meta":{"footnotes":""},"class_list":["post-1902","page","type-page","status-publish","hentry"],"_links":{"self":[{"href":"https:\/\/wordpress.nibis.de\/vossbarg\/wp-json\/wp\/v2\/pages\/1902","targetHints":{"allow":["GET"]}}],"collection":[{"href":"https:\/\/wordpress.nibis.de\/vossbarg\/wp-json\/wp\/v2\/pages"}],"about":[{"href":"https:\/\/wordpress.nibis.de\/vossbarg\/wp-json\/wp\/v2\/types\/page"}],"author":[{"embeddable":true,"href":"https:\/\/wordpress.nibis.de\/vossbarg\/wp-json\/wp\/v2\/users\/9192954"}],"replies":[{"embeddable":true,"href":"https:\/\/wordpress.nibis.de\/vossbarg\/wp-json\/wp\/v2\/comments?post=1902"}],"version-history":[{"count":8,"href":"https:\/\/wordpress.nibis.de\/vossbarg\/wp-json\/wp\/v2\/pages\/1902\/revisions"}],"predecessor-version":[{"id":2393,"href":"https:\/\/wordpress.nibis.de\/vossbarg\/wp-json\/wp\/v2\/pages\/1902\/revisions\/2393"}],"wp:attachment":[{"href":"https:\/\/wordpress.nibis.de\/vossbarg\/wp-json\/wp\/v2\/media?parent=1902"}],"curies":[{"name":"wp","href":"https:\/\/api.w.org\/{rel}","templated":true}]}}