{"id":1913,"date":"2025-06-23T10:25:11","date_gmt":"2025-06-23T08:25:11","guid":{"rendered":"https:\/\/wordpress.nibis.de\/vossbarg\/?page_id=1913"},"modified":"2026-02-21T16:03:30","modified_gmt":"2026-02-21T15:03:30","slug":"projekt-markt-geraeteschuppen-dach-sonnensegel-bauwagen","status":"publish","type":"page","link":"https:\/\/wordpress.nibis.de\/vossbarg\/projekt-markt-geraeteschuppen-dach-sonnensegel-bauwagen\/","title":{"rendered":"Projekt Markt, Ger\u00e4teschuppen-Dach, Sonnensegel, Bauwagen"},"content":{"rendered":"\n<ol class=\"wp-block-list is-style-default\">\n<li>Sind die Sch\u00fcler motiviert?<\/li>\n<\/ol>\n\n\n\n<p>Bisher haben meine Sch\u00fcler\/in toll mit gearbeitet, in Wartezeiten auch Diszipliniert.<\/p>\n\n\n\n<p>2. <strong>Was habt ihr hergestellt und wof\u00fcr wird es ben\u00f6tigt? <\/strong><\/p>\n\n\n\n<p>Wir bauen den Markt ,  Regale, Sitzgelegenheiten, sowie wand Versch\u00f6nerungen, das Sonnensegel, nat\u00fcrlich denn Bauwagen, und das Dach vom Ger\u00e4teschuppen auf dem Acker.<\/p>\n\n\n\n<p>3. <strong>Haben ihre Sch\u00fcler ihre F\u00e4higkeiten weiter entwickelt ( Handwerklich.)<\/strong><\/p>\n\n\n\n<p>Im Bereich Planung ( arbeit an der stand Bohrmaschine. boren, s\u00e4gen, und schleifen,)<\/p>\n","protected":false},"excerpt":{"rendered":"<p>Bisher haben meine Sch\u00fcler\/in toll mit gearbeitet, in Wartezeiten auch Diszipliniert. 2. Was habt ihr hergestellt und wof\u00fcr wird es ben\u00f6tigt? Wir bauen den Markt , Regale, Sitzgelegenheiten, sowie wand Versch\u00f6nerungen, das Sonnensegel, nat\u00fcrlich denn Bauwagen, und das Dach vom Ger\u00e4teschuppen auf dem Acker. 3. Haben ihre Sch\u00fcler ihre F\u00e4higkeiten weiter entwickelt ( Handwerklich.) Im [&hellip;]<\/p>\n","protected":false},"author":9192954,"featured_media":0,"parent":0,"menu_order":0,"comment_status":"closed","ping_status":"closed","template":"","meta":{"footnotes":""},"class_list":["post-1913","page","type-page","status-publish","hentry"],"_links":{"self":[{"href":"https:\/\/wordpress.nibis.de\/vossbarg\/wp-json\/wp\/v2\/pages\/1913","targetHints":{"allow":["GET"]}}],"collection":[{"href":"https:\/\/wordpress.nibis.de\/vossbarg\/wp-json\/wp\/v2\/pages"}],"about":[{"href":"https:\/\/wordpress.nibis.de\/vossbarg\/wp-json\/wp\/v2\/types\/page"}],"author":[{"embeddable":true,"href":"https:\/\/wordpress.nibis.de\/vossbarg\/wp-json\/wp\/v2\/users\/9192954"}],"replies":[{"embeddable":true,"href":"https:\/\/wordpress.nibis.de\/vossbarg\/wp-json\/wp\/v2\/comments?post=1913"}],"version-history":[{"count":6,"href":"https:\/\/wordpress.nibis.de\/vossbarg\/wp-json\/wp\/v2\/pages\/1913\/revisions"}],"predecessor-version":[{"id":2395,"href":"https:\/\/wordpress.nibis.de\/vossbarg\/wp-json\/wp\/v2\/pages\/1913\/revisions\/2395"}],"wp:attachment":[{"href":"https:\/\/wordpress.nibis.de\/vossbarg\/wp-json\/wp\/v2\/media?parent=1913"}],"curies":[{"name":"wp","href":"https:\/\/api.w.org\/{rel}","templated":true}]}}