{"id":1955,"date":"2025-06-24T10:36:44","date_gmt":"2025-06-24T08:36:44","guid":{"rendered":"https:\/\/wordpress.nibis.de\/vossbarg\/?page_id=1955"},"modified":"2026-02-21T16:00:15","modified_gmt":"2026-02-21T15:00:15","slug":"imkerei-keller","status":"publish","type":"page","link":"https:\/\/wordpress.nibis.de\/vossbarg\/imkerei-keller\/","title":{"rendered":"Imkerei\/Keller"},"content":{"rendered":"\n<p><strong>Interview mit Herrn Sch\u00fctte<\/strong><\/p>\n\n\n\n<p><em>Was ist das Ziel?<\/em><\/p>\n\n\n\n<p>Das Ziel ist es, den Imkerraum zu entr\u00fcmpeln und zu s\u00e4ubern. <\/p>\n\n\n\n<p><em>Was erhofft man sich aus dem Projekt ?<\/em><\/p>\n\n\n\n<p>Das wir den Raum nach den Sommerferien f\u00fcr die Imkerei benutzen k\u00f6nnen.<\/p>\n\n\n\n<p><\/p>\n","protected":false},"excerpt":{"rendered":"<p>Interview mit Herrn Sch\u00fctte Was ist das Ziel? Das Ziel ist es, den Imkerraum zu entr\u00fcmpeln und zu s\u00e4ubern. Was erhofft man sich aus dem Projekt ? Das wir den Raum nach den Sommerferien f\u00fcr die Imkerei benutzen k\u00f6nnen.<\/p>\n","protected":false},"author":9192954,"featured_media":0,"parent":0,"menu_order":0,"comment_status":"closed","ping_status":"closed","template":"","meta":{"footnotes":""},"class_list":["post-1955","page","type-page","status-publish","hentry"],"_links":{"self":[{"href":"https:\/\/wordpress.nibis.de\/vossbarg\/wp-json\/wp\/v2\/pages\/1955","targetHints":{"allow":["GET"]}}],"collection":[{"href":"https:\/\/wordpress.nibis.de\/vossbarg\/wp-json\/wp\/v2\/pages"}],"about":[{"href":"https:\/\/wordpress.nibis.de\/vossbarg\/wp-json\/wp\/v2\/types\/page"}],"author":[{"embeddable":true,"href":"https:\/\/wordpress.nibis.de\/vossbarg\/wp-json\/wp\/v2\/users\/9192954"}],"replies":[{"embeddable":true,"href":"https:\/\/wordpress.nibis.de\/vossbarg\/wp-json\/wp\/v2\/comments?post=1955"}],"version-history":[{"count":6,"href":"https:\/\/wordpress.nibis.de\/vossbarg\/wp-json\/wp\/v2\/pages\/1955\/revisions"}],"predecessor-version":[{"id":2391,"href":"https:\/\/wordpress.nibis.de\/vossbarg\/wp-json\/wp\/v2\/pages\/1955\/revisions\/2391"}],"wp:attachment":[{"href":"https:\/\/wordpress.nibis.de\/vossbarg\/wp-json\/wp\/v2\/media?parent=1955"}],"curies":[{"name":"wp","href":"https:\/\/api.w.org\/{rel}","templated":true}]}}