{"id":207,"date":"2019-06-05T13:00:51","date_gmt":"2019-06-05T11:00:51","guid":{"rendered":"https:\/\/wordpress.nibis.de\/vossbarg\/?page_id=207"},"modified":"2025-09-16T18:40:08","modified_gmt":"2025-09-16T16:40:08","slug":"kollegium","status":"publish","type":"page","link":"https:\/\/wordpress.nibis.de\/vossbarg\/unsere-schule\/kollegium\/","title":{"rendered":"Kollegium"},"content":{"rendered":"\n<p>Das Kollegium der Schule am Vo\u00dfbarg besteht derzeit aus 11\u00a0 Lehrkr\u00e4ften, 4 p\u00e4dagogischen Mitarbeiter_innen, 2 Bundesfreiwilligendienstler_innen, einer Schulsekret\u00e4rin und einem Hausmeister.<\/p>\n\n\n\n<figure class=\"wp-block-image size-large\"><img loading=\"lazy\" decoding=\"async\" width=\"1200\" height=\"675\" src=\"https:\/\/wordpress.nibis.de\/vossbarg\/files\/2025\/09\/ok2-1200x675.jpg\" alt=\"\" class=\"wp-image-2072\" srcset=\"https:\/\/wordpress.nibis.de\/vossbarg\/files\/2025\/09\/ok2-1200x675.jpg 1200w, https:\/\/wordpress.nibis.de\/vossbarg\/files\/2025\/09\/ok2-850x478.jpg 850w, https:\/\/wordpress.nibis.de\/vossbarg\/files\/2025\/09\/ok2-250x141.jpg 250w\" sizes=\"auto, (max-width: 1200px) 100vw, 1200px\" \/><\/figure>\n\n\n\n<p><\/p>\n","protected":false},"excerpt":{"rendered":"<p>Das Kollegium der Schule am Vo\u00dfbarg besteht derzeit aus 11\u00a0 Lehrkr\u00e4ften, 4 p\u00e4dagogischen Mitarbeiter_innen, 2 Bundesfreiwilligendienstler_innen, einer Schulsekret\u00e4rin und einem Hausmeister.<\/p>\n","protected":false},"author":9192954,"featured_media":0,"parent":173,"menu_order":0,"comment_status":"closed","ping_status":"closed","template":"","meta":{"footnotes":""},"class_list":["post-207","page","type-page","status-publish","hentry"],"_links":{"self":[{"href":"https:\/\/wordpress.nibis.de\/vossbarg\/wp-json\/wp\/v2\/pages\/207","targetHints":{"allow":["GET"]}}],"collection":[{"href":"https:\/\/wordpress.nibis.de\/vossbarg\/wp-json\/wp\/v2\/pages"}],"about":[{"href":"https:\/\/wordpress.nibis.de\/vossbarg\/wp-json\/wp\/v2\/types\/page"}],"author":[{"embeddable":true,"href":"https:\/\/wordpress.nibis.de\/vossbarg\/wp-json\/wp\/v2\/users\/9192954"}],"replies":[{"embeddable":true,"href":"https:\/\/wordpress.nibis.de\/vossbarg\/wp-json\/wp\/v2\/comments?post=207"}],"version-history":[{"count":6,"href":"https:\/\/wordpress.nibis.de\/vossbarg\/wp-json\/wp\/v2\/pages\/207\/revisions"}],"predecessor-version":[{"id":2074,"href":"https:\/\/wordpress.nibis.de\/vossbarg\/wp-json\/wp\/v2\/pages\/207\/revisions\/2074"}],"up":[{"embeddable":true,"href":"https:\/\/wordpress.nibis.de\/vossbarg\/wp-json\/wp\/v2\/pages\/173"}],"wp:attachment":[{"href":"https:\/\/wordpress.nibis.de\/vossbarg\/wp-json\/wp\/v2\/media?parent=207"}],"curies":[{"name":"wp","href":"https:\/\/api.w.org\/{rel}","templated":true}]}}