{"id":2181,"date":"2025-12-12T12:28:33","date_gmt":"2025-12-12T11:28:33","guid":{"rendered":"https:\/\/wordpress.nibis.de\/vossbarg\/?page_id=2181"},"modified":"2026-02-21T15:37:18","modified_gmt":"2026-02-21T14:37:18","slug":"wald-herr-krumnow","status":"publish","type":"page","link":"https:\/\/wordpress.nibis.de\/vossbarg\/wald-herr-krumnow\/","title":{"rendered":"Wald (Herr Krumnow)"},"content":{"rendered":"\n<p>Wald AG Natur erleben und sch\u00fctzen<\/p>\n\n\n\n<p> In der Wald AG entdecken wir gemeinsam den Wald mit all seinen Tieren, Pflanzen und Geheimnissen. Wir lernen, wie wichtig der Wald f\u00fcr unsere Umwelt ist, und verbringen viel Zeit drau\u00dfen \u2013 beim Erkunden, Beobachten, Basteln mit Naturmaterialien oder beim M\u00fcllsammeln f\u00fcr den Umweltschutz. Hier kannst du die Natur hautnah erleben, dein Wissen \u00fcber den Wald erweitern und gleichzeitig aktiv etwas f\u00fcr unsere Umwelt tun. Wenn du gerne drau\u00dfen bist und den Wald liebst, bist du in der Wald AG genau richtig! <\/p>\n\n\n\n<p><\/p>\n","protected":false},"excerpt":{"rendered":"<p>Wald AG Natur erleben und sch\u00fctzen In der Wald AG entdecken wir gemeinsam den Wald mit all seinen Tieren, Pflanzen und Geheimnissen. Wir lernen, wie wichtig der Wald f\u00fcr unsere Umwelt ist, und verbringen viel Zeit drau\u00dfen \u2013 beim Erkunden, Beobachten, Basteln mit Naturmaterialien oder beim M\u00fcllsammeln f\u00fcr den Umweltschutz. Hier kannst du die Natur [&hellip;]<\/p>\n","protected":false},"author":9192954,"featured_media":0,"parent":0,"menu_order":0,"comment_status":"closed","ping_status":"closed","template":"","meta":{"footnotes":""},"class_list":["post-2181","page","type-page","status-publish","hentry"],"_links":{"self":[{"href":"https:\/\/wordpress.nibis.de\/vossbarg\/wp-json\/wp\/v2\/pages\/2181","targetHints":{"allow":["GET"]}}],"collection":[{"href":"https:\/\/wordpress.nibis.de\/vossbarg\/wp-json\/wp\/v2\/pages"}],"about":[{"href":"https:\/\/wordpress.nibis.de\/vossbarg\/wp-json\/wp\/v2\/types\/page"}],"author":[{"embeddable":true,"href":"https:\/\/wordpress.nibis.de\/vossbarg\/wp-json\/wp\/v2\/users\/9192954"}],"replies":[{"embeddable":true,"href":"https:\/\/wordpress.nibis.de\/vossbarg\/wp-json\/wp\/v2\/comments?post=2181"}],"version-history":[{"count":2,"href":"https:\/\/wordpress.nibis.de\/vossbarg\/wp-json\/wp\/v2\/pages\/2181\/revisions"}],"predecessor-version":[{"id":2351,"href":"https:\/\/wordpress.nibis.de\/vossbarg\/wp-json\/wp\/v2\/pages\/2181\/revisions\/2351"}],"wp:attachment":[{"href":"https:\/\/wordpress.nibis.de\/vossbarg\/wp-json\/wp\/v2\/media?parent=2181"}],"curies":[{"name":"wp","href":"https:\/\/api.w.org\/{rel}","templated":true}]}}