{"id":2183,"date":"2025-12-12T12:30:37","date_gmt":"2025-12-12T11:30:37","guid":{"rendered":"https:\/\/wordpress.nibis.de\/vossbarg\/?page_id=2183"},"modified":"2026-02-21T15:50:30","modified_gmt":"2026-02-21T14:50:30","slug":"textil-frau-dag","status":"publish","type":"page","link":"https:\/\/wordpress.nibis.de\/vossbarg\/textil-frau-dag\/","title":{"rendered":"Textil (Frau Dag)"},"content":{"rendered":"\n<p id=\"block-8ca2c604-f690-483a-bc7d-6f10b377da9f\">Kreativit\u00e4t und Handwerk vereint<\/p>\n\n\n\n<p id=\"block-8ca2c604-f690-483a-bc7d-6f10b377da9f\">In der Textil AG an unserer Schule dreht sich alles um die Kunst der Textilgestaltung. Hier haben Sch\u00fclerinnen und Sch\u00fcler die M\u00f6glichkeit, ihre Kreativit\u00e4t auszuleben und praktische F\u00e4higkeiten im Umgang mit Stoffen, N\u00e4hen und Textilgestaltung zu erlernen. Wir arbeiten an spannenden Projekten, die sowohl handwerkliche Fertigkeiten als auch ein Gesp\u00fcr f\u00fcr Design und Nachhaltigkeit f\u00f6rdern. Vom ersten Entwurf bis zum fertigen Produkt \u2013 in der Textil AG gestalten wir mit Stoffen und Maschinen individuelle Werke, die nicht nur funktional, sondern auch \u00e4sthetisch sind. Egal, ob Anf\u00e4nger oder Fortgeschrittener \u2013 bei uns ist jede\\*r willkommen, die Welt der Textilien zu entdecken!<\/p>\n\n\n\n<p><\/p>\n","protected":false},"excerpt":{"rendered":"<p>Kreativit\u00e4t und Handwerk vereint In der Textil AG an unserer Schule dreht sich alles um die Kunst der Textilgestaltung. Hier haben Sch\u00fclerinnen und Sch\u00fcler die M\u00f6glichkeit, ihre Kreativit\u00e4t auszuleben und praktische F\u00e4higkeiten im Umgang mit Stoffen, N\u00e4hen und Textilgestaltung zu erlernen. Wir arbeiten an spannenden Projekten, die sowohl handwerkliche Fertigkeiten als auch ein Gesp\u00fcr f\u00fcr [&hellip;]<\/p>\n","protected":false},"author":9192954,"featured_media":0,"parent":0,"menu_order":0,"comment_status":"closed","ping_status":"closed","template":"","meta":{"footnotes":""},"class_list":["post-2183","page","type-page","status-publish","hentry"],"_links":{"self":[{"href":"https:\/\/wordpress.nibis.de\/vossbarg\/wp-json\/wp\/v2\/pages\/2183","targetHints":{"allow":["GET"]}}],"collection":[{"href":"https:\/\/wordpress.nibis.de\/vossbarg\/wp-json\/wp\/v2\/pages"}],"about":[{"href":"https:\/\/wordpress.nibis.de\/vossbarg\/wp-json\/wp\/v2\/types\/page"}],"author":[{"embeddable":true,"href":"https:\/\/wordpress.nibis.de\/vossbarg\/wp-json\/wp\/v2\/users\/9192954"}],"replies":[{"embeddable":true,"href":"https:\/\/wordpress.nibis.de\/vossbarg\/wp-json\/wp\/v2\/comments?post=2183"}],"version-history":[{"count":2,"href":"https:\/\/wordpress.nibis.de\/vossbarg\/wp-json\/wp\/v2\/pages\/2183\/revisions"}],"predecessor-version":[{"id":2370,"href":"https:\/\/wordpress.nibis.de\/vossbarg\/wp-json\/wp\/v2\/pages\/2183\/revisions\/2370"}],"wp:attachment":[{"href":"https:\/\/wordpress.nibis.de\/vossbarg\/wp-json\/wp\/v2\/media?parent=2183"}],"curies":[{"name":"wp","href":"https:\/\/api.w.org\/{rel}","templated":true}]}}