{"id":297,"date":"2019-07-25T11:57:21","date_gmt":"2019-07-25T09:57:21","guid":{"rendered":"https:\/\/wordpress.nibis.de\/vossbarg\/?page_id=297"},"modified":"2020-09-23T13:29:58","modified_gmt":"2020-09-23T11:29:58","slug":"unsere-sponsoren","status":"publish","type":"page","link":"https:\/\/wordpress.nibis.de\/vossbarg\/unsere-sponsoren\/","title":{"rendered":"Unsere Sponsoren"},"content":{"rendered":"<p>Unser Dank gilt den hier aufgef\u00fchrten Betrieben und Verb\u00e4nden, die unsere Projekte finanziell und pers\u00f6nlich unterst\u00fctzt und erm\u00f6glicht haben.<\/p>\n<p>Vielen Danke an den F\u00f6rderverein PAEDALE (Oldenburg) f\u00fcr den F\u00f6rderpreis f\u00fcr die Sch\u00fclerfirma &#8222;Iss Was&#8220;<\/p>\n<p>Das Projekt &#8222;Bienen&#8220; im Schulgarten (2007-2009) wurde gef\u00f6rdert von:<\/p>\n<p>&#8211; <a href=\"https:\/\/www.ndr.de\/fernsehen\/sendungen\/bingo_die_umweltlotterie\/index.html\">Bingo! Die Umweltlotterie<\/a><\/p>\n<p>&#8211; <a href=\"https:\/\/www.olb.de\/Service\/Kontakt-und-Informationen\/Kontaktaufnahme\/Filialfinder\/Filialen\/Rastede\">OLB Rastede<\/a><\/p>\n<p>&#8211; <a href=\"https:\/\/www.raiba-rastede.de\/privatkunden.html\">Raiffeisenbank Rastede<\/a><\/p>\n<p>&#8211; <a href=\"https:\/\/www.sparkasse.de\/filialen\/r\/landessparkasse-zu-oldenburg-filiale-rastede\/111219.html\">LzO Rastede<\/a><\/p>\n<p>Vielen Dank f\u00fcr die finanzielle Unterst\u00fctzung.<\/p>\n<p>Vielen Dank an <span style=\"color: #008080\">Landwirt Heinz-Gerd Clau\u00dfen<\/span> f\u00fcr die Spende f\u00fcr den Schulacker<\/p>\n<p>Vielen Dank an <span style=\"color: #008080\">Landwirt Jan-Gerd Gebken<\/span> f\u00fcr das Pfl\u00fcgen und Fr\u00e4sen unseres Schulackers<\/p>\n<p>Wir danken der\u00a0<a href=\"http:\/\/www.mueller-egerer.de\">B\u00e4ckerei M\u00fcller-Egerer<\/a> f\u00fcr Ihre Spende f\u00fcr den Mittagstisch (2008)<\/p>\n<p>Wir danken dem\u00a0<a href=\"https:\/\/oldenburg-ammerland.rotary.de\/\">Rotary-Club Oldenburg\/Ammerland<\/a> f\u00fcr die Spende zugunsten des Projekts Steinofen (2009).<\/p>\n<p>Vielen Dank an Steuerberater <a href=\"https:\/\/www.gramberg-steuerberater.de\/\">E. Gramberg (Oldenburg)<\/a> f\u00fcr Ihre Spende zugunsten unseres sch\u00f6nen Steinofens.<\/p>\n<p>Wir danken dem <a href=\"https:\/\/www.lions.de\/web\/lc-rastede\/start\">Lions Club Rastede.<\/a><\/p>\n<p>Vielen Dank an die Europ\u00e4ische Kommission zur <a href=\"http:\/\/comenius-projekte.eu\/eu-bildungsprogramme-2\/\">F\u00f6rderung der Comenius Projekte<\/a> (2001-2003 und 2004-2007 sowie 2011-2013)<\/p>\n","protected":false},"excerpt":{"rendered":"<p>Unser Dank gilt den hier aufgef\u00fchrten Betrieben und Verb\u00e4nden, die unsere Projekte finanziell und pers\u00f6nlich unterst\u00fctzt und erm\u00f6glicht haben. Vielen Danke an den F\u00f6rderverein PAEDALE (Oldenburg) f\u00fcr den F\u00f6rderpreis f\u00fcr die Sch\u00fclerfirma &#8222;Iss Was&#8220; Das Projekt &#8222;Bienen&#8220; im Schulgarten (2007-2009) wurde gef\u00f6rdert von: &#8211; Bingo! Die Umweltlotterie &#8211; OLB Rastede &#8211; Raiffeisenbank Rastede &#8211; LzO [&hellip;]<\/p>\n","protected":false},"author":9192954,"featured_media":0,"parent":0,"menu_order":0,"comment_status":"closed","ping_status":"closed","template":"","meta":{"footnotes":""},"class_list":["post-297","page","type-page","status-publish","hentry"],"_links":{"self":[{"href":"https:\/\/wordpress.nibis.de\/vossbarg\/wp-json\/wp\/v2\/pages\/297","targetHints":{"allow":["GET"]}}],"collection":[{"href":"https:\/\/wordpress.nibis.de\/vossbarg\/wp-json\/wp\/v2\/pages"}],"about":[{"href":"https:\/\/wordpress.nibis.de\/vossbarg\/wp-json\/wp\/v2\/types\/page"}],"author":[{"embeddable":true,"href":"https:\/\/wordpress.nibis.de\/vossbarg\/wp-json\/wp\/v2\/users\/9192954"}],"replies":[{"embeddable":true,"href":"https:\/\/wordpress.nibis.de\/vossbarg\/wp-json\/wp\/v2\/comments?post=297"}],"version-history":[{"count":6,"href":"https:\/\/wordpress.nibis.de\/vossbarg\/wp-json\/wp\/v2\/pages\/297\/revisions"}],"predecessor-version":[{"id":992,"href":"https:\/\/wordpress.nibis.de\/vossbarg\/wp-json\/wp\/v2\/pages\/297\/revisions\/992"}],"wp:attachment":[{"href":"https:\/\/wordpress.nibis.de\/vossbarg\/wp-json\/wp\/v2\/media?parent=297"}],"curies":[{"name":"wp","href":"https:\/\/api.w.org\/{rel}","templated":true}]}}