{"id":301,"date":"2019-07-25T11:59:30","date_gmt":"2019-07-25T09:59:30","guid":{"rendered":"https:\/\/wordpress.nibis.de\/vossbarg\/?page_id=301"},"modified":"2019-08-09T14:14:03","modified_gmt":"2019-08-09T12:14:03","slug":"schulfruehstueck","status":"publish","type":"page","link":"https:\/\/wordpress.nibis.de\/vossbarg\/schulfruehstueck\/","title":{"rendered":"Schulfr\u00fchst\u00fcck"},"content":{"rendered":"\n<p><span style=\"color: #993300\"><strong>&#8230; morgens halb zehn am Vo\u00dfbarg<\/strong><\/span><\/p>\n\n\n\n<p>Alle Klassen bereiten t\u00e4glich wechselnd ein gesundes Schulfr\u00fchst\u00fcck zu. Ein hohes Ma\u00df an Verantwortung f\u00fcr die Schulgemeinschaft, denn alle Kinder, Jugendlichen und Erwachsenen haben sich auf das Angebot eingestellt. Nicht auszumalen, w\u00fcrde eine Klasse es einmal vergessen\u2026 . Schon die kombinierte Klasse 1-3 \u00fcbernimmt an einem Tag die Verantwortung f\u00fcr das leibliche Wohl der Kinder und Erwachsenen und bereichert mit ihren \u201eQuark\u00f6lies&#8220; den Schulvormittag.&nbsp;<\/p>\n<p>&nbsp;<\/p>\n<p>Die Arbeit ist fest in den jeweiligen Klassenstundenpl\u00e4nen verankert.<\/p>\n<p>Die Klassen sind sehr kreativ in der Erfindung neuer Fr\u00fchst\u00fccksangebote. Es gibt einen M\u00fcslitag, Fetabl\u00e4tterteigtaschen, Quarkspeisen, belegte Vollkornbr\u00f6tchen und vieles mehr.<\/p>\n<p>Einkaufen f\u00fcr die vielf\u00e4ltigen Angebote tun die Lehrkr\u00e4fte&#8230;<\/p>\n<p>Die Klassen sind sehr kreativ in der Erfindung neuer Fr\u00fchst\u00fccksangebote.<\/p>\n<p>Eine Portion kostet immer 0,30 \u20ac und das Angebot ist verl\u00e4sslich. Verkauft werden pro Tag ca. 80 Portionen, der Gewinn wandert in die jeweilige Klassenkasse. Hiervon wird bed\u00fcrftigen Kindern das Fr\u00fchst\u00fcck oder der&nbsp;Mittagstisch erm\u00f6glicht und Ausfl\u00fcge etc. werden bezahlt, die das Budget der Eltern \u00fcberfordern w\u00fcrden.<\/p>\n<p>Die Klassen zahlen f\u00fcr ihren Verkaufstag einen Euro Steuern in eine Gemeinschaftskasse. Mit diesem Geld werden Fr\u00fchst\u00fccksangebote bezuschusst, die aufgrund vieler teurer Zutaten (Obst, etc.) ohne finanzielle F\u00f6rderung nicht zum Preis von 0,30 \u20ac verkauft werden k\u00f6nnten.<\/p>\n<p>Die Kontinuit\u00e4t, mit der das Projekt&nbsp;&nbsp;betrieben wird, hat dazu gef\u00fchrt, dass kaum noch S\u00fc\u00dfigkeiten als \u201eFr\u00fchst\u00fcck\u201c mit in die Schule gebracht werden und niemand mit knurrendem Magen in den Unterricht geht.<\/p>\n<p>Bis zum heutigen Tag wurden weit \u00fcber 100.000 Fr\u00fchst\u00fccksportionen verkauft!<\/p>\n<p>Ein vom OOWV (Oldenburgisch-Ostfriesischer Wasserverband) gespendeter Trinkwasserbrunnen rundet das Projekt \u201eMorgens halb zehn am Vo\u00dfbarg\u201c ab.<\/p>\n\n\n\n<ul class=\"wp-block-gallery columns-3 is-cropped wp-block-gallery-1 is-layout-flex wp-block-gallery-is-layout-flex\"><li class=\"blocks-gallery-item\"><figure><img loading=\"lazy\" decoding=\"async\" width=\"800\" height=\"600\" src=\"https:\/\/wordpress.nibis.de\/vossbarg\/files\/2019\/08\/02.06.05-024.jpg\" alt=\"\" data-id=\"468\" data-link=\"https:\/\/wordpress.nibis.de\/vossbarg\/?attachment_id=468\" class=\"wp-image-468\" srcset=\"https:\/\/wordpress.nibis.de\/vossbarg\/files\/2019\/08\/02.06.05-024.jpg 800w, https:\/\/wordpress.nibis.de\/vossbarg\/files\/2019\/08\/02.06.05-024-768x576.jpg 768w\" sizes=\"auto, (max-width: 800px) 100vw, 800px\" \/><\/figure><\/li><li class=\"blocks-gallery-item\"><figure><img loading=\"lazy\" decoding=\"async\" width=\"800\" height=\"600\" src=\"https:\/\/wordpress.nibis.de\/vossbarg\/files\/2019\/08\/100_0807.jpg\" alt=\"\" data-id=\"469\" data-link=\"https:\/\/wordpress.nibis.de\/vossbarg\/?attachment_id=469\" class=\"wp-image-469\" srcset=\"https:\/\/wordpress.nibis.de\/vossbarg\/files\/2019\/08\/100_0807.jpg 800w, https:\/\/wordpress.nibis.de\/vossbarg\/files\/2019\/08\/100_0807-768x576.jpg 768w\" sizes=\"auto, (max-width: 800px) 100vw, 800px\" \/><\/figure><\/li><li class=\"blocks-gallery-item\"><figure><img loading=\"lazy\" decoding=\"async\" width=\"600\" height=\"675\" src=\"https:\/\/wordpress.nibis.de\/vossbarg\/files\/2019\/08\/100_0814-600x675.jpg\" alt=\"\" data-id=\"470\" data-link=\"https:\/\/wordpress.nibis.de\/vossbarg\/?attachment_id=470\" class=\"wp-image-470\" \/><\/figure><\/li><li class=\"blocks-gallery-item\"><figure><img loading=\"lazy\" decoding=\"async\" width=\"600\" height=\"675\" src=\"https:\/\/wordpress.nibis.de\/vossbarg\/files\/2019\/08\/100_0819-600x675.jpg\" alt=\"\" data-id=\"471\" data-link=\"https:\/\/wordpress.nibis.de\/vossbarg\/?attachment_id=471\" class=\"wp-image-471\" \/><\/figure><\/li><li class=\"blocks-gallery-item\"><figure><img loading=\"lazy\" decoding=\"async\" width=\"800\" height=\"600\" src=\"https:\/\/wordpress.nibis.de\/vossbarg\/files\/2019\/08\/DSCF2149.jpg\" alt=\"\" data-id=\"472\" data-link=\"https:\/\/wordpress.nibis.de\/vossbarg\/?attachment_id=472\" class=\"wp-image-472\" srcset=\"https:\/\/wordpress.nibis.de\/vossbarg\/files\/2019\/08\/DSCF2149.jpg 800w, https:\/\/wordpress.nibis.de\/vossbarg\/files\/2019\/08\/DSCF2149-768x576.jpg 768w\" sizes=\"auto, (max-width: 800px) 100vw, 800px\" \/><\/figure><\/li><li class=\"blocks-gallery-item\"><figure><img loading=\"lazy\" decoding=\"async\" width=\"1024\" height=\"675\" src=\"https:\/\/wordpress.nibis.de\/vossbarg\/files\/2019\/08\/100_0821-1024x675.jpg\" alt=\"\" data-id=\"473\" data-link=\"https:\/\/wordpress.nibis.de\/vossbarg\/?attachment_id=473\" class=\"wp-image-473\" srcset=\"https:\/\/wordpress.nibis.de\/vossbarg\/files\/2019\/08\/100_0821-1024x675.jpg 1024w, https:\/\/wordpress.nibis.de\/vossbarg\/files\/2019\/08\/100_0821-75x50.jpg 75w\" sizes=\"auto, (max-width: 1024px) 100vw, 1024px\" \/><\/figure><\/li><\/ul>\n","protected":false},"excerpt":{"rendered":"<p>&#8230; morgens halb zehn am Vo\u00dfbarg Alle Klassen bereiten t\u00e4glich wechselnd ein gesundes Schulfr\u00fchst\u00fcck zu. Ein hohes Ma\u00df an Verantwortung f\u00fcr die Schulgemeinschaft, denn alle Kinder, Jugendlichen und Erwachsenen haben sich auf das Angebot eingestellt. Nicht auszumalen, w\u00fcrde eine Klasse es einmal vergessen\u2026 . Schon die kombinierte Klasse 1-3 \u00fcbernimmt an einem Tag die Verantwortung [&hellip;]<\/p>\n","protected":false},"author":9192954,"featured_media":0,"parent":0,"menu_order":0,"comment_status":"closed","ping_status":"closed","template":"","meta":{"footnotes":""},"class_list":["post-301","page","type-page","status-publish","hentry"],"_links":{"self":[{"href":"https:\/\/wordpress.nibis.de\/vossbarg\/wp-json\/wp\/v2\/pages\/301","targetHints":{"allow":["GET"]}}],"collection":[{"href":"https:\/\/wordpress.nibis.de\/vossbarg\/wp-json\/wp\/v2\/pages"}],"about":[{"href":"https:\/\/wordpress.nibis.de\/vossbarg\/wp-json\/wp\/v2\/types\/page"}],"author":[{"embeddable":true,"href":"https:\/\/wordpress.nibis.de\/vossbarg\/wp-json\/wp\/v2\/users\/9192954"}],"replies":[{"embeddable":true,"href":"https:\/\/wordpress.nibis.de\/vossbarg\/wp-json\/wp\/v2\/comments?post=301"}],"version-history":[{"count":5,"href":"https:\/\/wordpress.nibis.de\/vossbarg\/wp-json\/wp\/v2\/pages\/301\/revisions"}],"predecessor-version":[{"id":474,"href":"https:\/\/wordpress.nibis.de\/vossbarg\/wp-json\/wp\/v2\/pages\/301\/revisions\/474"}],"wp:attachment":[{"href":"https:\/\/wordpress.nibis.de\/vossbarg\/wp-json\/wp\/v2\/media?parent=301"}],"curies":[{"name":"wp","href":"https:\/\/api.w.org\/{rel}","templated":true}]}}