{"id":486,"date":"2019-08-29T15:41:46","date_gmt":"2019-08-29T13:41:46","guid":{"rendered":"https:\/\/wordpress.nibis.de\/vossbarg\/?page_id=486"},"modified":"2026-01-23T13:10:31","modified_gmt":"2026-01-23T12:10:31","slug":"cafe-am-teich","status":"publish","type":"page","link":"https:\/\/wordpress.nibis.de\/vossbarg\/cafe-am-teich\/","title":{"rendered":"Cafe am Teich(Frau Sch\u00fc\u00fcrmann)"},"content":{"rendered":"\n<p>Das Caf\u00e9 am Teich ist bei unseren Sch\u00fclerinnen und Sch\u00fclern sowie unseren Lehrkr\u00e4ften sehr beliebt.<\/p>\n<p>Treffpunkt ist in den AG-Pausen, montags bis donnerstags von 15 Uhr bis 15.15.<\/p>\n<p>Es gibt Kakao und verschiedene S\u00e4fte f\u00fcr jeweils 0,30\u20ac. F\u00fcr unsere Lehrkr\u00e4fte bieten wir Kaffee f\u00fcr 1\u20ac. Tee und Wasser sind grunds\u00e4tzlich f\u00fcr alle umsonst, damit jeder, egal welcher soziale Hintergrund, etwas Warmes oder Kaltes zu trinken hat.<\/p>\n<p>Die Sch\u00fcler arbeiten als Team zusammen, sie lernen wie man in einem Caf\u00e9 richtig bestellt und wie Arbeitsabl\u00e4ufe einzuteilen sind.<\/p>\n<p>Gelegentlich gibt es kleine leckere Snacks, die f\u00fcr wenig Geld angeboten werden.<\/p>\n<p>\u00a0<\/p>\n\n\n\n<figure class=\"wp-block-image size-full is-resized\"><img loading=\"lazy\" decoding=\"async\" width=\"640\" height=\"556\" src=\"https:\/\/wordpress.nibis.de\/vossbarg\/files\/2019\/12\/CaTeich-2.png\" alt=\"\" class=\"wp-image-875\" style=\"width:284px;height:247px\" \/><\/figure>\n\n\n\n<figure class=\"wp-block-image size-large is-resized\"><img loading=\"lazy\" decoding=\"async\" width=\"1200\" height=\"675\" src=\"https:\/\/wordpress.nibis.de\/vossbarg\/files\/2026\/01\/IMG_0134-1200x675.jpeg\" alt=\"\" class=\"wp-image-2305\" style=\"width:548px;height:auto\" srcset=\"https:\/\/wordpress.nibis.de\/vossbarg\/files\/2026\/01\/IMG_0134-1200x675.jpeg 1200w, https:\/\/wordpress.nibis.de\/vossbarg\/files\/2026\/01\/IMG_0134-850x478.jpeg 850w, https:\/\/wordpress.nibis.de\/vossbarg\/files\/2026\/01\/IMG_0134-250x141.jpeg 250w\" sizes=\"auto, (max-width: 1200px) 100vw, 1200px\" \/><\/figure>\n","protected":false},"excerpt":{"rendered":"<p>Das Caf\u00e9 am Teich ist bei unseren Sch\u00fclerinnen und Sch\u00fclern sowie unseren Lehrkr\u00e4ften sehr beliebt. Treffpunkt ist in den AG-Pausen, montags bis donnerstags von 15 Uhr bis 15.15. Es gibt Kakao und verschiedene S\u00e4fte f\u00fcr jeweils 0,30\u20ac. F\u00fcr unsere Lehrkr\u00e4fte bieten wir Kaffee f\u00fcr 1\u20ac. Tee und Wasser sind grunds\u00e4tzlich f\u00fcr alle umsonst, damit jeder, [&hellip;]<\/p>\n","protected":false},"author":9192954,"featured_media":0,"parent":0,"menu_order":0,"comment_status":"closed","ping_status":"closed","template":"","meta":{"footnotes":""},"class_list":["post-486","page","type-page","status-publish","hentry"],"_links":{"self":[{"href":"https:\/\/wordpress.nibis.de\/vossbarg\/wp-json\/wp\/v2\/pages\/486","targetHints":{"allow":["GET"]}}],"collection":[{"href":"https:\/\/wordpress.nibis.de\/vossbarg\/wp-json\/wp\/v2\/pages"}],"about":[{"href":"https:\/\/wordpress.nibis.de\/vossbarg\/wp-json\/wp\/v2\/types\/page"}],"author":[{"embeddable":true,"href":"https:\/\/wordpress.nibis.de\/vossbarg\/wp-json\/wp\/v2\/users\/9192954"}],"replies":[{"embeddable":true,"href":"https:\/\/wordpress.nibis.de\/vossbarg\/wp-json\/wp\/v2\/comments?post=486"}],"version-history":[{"count":27,"href":"https:\/\/wordpress.nibis.de\/vossbarg\/wp-json\/wp\/v2\/pages\/486\/revisions"}],"predecessor-version":[{"id":2306,"href":"https:\/\/wordpress.nibis.de\/vossbarg\/wp-json\/wp\/v2\/pages\/486\/revisions\/2306"}],"wp:attachment":[{"href":"https:\/\/wordpress.nibis.de\/vossbarg\/wp-json\/wp\/v2\/media?parent=486"}],"curies":[{"name":"wp","href":"https:\/\/api.w.org\/{rel}","templated":true}]}}