{"id":505,"date":"2019-09-12T15:34:12","date_gmt":"2019-09-12T13:34:12","guid":{"rendered":"https:\/\/wordpress.nibis.de\/vossbarg\/?page_id=505"},"modified":"2025-06-19T15:29:25","modified_gmt":"2025-06-19T13:29:25","slug":"klasse-7","status":"publish","type":"page","link":"https:\/\/wordpress.nibis.de\/vossbarg\/klasse-7\/","title":{"rendered":"Klasse 7"},"content":{"rendered":"\n<p>Wir sind zwei Klassen mit <strong>drei Lehrkr\u00e4ften<\/strong>. <\/p>\n\n\n\n<p>Insgesamt 23 Sch\u00fclerinnen und Sch\u00fcler werden von Frau Schulz, Herrn Baus und Herrn M\u00f6dden als Klassenlehrerteam betreut. <\/p>\n\n\n\n<p>Unser Schulausflug nach Oldenburg war eine wirklich besondere Erfahrung f\u00fcr die Klasse 7. Wir hatten die Gelegenheit, an einem spannenden Workshop bei der Jugendkulturarbeit teilzunehmen, der uns tief in das Thema unserer Gedenkst\u00e4tten eintauchen lie\u00df. Besonders beeindruckend war, dass der Fokus auf der Sichtweise von Kindern und Jugendlichen lag &#8211; das macht die Erfahrung noch pers\u00f6nlicher und greifbarer. <\/p>\n\n\n\n<p>W\u00e4hrend des Workshops haben wir viel \u00fcber die Geschichte unserer Gedenkst\u00e4tten gelernt und dar\u00fcber, wie wichtig es ist, Sich mit der Vergangenheit auseinanderzusetzen. Es war interessant zu sehen, wie junge Menschen die Geschichte warnehmen und welche Fragen sie dazu haben. Die Atmosph\u00e4re war offen und freundlich, und wir konnten unsere Gedanken und Gef\u00fchle frei teilen. Der Ausflug nach Oldenburg hat uns nicht nur viel Wissen vermittelt, sondern auch zum Nachdenken angeregt. Es war ein tolle Gelegenheit, Gedenkst\u00e4tten zu erfahren &#8211; aus der Perspektive der Kinder und Jugendlichen. Insgesamt war es ein unvergessliches Erlebnis, das uns noch lange in der Erinnerung bleiben wird! <\/p>\n\n\n\n<p>Hier nun noch ein paar Einblicke.\ud83d\ude4b\u2764\ufe0f\ud83d\udc9e\u263a\ufe0f\ud83d\udc6c\ud83d\udc6d\ud83d\udc6b\u2764\ufe0f\ud83d\udc9e\u263a\ufe0f<\/p>\n\n\n\n<figure class=\"wp-block-image size-large is-resized\"><img loading=\"lazy\" decoding=\"async\" src=\"https:\/\/wordpress.nibis.de\/vossbarg\/files\/2025\/06\/PXL_20250612_090732013.MP_-1200x675.jpg\" alt=\"\" class=\"wp-image-1884\" width=\"344\" height=\"193\" srcset=\"https:\/\/wordpress.nibis.de\/vossbarg\/files\/2025\/06\/PXL_20250612_090732013.MP_-1200x675.jpg 1200w, https:\/\/wordpress.nibis.de\/vossbarg\/files\/2025\/06\/PXL_20250612_090732013.MP_-850x478.jpg 850w, https:\/\/wordpress.nibis.de\/vossbarg\/files\/2025\/06\/PXL_20250612_090732013.MP_-250x141.jpg 250w, https:\/\/wordpress.nibis.de\/vossbarg\/files\/2025\/06\/PXL_20250612_090732013.MP_-768x432.jpg 768w, https:\/\/wordpress.nibis.de\/vossbarg\/files\/2025\/06\/PXL_20250612_090732013.MP_-1536x864.jpg 1536w, https:\/\/wordpress.nibis.de\/vossbarg\/files\/2025\/06\/PXL_20250612_090732013.MP_-2048x1152.jpg 2048w\" sizes=\"auto, (max-width: 344px) 100vw, 344px\" \/><figcaption>ihr sieht man ein gestalten Raum von anderen Klassen.\ud83d\udc6b<\/figcaption><\/figure>\n\n\n\n<figure class=\"wp-block-image size-large is-resized\"><img loading=\"lazy\" decoding=\"async\" src=\"https:\/\/wordpress.nibis.de\/vossbarg\/files\/2025\/06\/PXL_20250612_102600230.MP_-1200x675.jpg\" alt=\"\" class=\"wp-image-1885\" width=\"398\" height=\"223\" srcset=\"https:\/\/wordpress.nibis.de\/vossbarg\/files\/2025\/06\/PXL_20250612_102600230.MP_-1200x675.jpg 1200w, https:\/\/wordpress.nibis.de\/vossbarg\/files\/2025\/06\/PXL_20250612_102600230.MP_-850x478.jpg 850w, https:\/\/wordpress.nibis.de\/vossbarg\/files\/2025\/06\/PXL_20250612_102600230.MP_-250x141.jpg 250w\" sizes=\"auto, (max-width: 398px) 100vw, 398px\" \/><figcaption>So sieht das Gel\u00e4nde aus \ud83d\udc9e\u263a\ufe0f<\/figcaption><\/figure>\n\n\n\n<figure class=\"wp-block-image size-large is-resized\"><img loading=\"lazy\" decoding=\"async\" src=\"https:\/\/wordpress.nibis.de\/vossbarg\/files\/2025\/06\/PXL_20250612_102553722.MP_-1200x675.jpg\" alt=\"\" class=\"wp-image-1888\" width=\"388\" height=\"217\" srcset=\"https:\/\/wordpress.nibis.de\/vossbarg\/files\/2025\/06\/PXL_20250612_102553722.MP_-1200x675.jpg 1200w, https:\/\/wordpress.nibis.de\/vossbarg\/files\/2025\/06\/PXL_20250612_102553722.MP_-850x478.jpg 850w, https:\/\/wordpress.nibis.de\/vossbarg\/files\/2025\/06\/PXL_20250612_102553722.MP_-250x141.jpg 250w, https:\/\/wordpress.nibis.de\/vossbarg\/files\/2025\/06\/PXL_20250612_102553722.MP_-768x432.jpg 768w, https:\/\/wordpress.nibis.de\/vossbarg\/files\/2025\/06\/PXL_20250612_102553722.MP_-1536x864.jpg 1536w, https:\/\/wordpress.nibis.de\/vossbarg\/files\/2025\/06\/PXL_20250612_102553722.MP_-2048x1152.jpg 2048w\" sizes=\"auto, (max-width: 388px) 100vw, 388px\" \/><figcaption>so sieht das Kasernengeb\u00e4ude aus. <\/figcaption><\/figure>\n","protected":false},"excerpt":{"rendered":"<p>Wir sind zwei Klassen mit drei Lehrkr\u00e4ften. Insgesamt 23 Sch\u00fclerinnen und Sch\u00fcler werden von Frau Schulz, Herrn Baus und Herrn M\u00f6dden als Klassenlehrerteam betreut. Unser Schulausflug nach Oldenburg war eine wirklich besondere Erfahrung f\u00fcr die Klasse 7. Wir hatten die Gelegenheit, an einem spannenden Workshop bei der Jugendkulturarbeit teilzunehmen, der uns tief in das Thema [&hellip;]<\/p>\n","protected":false},"author":9192954,"featured_media":0,"parent":0,"menu_order":0,"comment_status":"closed","ping_status":"closed","template":"","meta":{"footnotes":""},"class_list":["post-505","page","type-page","status-publish","hentry"],"_links":{"self":[{"href":"https:\/\/wordpress.nibis.de\/vossbarg\/wp-json\/wp\/v2\/pages\/505","targetHints":{"allow":["GET"]}}],"collection":[{"href":"https:\/\/wordpress.nibis.de\/vossbarg\/wp-json\/wp\/v2\/pages"}],"about":[{"href":"https:\/\/wordpress.nibis.de\/vossbarg\/wp-json\/wp\/v2\/types\/page"}],"author":[{"embeddable":true,"href":"https:\/\/wordpress.nibis.de\/vossbarg\/wp-json\/wp\/v2\/users\/9192954"}],"replies":[{"embeddable":true,"href":"https:\/\/wordpress.nibis.de\/vossbarg\/wp-json\/wp\/v2\/comments?post=505"}],"version-history":[{"count":12,"href":"https:\/\/wordpress.nibis.de\/vossbarg\/wp-json\/wp\/v2\/pages\/505\/revisions"}],"predecessor-version":[{"id":1890,"href":"https:\/\/wordpress.nibis.de\/vossbarg\/wp-json\/wp\/v2\/pages\/505\/revisions\/1890"}],"wp:attachment":[{"href":"https:\/\/wordpress.nibis.de\/vossbarg\/wp-json\/wp\/v2\/media?parent=505"}],"curies":[{"name":"wp","href":"https:\/\/api.w.org\/{rel}","templated":true}]}}