{"id":72,"date":"2019-06-04T15:10:06","date_gmt":"2019-06-04T13:10:06","guid":{"rendered":"https:\/\/wordpress.nibis.de\/vossbarg\/?page_id=72"},"modified":"2019-06-05T13:30:22","modified_gmt":"2019-06-05T11:30:22","slug":"projekte","status":"publish","type":"page","link":"https:\/\/wordpress.nibis.de\/vossbarg\/projekte\/","title":{"rendered":"Projekte"},"content":{"rendered":"\n<h4 class=\"p3\" style=\"text-align: center\"><b>\u201eDas Leben ist nicht zu ertragen, es ist zu gestalten\u201c<\/b><\/h4>\n<p class=\"p3\">Gem\u00e4\u00df einer schulbezogenen Analogie, die besagt, dass die Sch\u00fclerInnen die Schule nicht nur ertragen, sondern sich in dieser als Gestaltende erleben sollen, haben wir in den letzten Jahren immer mehr Projekte und Formen handelnden Unterrichts entwickelt, in denen Kinder und Jugendliche aktiv ihr Schulleben mitgestalten.\u00a0<\/p>\n<ul class=\"ul1\">\n<li class=\"li1\">Das Schulgel\u00e4nde wurde naturnah umgestaltet, ein Teich mit angrenzendem Insektenhotel und Sinnespfad wurden angelegt.<\/li>\n<li class=\"li1\">Abwechselnd stellen alle Klassen ein\u00a0 t\u00e4glich wechselndes gesundes und nahrhaftes Fr\u00fchst\u00fccksangebot f\u00fcr die gesamte Schulgemeinschaft her.<\/li>\n<li class=\"li1\">Eine Sch\u00fclerfirma mit verschiedenen Abteilungen wurde gegr\u00fcndet: \u201eIss was\u201c stellt an Ganztagen Mittagessen f\u00fcr Lehrkr\u00e4fte und Sch\u00fcler her, \u201ehei\u00dfe Eisen\u201c b\u00fcgelt W\u00e4sche, die Abteilung \u201eSchulacker\u201c bewirtschaftet den Schulacker und eine Obstwiese, auf der die Abteilung \u201eBienen im Schulgarten\u201c Bienenst\u00f6cke aufstellt, um Honig zu produzieren. Das auf dem Acker produzierte Obst und Gem\u00fcse kommt\u00a0 schlie\u00dflich der der Firma \u201eIss was\u201c zugute.<\/li>\n<li class=\"li1\">Sch\u00fclerband und Musik-AG \u00fcben St\u00fccke ein, um diese bei Feiern und bei Sch\u00fclerbandtreffen einem begeisterten Publikum vorzuspielen.<\/li>\n<li class=\"li1\">Eine M\u00e4dchenarbeitsgemeinschaft gestaltete die M\u00e4dchentoilette um.<\/li>\n<li class=\"li1\">Eine \u201eLesegeister\u201c Arbeitsgemeinschaft \u00fcbt das Vorlesen von Kinderb\u00fcchern, um diese dann im Kindergarten kleineren Kindern vorzulesen.<\/li>\n<li class=\"li1\">Kinder und Jugendliche erfahren sich z.B. als Abteilungsleiter einer Sch\u00fclerfirma, nehmen an Imkerkursen teil, verkaufen selbst hergestellte Ware und erstellen nach vollzogenem Verkauf eine Bilanz, fahren zu Lesewettbewerben und Sportturnieren und kehren mit Urkunden, Medaillen und Pokalen heim.<\/li>\n<li class=\"li1\">Mit dem seit neun Jahren verl\u00e4sslich angebotenen Schulfr\u00fchst\u00fcck verschwand auch der Hunger einiger Kinder und das\u00a0 \u00fcberm\u00e4\u00dfige Konsumieren von Zucker \u2013 S\u00fc\u00dfigkeiten anderer Kinder und die damit einhergehenden Probleme im t\u00e4glichen Unterricht.\u00a0<\/li>\n<\/ul>\n<div>\u00a0<\/div>\n<h4 style=\"text-align: center\"><strong><span style=\"font-size: medium\">&#8222;Sag es mir, und ich werde es vergessen.\u00a0<br \/>Zeig es mir, und ich werde mich daran erinnern.\u00a0<br \/>Beteilige mich, und ich werde es verstehen.&#8220; (Lao-Tse)<\/span><\/strong><\/h4>\n\n\n\n<figure class=\"wp-block-image is-resized\"><a href=\"https:\/\/wordpress.nibis.de\/vossbarg\/?page_id=74\" rel=\"https:\/\/wordpress.nibis.de\/vossbarg\/?page_id=74\"><img loading=\"lazy\" decoding=\"async\" src=\"https:\/\/wordpress.nibis.de\/vossbarg\/files\/2019\/06\/100_1710.jpg\" alt=\"\" class=\"wp-image-26\" width=\"200\" height=\"150\" srcset=\"https:\/\/wordpress.nibis.de\/vossbarg\/files\/2019\/06\/100_1710.jpg 799w, https:\/\/wordpress.nibis.de\/vossbarg\/files\/2019\/06\/100_1710-768x576.jpg 768w\" sizes=\"auto, (max-width: 200px) 100vw, 200px\" \/><\/a><figcaption>Imkerei<\/figcaption><\/figure>\n","protected":false},"excerpt":{"rendered":"<p>\u201eDas Leben ist nicht zu ertragen, es ist zu gestalten\u201c Gem\u00e4\u00df einer schulbezogenen Analogie, die besagt, dass die Sch\u00fclerInnen die Schule nicht nur ertragen, sondern sich in dieser als Gestaltende erleben sollen, haben wir in den letzten Jahren immer mehr Projekte und Formen handelnden Unterrichts entwickelt, in denen Kinder und Jugendliche aktiv ihr Schulleben mitgestalten.\u00a0 [&hellip;]<\/p>\n","protected":false},"author":9192954,"featured_media":0,"parent":0,"menu_order":0,"comment_status":"closed","ping_status":"closed","template":"","meta":{"footnotes":""},"class_list":["post-72","page","type-page","status-publish","hentry"],"_links":{"self":[{"href":"https:\/\/wordpress.nibis.de\/vossbarg\/wp-json\/wp\/v2\/pages\/72","targetHints":{"allow":["GET"]}}],"collection":[{"href":"https:\/\/wordpress.nibis.de\/vossbarg\/wp-json\/wp\/v2\/pages"}],"about":[{"href":"https:\/\/wordpress.nibis.de\/vossbarg\/wp-json\/wp\/v2\/types\/page"}],"author":[{"embeddable":true,"href":"https:\/\/wordpress.nibis.de\/vossbarg\/wp-json\/wp\/v2\/users\/9192954"}],"replies":[{"embeddable":true,"href":"https:\/\/wordpress.nibis.de\/vossbarg\/wp-json\/wp\/v2\/comments?post=72"}],"version-history":[{"count":8,"href":"https:\/\/wordpress.nibis.de\/vossbarg\/wp-json\/wp\/v2\/pages\/72\/revisions"}],"predecessor-version":[{"id":221,"href":"https:\/\/wordpress.nibis.de\/vossbarg\/wp-json\/wp\/v2\/pages\/72\/revisions\/221"}],"wp:attachment":[{"href":"https:\/\/wordpress.nibis.de\/vossbarg\/wp-json\/wp\/v2\/media?parent=72"}],"curies":[{"name":"wp","href":"https:\/\/api.w.org\/{rel}","templated":true}]}}