{"id":74,"date":"2019-06-04T15:10:23","date_gmt":"2019-06-04T13:10:23","guid":{"rendered":"https:\/\/wordpress.nibis.de\/vossbarg\/?page_id=74"},"modified":"2025-12-05T13:07:48","modified_gmt":"2025-12-05T12:07:48","slug":"imkerei","status":"publish","type":"page","link":"https:\/\/wordpress.nibis.de\/vossbarg\/projekte\/imkerei\/","title":{"rendered":"Imkerei (Herr Sch\u00fctte)"},"content":{"rendered":"\n<ul class=\"wp-block-list\">\n<li>F\u00f6rderung des Umweltbewusstseins: Die Teilnehmenden lernen, welche wichtige Rolle Bienen bei der Best\u00e4ubung von Pflanzen spielen und wie sie zur Artenvielfalt beitragen.<\/li>\n<\/ul>\n\n\n\n<p>Verantwortung und Pflege: Die AG lehrt, wie man Bienenv\u00f6lker betreut, pflegt und was n\u00f6tig ist, damit sie gesund bleiben.<\/p>\n\n\n\n<p>Handwerkliche und naturwissenschaftliche Kompetenzen st\u00e4rken: Planung, Beobachtung, Umgang mit Rahmen und Waben, Honiggewinnung und Hygienebestimmungen sind Teil der Arbeit.<\/p>\n\n\n\n<p>Soziales Lernen: Zusammenarbeit, Geduld, Achtsamkeit und Zuverl\u00e4ssigkeit werden durch Arbeit in der Gruppe und im Umgang mit Tieren gef\u00f6rdert<\/p>\n\n\n\n<p>Die Imker\u2011AG am Vo\u00dfbarg bietet Sch\u00fclerinnen und Sch\u00fclern die M\u00f6glichkeit, das Leben der Bienen kennen zu lernen und aktiv an allen Stationen der Imkerei teilzunehmen. Durch theoretische Grundlagen und praktische Arbeit entsteht ein tieferes Verst\u00e4ndnis f\u00fcr Natur, Umwelt und Zusammenh\u00e4nge in \u00d6kosystemen<\/p>\n\n\n\n<p>F\u00f6rderung des Umweltbewusstseins: Die Teilnehmenden lernen, welche wichtige Rolle Bienen bei der Best\u00e4ubung von Pflanzen spielen und wie sie zur Artenvielfalt beitragen.<\/p>\n\n\n\n<p>Verantwortung und Pflege: Die AG lehrt, wie man Bienenv\u00f6lker betreut, pflegt und was n\u00f6tig ist, damit sie gesund bleiben.<\/p>\n\n\n\n<p>Handwerkliche und naturwissenschaftliche Kompetenzen st\u00e4rken: Planung, Beobachtung, Umgang mit Rahmen und Waben, Honiggewinnung und Hygienebestimmungen sind Teil der Arbeit.<\/p>\n\n\n\n<p>Soziales Lernen: Zusammenarbeit, Geduld, Achtsamkeit und Zuverl\u00e4ssigkeit werden durch Arbeit in der Gruppe und im Umgang mit Tieren gef\u00f6rdert . Der Honig ist frisch und Lecker. ( geschrieben von Aaron)<\/p>\n\n\n\n<figure class=\"wp-block-gallery aligncenter has-nested-images columns-4 is-cropped wp-block-gallery-1 is-layout-flex wp-block-gallery-is-layout-flex\">\n<figure class=\"wp-block-image\"><a href=\"https:\/\/wordpress.nibis.de\/vossbarg\/files\/2019\/06\/honigwabe-1.jpg\"><img loading=\"lazy\" decoding=\"async\" width=\"800\" height=\"600\" data-id=\"49\" src=\"https:\/\/wordpress.nibis.de\/vossbarg\/files\/2019\/06\/honigwabe-1.jpg\" alt=\"\" class=\"wp-image-49\" srcset=\"https:\/\/wordpress.nibis.de\/vossbarg\/files\/2019\/06\/honigwabe-1.jpg 800w, https:\/\/wordpress.nibis.de\/vossbarg\/files\/2019\/06\/honigwabe-1-768x576.jpg 768w\" sizes=\"auto, (max-width: 800px) 100vw, 800px\" \/><\/a><\/figure>\n\n\n\n<figure class=\"wp-block-image\"><a href=\"https:\/\/wordpress.nibis.de\/vossbarg\/files\/2019\/06\/Honigabfu\u0308llung-012.jpg\"><img loading=\"lazy\" decoding=\"async\" width=\"798\" height=\"600\" data-id=\"48\" src=\"https:\/\/wordpress.nibis.de\/vossbarg\/files\/2019\/06\/Honigabfu\u0308llung-012.jpg\" alt=\"\" class=\"wp-image-48\" srcset=\"https:\/\/wordpress.nibis.de\/vossbarg\/files\/2019\/06\/Honigabfu\u0308llung-012.jpg 798w, https:\/\/wordpress.nibis.de\/vossbarg\/files\/2019\/06\/Honigabfu\u0308llung-012-768x577.jpg 768w\" sizes=\"auto, (max-width: 798px) 100vw, 798px\" \/><\/a><\/figure>\n\n\n\n<figure class=\"wp-block-image\"><a href=\"https:\/\/wordpress.nibis.de\/vossbarg\/files\/2019\/06\/Honigabfu\u0308llung-010.jpg\"><img loading=\"lazy\" decoding=\"async\" width=\"600\" height=\"675\" data-id=\"47\" src=\"https:\/\/wordpress.nibis.de\/vossbarg\/files\/2019\/06\/Honigabfu\u0308llung-010-600x675.jpg\" alt=\"\" class=\"wp-image-47\" \/><\/a><\/figure>\n\n\n\n<figure class=\"wp-block-image\"><a href=\"https:\/\/wordpress.nibis.de\/vossbarg\/files\/2019\/06\/Honigabfu\u0308llung-009-1.jpg\"><img loading=\"lazy\" decoding=\"async\" width=\"600\" height=\"675\" data-id=\"46\" src=\"https:\/\/wordpress.nibis.de\/vossbarg\/files\/2019\/06\/Honigabfu\u0308llung-009-1-600x675.jpg\" alt=\"\" class=\"wp-image-46\" \/><\/a><\/figure>\n\n\n\n<figure class=\"wp-block-image\"><a href=\"https:\/\/wordpress.nibis.de\/vossbarg\/files\/2019\/06\/Honigabfu\u0308llung-005-1.jpg\"><img loading=\"lazy\" decoding=\"async\" width=\"798\" height=\"600\" data-id=\"45\" src=\"https:\/\/wordpress.nibis.de\/vossbarg\/files\/2019\/06\/Honigabfu\u0308llung-005-1.jpg\" alt=\"\" class=\"wp-image-45\" srcset=\"https:\/\/wordpress.nibis.de\/vossbarg\/files\/2019\/06\/Honigabfu\u0308llung-005-1.jpg 798w, https:\/\/wordpress.nibis.de\/vossbarg\/files\/2019\/06\/Honigabfu\u0308llung-005-1-768x577.jpg 768w\" sizes=\"auto, (max-width: 798px) 100vw, 798px\" \/><\/a><\/figure>\n\n\n\n<figure class=\"wp-block-image\"><a href=\"https:\/\/wordpress.nibis.de\/vossbarg\/files\/2019\/06\/Honig-Ernte-2008-008-1.jpg\"><img loading=\"lazy\" decoding=\"async\" width=\"797\" height=\"599\" data-id=\"44\" src=\"https:\/\/wordpress.nibis.de\/vossbarg\/files\/2019\/06\/Honig-Ernte-2008-008-1.jpg\" alt=\"\" class=\"wp-image-44\" srcset=\"https:\/\/wordpress.nibis.de\/vossbarg\/files\/2019\/06\/Honig-Ernte-2008-008-1.jpg 797w, https:\/\/wordpress.nibis.de\/vossbarg\/files\/2019\/06\/Honig-Ernte-2008-008-1-768x577.jpg 768w\" sizes=\"auto, (max-width: 797px) 100vw, 797px\" \/><\/a><\/figure>\n\n\n\n<figure class=\"wp-block-image\"><a href=\"https:\/\/wordpress.nibis.de\/vossbarg\/files\/2019\/06\/Honig-Ernte-2008-006-1.jpg\"><img loading=\"lazy\" decoding=\"async\" width=\"797\" height=\"599\" data-id=\"43\" src=\"https:\/\/wordpress.nibis.de\/vossbarg\/files\/2019\/06\/Honig-Ernte-2008-006-1.jpg\" alt=\"\" class=\"wp-image-43\" srcset=\"https:\/\/wordpress.nibis.de\/vossbarg\/files\/2019\/06\/Honig-Ernte-2008-006-1.jpg 797w, https:\/\/wordpress.nibis.de\/vossbarg\/files\/2019\/06\/Honig-Ernte-2008-006-1-768x577.jpg 768w\" sizes=\"auto, (max-width: 797px) 100vw, 797px\" \/><\/a><\/figure>\n\n\n\n<figure class=\"wp-block-image\"><a href=\"https:\/\/wordpress.nibis.de\/vossbarg\/files\/2019\/06\/bienenstock-1.jpg\"><img loading=\"lazy\" decoding=\"async\" width=\"799\" height=\"599\" data-id=\"42\" src=\"https:\/\/wordpress.nibis.de\/vossbarg\/files\/2019\/06\/bienenstock-1.jpg\" alt=\"\" class=\"wp-image-42\" srcset=\"https:\/\/wordpress.nibis.de\/vossbarg\/files\/2019\/06\/bienenstock-1.jpg 799w, https:\/\/wordpress.nibis.de\/vossbarg\/files\/2019\/06\/bienenstock-1-768x576.jpg 768w\" sizes=\"auto, (max-width: 799px) 100vw, 799px\" \/><\/a><\/figure>\n\n\n\n<figure class=\"wp-block-image\"><a href=\"https:\/\/wordpress.nibis.de\/vossbarg\/files\/2019\/06\/100_1727-1.jpg\"><img loading=\"lazy\" decoding=\"async\" width=\"799\" height=\"599\" data-id=\"41\" src=\"https:\/\/wordpress.nibis.de\/vossbarg\/files\/2019\/06\/100_1727-1.jpg\" alt=\"\" class=\"wp-image-41\" srcset=\"https:\/\/wordpress.nibis.de\/vossbarg\/files\/2019\/06\/100_1727-1.jpg 799w, https:\/\/wordpress.nibis.de\/vossbarg\/files\/2019\/06\/100_1727-1-768x576.jpg 768w\" sizes=\"auto, (max-width: 799px) 100vw, 799px\" \/><\/a><\/figure>\n\n\n\n<figure class=\"wp-block-image\"><a href=\"https:\/\/wordpress.nibis.de\/vossbarg\/files\/2019\/06\/100_1725-1.jpg\"><img loading=\"lazy\" decoding=\"async\" width=\"799\" height=\"599\" data-id=\"40\" src=\"https:\/\/wordpress.nibis.de\/vossbarg\/files\/2019\/06\/100_1725-1.jpg\" alt=\"\" class=\"wp-image-40\" srcset=\"https:\/\/wordpress.nibis.de\/vossbarg\/files\/2019\/06\/100_1725-1.jpg 799w, https:\/\/wordpress.nibis.de\/vossbarg\/files\/2019\/06\/100_1725-1-768x576.jpg 768w\" sizes=\"auto, (max-width: 799px) 100vw, 799px\" \/><\/a><\/figure>\n\n\n\n<figure class=\"wp-block-image\"><a href=\"https:\/\/wordpress.nibis.de\/vossbarg\/files\/2019\/06\/Honigabfu\u0308llung-009.jpg\"><img loading=\"lazy\" decoding=\"async\" width=\"600\" height=\"675\" data-id=\"39\" src=\"https:\/\/wordpress.nibis.de\/vossbarg\/files\/2019\/06\/Honigabfu\u0308llung-009-600x675.jpg\" alt=\"\" class=\"wp-image-39\" \/><\/a><\/figure>\n\n\n\n<figure class=\"wp-block-image\"><a href=\"https:\/\/wordpress.nibis.de\/vossbarg\/files\/2019\/06\/Honigabfu\u0308llung-006.jpg\"><img loading=\"lazy\" decoding=\"async\" width=\"798\" height=\"600\" data-id=\"37\" src=\"https:\/\/wordpress.nibis.de\/vossbarg\/files\/2019\/06\/Honigabfu\u0308llung-006.jpg\" alt=\"\" class=\"wp-image-37\" srcset=\"https:\/\/wordpress.nibis.de\/vossbarg\/files\/2019\/06\/Honigabfu\u0308llung-006.jpg 798w, https:\/\/wordpress.nibis.de\/vossbarg\/files\/2019\/06\/Honigabfu\u0308llung-006-768x577.jpg 768w\" sizes=\"auto, (max-width: 798px) 100vw, 798px\" \/><\/a><\/figure>\n\n\n\n<figure class=\"wp-block-image\"><a href=\"https:\/\/wordpress.nibis.de\/vossbarg\/files\/2019\/06\/bienenstock.jpg\"><img loading=\"lazy\" decoding=\"async\" width=\"799\" height=\"599\" data-id=\"33\" src=\"https:\/\/wordpress.nibis.de\/vossbarg\/files\/2019\/06\/bienenstock.jpg\" alt=\"\" class=\"wp-image-33\" srcset=\"https:\/\/wordpress.nibis.de\/vossbarg\/files\/2019\/06\/bienenstock.jpg 799w, https:\/\/wordpress.nibis.de\/vossbarg\/files\/2019\/06\/bienenstock-768x576.jpg 768w\" sizes=\"auto, (max-width: 799px) 100vw, 799px\" \/><\/a><\/figure>\n\n\n\n<figure class=\"wp-block-image\"><a href=\"https:\/\/wordpress.nibis.de\/vossbarg\/files\/2019\/06\/100_1733.jpg\"><img loading=\"lazy\" decoding=\"async\" width=\"799\" height=\"599\" data-id=\"32\" src=\"https:\/\/wordpress.nibis.de\/vossbarg\/files\/2019\/06\/100_1733.jpg\" alt=\"\" class=\"wp-image-32\" srcset=\"https:\/\/wordpress.nibis.de\/vossbarg\/files\/2019\/06\/100_1733.jpg 799w, https:\/\/wordpress.nibis.de\/vossbarg\/files\/2019\/06\/100_1733-768x576.jpg 768w\" sizes=\"auto, (max-width: 799px) 100vw, 799px\" \/><\/a><\/figure>\n\n\n\n<figure class=\"wp-block-image\"><a href=\"https:\/\/wordpress.nibis.de\/vossbarg\/files\/2019\/06\/100_1727.jpg\"><img loading=\"lazy\" decoding=\"async\" width=\"799\" height=\"599\" data-id=\"30\" src=\"https:\/\/wordpress.nibis.de\/vossbarg\/files\/2019\/06\/100_1727.jpg\" alt=\"\" class=\"wp-image-30\" srcset=\"https:\/\/wordpress.nibis.de\/vossbarg\/files\/2019\/06\/100_1727.jpg 799w, https:\/\/wordpress.nibis.de\/vossbarg\/files\/2019\/06\/100_1727-768x576.jpg 768w\" sizes=\"auto, (max-width: 799px) 100vw, 799px\" \/><\/a><\/figure>\n\n\n\n<figure class=\"wp-block-image\"><a href=\"https:\/\/wordpress.nibis.de\/vossbarg\/files\/2019\/06\/100_1710.jpg\"><img loading=\"lazy\" decoding=\"async\" width=\"799\" height=\"599\" data-id=\"26\" src=\"https:\/\/wordpress.nibis.de\/vossbarg\/files\/2019\/06\/100_1710.jpg\" alt=\"\" class=\"wp-image-26\" srcset=\"https:\/\/wordpress.nibis.de\/vossbarg\/files\/2019\/06\/100_1710.jpg 799w, https:\/\/wordpress.nibis.de\/vossbarg\/files\/2019\/06\/100_1710-768x576.jpg 768w\" sizes=\"auto, (max-width: 799px) 100vw, 799px\" \/><\/a><\/figure>\n\n\n\n<figure class=\"wp-block-image\"><a href=\"https:\/\/wordpress.nibis.de\/vossbarg\/files\/2019\/06\/100_1699.jpg\"><img loading=\"lazy\" decoding=\"async\" width=\"799\" height=\"599\" data-id=\"25\" src=\"https:\/\/wordpress.nibis.de\/vossbarg\/files\/2019\/06\/100_1699.jpg\" alt=\"\" class=\"wp-image-25\" srcset=\"https:\/\/wordpress.nibis.de\/vossbarg\/files\/2019\/06\/100_1699.jpg 799w, https:\/\/wordpress.nibis.de\/vossbarg\/files\/2019\/06\/100_1699-768x576.jpg 768w\" sizes=\"auto, (max-width: 799px) 100vw, 799px\" \/><\/a><\/figure>\n\n\n\n<figure class=\"wp-block-image\"><a href=\"https:\/\/wordpress.nibis.de\/vossbarg\/files\/2019\/06\/100_1694.jpg\"><img loading=\"lazy\" decoding=\"async\" width=\"799\" height=\"599\" data-id=\"23\" src=\"https:\/\/wordpress.nibis.de\/vossbarg\/files\/2019\/06\/100_1694.jpg\" alt=\"\" class=\"wp-image-23\" srcset=\"https:\/\/wordpress.nibis.de\/vossbarg\/files\/2019\/06\/100_1694.jpg 799w, https:\/\/wordpress.nibis.de\/vossbarg\/files\/2019\/06\/100_1694-768x576.jpg 768w\" sizes=\"auto, (max-width: 799px) 100vw, 799px\" \/><\/a><\/figure>\n<\/figure>\n","protected":false},"excerpt":{"rendered":"<p>Verantwortung und Pflege: Die AG lehrt, wie man Bienenv\u00f6lker betreut, pflegt und was n\u00f6tig ist, damit sie gesund bleiben. Handwerkliche und naturwissenschaftliche Kompetenzen st\u00e4rken: Planung, Beobachtung, Umgang mit Rahmen und Waben, Honiggewinnung und Hygienebestimmungen sind Teil der Arbeit. Soziales Lernen: Zusammenarbeit, Geduld, Achtsamkeit und Zuverl\u00e4ssigkeit werden durch Arbeit in der Gruppe und im Umgang mit [&hellip;]<\/p>\n","protected":false},"author":9192954,"featured_media":0,"parent":72,"menu_order":0,"comment_status":"closed","ping_status":"closed","template":"","meta":{"footnotes":""},"class_list":["post-74","page","type-page","status-publish","hentry"],"_links":{"self":[{"href":"https:\/\/wordpress.nibis.de\/vossbarg\/wp-json\/wp\/v2\/pages\/74","targetHints":{"allow":["GET"]}}],"collection":[{"href":"https:\/\/wordpress.nibis.de\/vossbarg\/wp-json\/wp\/v2\/pages"}],"about":[{"href":"https:\/\/wordpress.nibis.de\/vossbarg\/wp-json\/wp\/v2\/types\/page"}],"author":[{"embeddable":true,"href":"https:\/\/wordpress.nibis.de\/vossbarg\/wp-json\/wp\/v2\/users\/9192954"}],"replies":[{"embeddable":true,"href":"https:\/\/wordpress.nibis.de\/vossbarg\/wp-json\/wp\/v2\/comments?post=74"}],"version-history":[{"count":11,"href":"https:\/\/wordpress.nibis.de\/vossbarg\/wp-json\/wp\/v2\/pages\/74\/revisions"}],"predecessor-version":[{"id":2121,"href":"https:\/\/wordpress.nibis.de\/vossbarg\/wp-json\/wp\/v2\/pages\/74\/revisions\/2121"}],"up":[{"embeddable":true,"href":"https:\/\/wordpress.nibis.de\/vossbarg\/wp-json\/wp\/v2\/pages\/72"}],"wp:attachment":[{"href":"https:\/\/wordpress.nibis.de\/vossbarg\/wp-json\/wp\/v2\/media?parent=74"}],"curies":[{"name":"wp","href":"https:\/\/api.w.org\/{rel}","templated":true}]}}