{"id":1006,"date":"2025-01-06T18:51:28","date_gmt":"2025-01-06T17:51:28","guid":{"rendered":"https:\/\/wordpress.nibis.de\/wbsbram\/?page_id=1006"},"modified":"2025-01-06T18:58:03","modified_gmt":"2025-01-06T17:58:03","slug":"schulobstprogramm","status":"publish","type":"page","link":"https:\/\/wordpress.nibis.de\/wbsbram\/schulobstprogramm\/","title":{"rendered":"Schulobstprogramm"},"content":{"rendered":"\n<figure class=\"wp-block-image size-full is-resized\"><img loading=\"lazy\" decoding=\"async\" src=\"https:\/\/wordpress.nibis.de\/wbsbram\/files\/2024\/03\/20160209103421.jpg\" alt=\"\" class=\"wp-image-295\" width=\"359\" height=\"215\" srcset=\"https:\/\/wordpress.nibis.de\/wbsbram\/files\/2024\/03\/20160209103421.jpg 666w, https:\/\/wordpress.nibis.de\/wbsbram\/files\/2024\/03\/20160209103421-300x180.jpg 300w\" sizes=\"auto, (max-width: 359px) 100vw, 359px\" \/><\/figure>\n\n\n\n<p>Der ESE-Bereich und der GE-Bereich nehmen an dem &#8222;EU-Schulprogramm&#8220; des Landes Niedersachsen teil. <\/p>\n\n\n\n<p>Die Gem\u00fcseg\u00e4rtner aus Kalkriese liefern einmal pro Woche frisches Bio-Obst und -Gem\u00fcse. <\/p>\n\n\n\n<figure class=\"wp-block-image size-full is-resized\"><img loading=\"lazy\" decoding=\"async\" src=\"https:\/\/wordpress.nibis.de\/wbsbram\/files\/2024\/03\/Herunterladen.png\" alt=\"\" class=\"wp-image-301\" width=\"359\" height=\"215\" \/><\/figure>\n\n\n\n<p>Da die &#8222;Vitamine f\u00fcr zwischendurch&#8220; von den Kindern sehr gut angenommen werden, hoffen wir, dass die WBS noch lange an dem Schulobst-Programm teilnehmen kann.<\/p>\n\n\n\n<p>Hier&nbsp;gibt es weitere Informationen dazu: <a href=\"https:\/\/www.ml.niedersachsen.de\/service\/startseite_aus_ministerium\/schulobstprogramm-in-niedersachsen-120961.html\" data-type=\"URL\" data-id=\"https:\/\/www.ml.niedersachsen.de\/service\/startseite_aus_ministerium\/schulobstprogramm-in-niedersachsen-120961.html\">https:\/\/www.ml.niedersachsen.de\/service\/startseite_aus_ministerium\/schulobstprogramm-in-niedersachsen-120961.html<\/a><\/p>\n","protected":false},"excerpt":{"rendered":"<p>Der ESE-Bereich und der GE-Bereich nehmen an dem &#8222;EU-Schulprogramm&#8220; des Landes Niedersachsen teil. Die Gem\u00fcseg\u00e4rtner aus Kalkriese liefern einmal pro Woche frisches Bio-Obst und -Gem\u00fcse. Da die &#8222;Vitamine f\u00fcr zwischendurch&#8220; von den Kindern sehr gut angenommen werden, hoffen wir, dass die WBS noch lange an dem Schulobst-Programm teilnehmen kann. Hier&nbsp;gibt es weitere Informationen dazu: https:\/\/www.ml.niedersachsen.de\/service\/startseite_aus_ministerium\/schulobstprogramm-in-niedersachsen-120961.html<\/p>\n","protected":false},"author":9194125,"featured_media":0,"parent":0,"menu_order":0,"comment_status":"closed","ping_status":"closed","template":"","meta":{"footnotes":""},"class_list":["post-1006","page","type-page","status-publish","hentry"],"_links":{"self":[{"href":"https:\/\/wordpress.nibis.de\/wbsbram\/wp-json\/wp\/v2\/pages\/1006","targetHints":{"allow":["GET"]}}],"collection":[{"href":"https:\/\/wordpress.nibis.de\/wbsbram\/wp-json\/wp\/v2\/pages"}],"about":[{"href":"https:\/\/wordpress.nibis.de\/wbsbram\/wp-json\/wp\/v2\/types\/page"}],"author":[{"embeddable":true,"href":"https:\/\/wordpress.nibis.de\/wbsbram\/wp-json\/wp\/v2\/users\/9194125"}],"replies":[{"embeddable":true,"href":"https:\/\/wordpress.nibis.de\/wbsbram\/wp-json\/wp\/v2\/comments?post=1006"}],"version-history":[{"count":2,"href":"https:\/\/wordpress.nibis.de\/wbsbram\/wp-json\/wp\/v2\/pages\/1006\/revisions"}],"predecessor-version":[{"id":1013,"href":"https:\/\/wordpress.nibis.de\/wbsbram\/wp-json\/wp\/v2\/pages\/1006\/revisions\/1013"}],"wp:attachment":[{"href":"https:\/\/wordpress.nibis.de\/wbsbram\/wp-json\/wp\/v2\/media?parent=1006"}],"curies":[{"name":"wp","href":"https:\/\/api.w.org\/{rel}","templated":true}]}}