{"id":105,"date":"2024-03-10T16:44:54","date_gmt":"2024-03-10T15:44:54","guid":{"rendered":"https:\/\/wordpress.nibis.de\/wbsbram\/?page_id=105"},"modified":"2025-12-07T14:09:55","modified_gmt":"2025-12-07T13:09:55","slug":"foerderverein","status":"publish","type":"page","link":"https:\/\/wordpress.nibis.de\/wbsbram\/foerderverein\/","title":{"rendered":"F\u00f6rderverein"},"content":{"rendered":"\n<figure class=\"wp-block-image\"><a href=\"https:\/\/www.wbs-bramsche.net\/images\/pictures\/logo-foerderverein.jpg\"><img decoding=\"async\" src=\"https:\/\/www.wbs-bramsche.net\/images\/pictures\/logo-foerderverein.jpg?w=334\" alt=\"\" \/><\/a><\/figure>\n\n\n\n<p>Der F\u00f6rderverein unterst\u00fctzt unsere Schule seit \u00fcber 34 Jahren bei der Realisierung von Projekten und besonderen Aktionen, welche f\u00fcr die Schule ansonsten nicht zu leisten w\u00e4ren.<\/p>\n\n\n\n<p>Der F\u00f6rderverein m\u00f6chte daf\u00fcr sorgen, dass&nbsp;<strong>alle<\/strong>&nbsp;Sch\u00fclerinnen und Sch\u00fcler teilhaben k\u00f6nnen.<\/p>\n\n\n\n<p>Vielen Sch\u00fclerinnen und Sch\u00fclern konnten wir tolle Klassenfahrten und wunderbare Ausfl\u00fcge erm\u00f6glichen. Wir haben unz\u00e4hlige Aktionen unterst\u00fctzt und vielen au\u00dfergew\u00f6hnlichen Ideen eine Chance gegeben, die ohne einen F\u00f6rderverein nicht m\u00f6glich gewesen w\u00e4ren.<\/p>\n\n\n\n<p>Daf\u00fcr freut sich der F\u00f6rderverein \u00fcber jeden Mitgliedsbeitrag und einmalige Spenden.<\/p>\n\n\n\n<p><strong>M\u00f6chten Sie Mitglied werden und uns unterst\u00fctzen?<\/strong><\/p>\n\n\n\n<p>Hier finden Sie das&nbsp;Antragsformular:<\/p>\n\n\n\n<div data-wp-interactive=\"core\/file\" class=\"wp-block-file\"><object data-wp-bind--hidden=\"!state.hasPdfPreview\" hidden class=\"wp-block-file__embed\" data=\"https:\/\/wordpress.nibis.de\/wbsbram\/files\/2024\/04\/Mitgliedsantrag_Foerderverein-1.pdf\" type=\"application\/pdf\" style=\"width:100%;height:220px\" aria-label=\"Einbettung von Mitgliedsantrag_Foerderverein-1.\"><\/object><a id=\"wp-block-file--media-7f4c459b-f75b-4944-b0ec-27edf5f8001d\" href=\"https:\/\/wordpress.nibis.de\/wbsbram\/files\/2024\/04\/Mitgliedsantrag_Foerderverein-1.pdf\">Mitgliedsantrag_Foerderverein-1<\/a><a href=\"https:\/\/wordpress.nibis.de\/wbsbram\/files\/2024\/04\/Mitgliedsantrag_Foerderverein-1.pdf\" class=\"wp-block-file__button wp-element-button\" download aria-describedby=\"wp-block-file--media-7f4c459b-f75b-4944-b0ec-27edf5f8001d\">Herunterladen<\/a><\/div>\n\n\n\n<p>&#8212;&#8212;&#8212;<br><strong><\/strong><\/p>\n\n\n\n<p><strong>Kontakt:<\/strong><br>foerderverein(at)wbs-bramsche.de<br><br><strong>Spendenkonto:<\/strong><br>IBAN: DE84265515400015908726<br>BIC: NOLADE21BEB<br>Kreissparkasse Bersenbr\u00fcck<\/p>\n\n\n\n<p><strong>Ihr Vorstand des F\u00f6rdervereins<\/strong><br>Erste Vorsitzende: Herr Pahlmann<\/p>\n\n\n\n<p>Zweite Vorsitzende: Frau P\u00f6ppelmeyer<\/p>\n\n\n\n<p>&#8212;&#8212;&#8212;&#8212;&#8212;-<\/p>\n\n\n\n<p><strong>Diese Projekte an unserer Schule hat der F\u00f6rderverein bereits unterst\u00fctzt:<\/strong><\/p>\n\n\n\n<p>&#8211; Finanzielle Unterst\u00fctzung von Klassenfahrten oder Theaterbesuchen<\/p>\n\n\n\n<p>&#8211; Erm\u00f6glichung von au\u00dferschulischen Aktivit\u00e4ten, wie z.B. der Besuch im Nettebad Osnabr\u00fcck oder im Tierpark Th\u00fcle<\/p>\n\n\n\n<p>&#8211; Schulfeste und Schulfeiern<\/p>\n\n\n\n<p>&#8211; therapeutisches Reiten<\/p>\n\n\n\n<p>&#8211; Sch\u00fclerhefte zur Kommunikation mit den Eltern<\/p>\n\n\n\n<p>&#8211; Schulb\u00fccherei<\/p>\n\n\n\n<p>&#8211; Ausstattung der Klassenr\u00e4ume, z.B. mit Spielzeug<\/p>\n","protected":false},"excerpt":{"rendered":"<p>Der F\u00f6rderverein unterst\u00fctzt unsere Schule seit \u00fcber 34 Jahren bei der Realisierung von Projekten und besonderen Aktionen, welche f\u00fcr die Schule ansonsten nicht zu leisten w\u00e4ren. Der F\u00f6rderverein m\u00f6chte daf\u00fcr sorgen, dass&nbsp;alle&nbsp;Sch\u00fclerinnen und Sch\u00fcler teilhaben k\u00f6nnen. Vielen Sch\u00fclerinnen und Sch\u00fclern konnten wir tolle Klassenfahrten und wunderbare Ausfl\u00fcge erm\u00f6glichen. Wir haben unz\u00e4hlige Aktionen unterst\u00fctzt und vielen [&hellip;]<\/p>\n","protected":false},"author":9194125,"featured_media":0,"parent":0,"menu_order":0,"comment_status":"closed","ping_status":"closed","template":"","meta":{"footnotes":""},"class_list":["post-105","page","type-page","status-publish","hentry"],"_links":{"self":[{"href":"https:\/\/wordpress.nibis.de\/wbsbram\/wp-json\/wp\/v2\/pages\/105","targetHints":{"allow":["GET"]}}],"collection":[{"href":"https:\/\/wordpress.nibis.de\/wbsbram\/wp-json\/wp\/v2\/pages"}],"about":[{"href":"https:\/\/wordpress.nibis.de\/wbsbram\/wp-json\/wp\/v2\/types\/page"}],"author":[{"embeddable":true,"href":"https:\/\/wordpress.nibis.de\/wbsbram\/wp-json\/wp\/v2\/users\/9194125"}],"replies":[{"embeddable":true,"href":"https:\/\/wordpress.nibis.de\/wbsbram\/wp-json\/wp\/v2\/comments?post=105"}],"version-history":[{"count":3,"href":"https:\/\/wordpress.nibis.de\/wbsbram\/wp-json\/wp\/v2\/pages\/105\/revisions"}],"predecessor-version":[{"id":1713,"href":"https:\/\/wordpress.nibis.de\/wbsbram\/wp-json\/wp\/v2\/pages\/105\/revisions\/1713"}],"wp:attachment":[{"href":"https:\/\/wordpress.nibis.de\/wbsbram\/wp-json\/wp\/v2\/media?parent=105"}],"curies":[{"name":"wp","href":"https:\/\/api.w.org\/{rel}","templated":true}]}}