

{"id":107,"date":"2024-03-10T16:45:10","date_gmt":"2024-03-10T15:45:10","guid":{"rendered":"https:\/\/wordpress.nibis.de\/wbsbram\/?page_id=107"},"modified":"2025-03-08T23:55:54","modified_gmt":"2025-03-08T22:55:54","slug":"kontakt","status":"publish","type":"page","link":"https:\/\/wordpress.nibis.de\/wbsbram\/kontakt\/","title":{"rendered":"Kontakt"},"content":{"rendered":"\n<figure class=\"wp-block-table is-style-stripes\"><table><tbody><tr><td class=\"has-text-align-center\" data-align=\"center\"><img loading=\"lazy\" decoding=\"async\" width=\"1691\" height=\"2560\" class=\"wp-image-1072\" style=\"width: 150px\" src=\"https:\/\/wordpress.nibis.de\/wbsbram\/files\/2025\/01\/Homepage_Martina-scaled.jpg\" alt=\"\" srcset=\"https:\/\/wordpress.nibis.de\/wbsbram\/files\/2025\/01\/Homepage_Martina-scaled.jpg 1691w, https:\/\/wordpress.nibis.de\/wbsbram\/files\/2025\/01\/Homepage_Martina-198x300.jpg 198w, https:\/\/wordpress.nibis.de\/wbsbram\/files\/2025\/01\/Homepage_Martina-676x1024.jpg 676w, https:\/\/wordpress.nibis.de\/wbsbram\/files\/2025\/01\/Homepage_Martina-768x1163.jpg 768w, https:\/\/wordpress.nibis.de\/wbsbram\/files\/2025\/01\/Homepage_Martina-1014x1536.jpg 1014w, https:\/\/wordpress.nibis.de\/wbsbram\/files\/2025\/01\/Homepage_Martina-1353x2048.jpg 1353w\" sizes=\"auto, (max-width: 1691px) 100vw, 1691px\" \/><\/td><td>Unsere Schulsekret\u00e4rin&nbsp;<strong>Frau Baute<\/strong>&nbsp;ist zu folgenden Zeiten im B\u00fcro:<br><br>Montag 7.30 &#8211; 12.30 Uhr<br>Dienstag 7.30 &#8211; 12.30 Uhr<br>Mittwoch 7.30 &#8211; 12.30 Uhr<br>Donnerstag 7.30 &#8211; 12.30 Uhr<br>Freitag 7.30 &#8211; 11.30 Uhr<\/td><\/tr><tr><td class=\"has-text-align-center\" data-align=\"center\"><a href=\"https:\/\/www.wbs-bramsche.net\/images\/pictures\/analog-g2c6afa7be_640.png\"><\/a><img loading=\"lazy\" decoding=\"async\" width=\"640\" height=\"468\" class=\"wp-image-450\" style=\"width: 150px\" src=\"https:\/\/wordpress.nibis.de\/wbsbram\/files\/2024\/04\/analog-g2c6afa7be_640.png\" alt=\"\" srcset=\"https:\/\/wordpress.nibis.de\/wbsbram\/files\/2024\/04\/analog-g2c6afa7be_640.png 640w, https:\/\/wordpress.nibis.de\/wbsbram\/files\/2024\/04\/analog-g2c6afa7be_640-300x219.png 300w\" sizes=\"auto, (max-width: 640px) 100vw, 640px\" \/><\/td><td><strong>Telefonisch<\/strong>&nbsp;k\u00f6nnen Sie uns (ab 6.30 Uhr) erreichen unter:<br><br>Tel.: 05461\/3210<br><br>Fax: 05461\/72398<br><\/td><\/tr><tr><td class=\"has-text-align-center\" data-align=\"center\"><a href=\"https:\/\/www.wbs-bramsche.net\/images\/pictures\/letter-g14b720880_640.png\"><\/a><img loading=\"lazy\" decoding=\"async\" width=\"640\" height=\"399\" class=\"wp-image-452\" style=\"width: 150px\" src=\"https:\/\/wordpress.nibis.de\/wbsbram\/files\/2024\/04\/letter-g14b720880_640.png\" alt=\"\" srcset=\"https:\/\/wordpress.nibis.de\/wbsbram\/files\/2024\/04\/letter-g14b720880_640.png 640w, https:\/\/wordpress.nibis.de\/wbsbram\/files\/2024\/04\/letter-g14b720880_640-300x187.png 300w\" sizes=\"auto, (max-width: 640px) 100vw, 640px\" \/><\/td><td>Unsere&nbsp;<strong>Postanschrift<\/strong>&nbsp;lautet:<br><br>Wilhelm-Busch-Schule<br>Schleptruper Stra\u00dfe 64<br>49565 Bramsche<\/td><\/tr><tr><td class=\"has-text-align-center\" data-align=\"center\"><a href=\"https:\/\/www.wbs-bramsche.net\/images\/pictures\/e-mail-g158519a8f_640.jpg\"><\/a><img loading=\"lazy\" decoding=\"async\" width=\"640\" height=\"426\" class=\"wp-image-451\" style=\"width: 150px\" src=\"https:\/\/wordpress.nibis.de\/wbsbram\/files\/2024\/04\/e-mail-g158519a8f_640.jpg\" alt=\"\" srcset=\"https:\/\/wordpress.nibis.de\/wbsbram\/files\/2024\/04\/e-mail-g158519a8f_640.jpg 640w, https:\/\/wordpress.nibis.de\/wbsbram\/files\/2024\/04\/e-mail-g158519a8f_640-300x200.jpg 300w\" sizes=\"auto, (max-width: 640px) 100vw, 640px\" \/><\/td><td>Eine&nbsp;<strong>E-Mail<\/strong>&nbsp;k\u00f6nnen Sie uns an folgende Adresse schicken:<br><br>kontakt(at)wbs-bramsche.de<br><br>Bitte ersetzen Sie das (at) durch ein @!<\/td><\/tr><\/tbody><\/table><\/figure>\n\n\n\n<p>F\u00fcr Anmerkungen, Fragen und Kritik bez\u00fcglich der&nbsp;<strong>Homepage<\/strong>&nbsp;k\u00f6nnen Sie eine Email schicken an: homepage(at)wbs-bramsche.de<\/p>\n\n\n\n<p>F\u00fcr Fragen und Anmerkungen zum&nbsp;<strong>Datenschutz<\/strong>&nbsp;k\u00f6nnen Sie eine Email an den Datenschutzbeauftragten Herrn H\u00f6ner schicken:&nbsp;datenschutz(at)wbs-bramsche.de<\/p>\n\n\n\n<h2 class=\"wp-block-heading\"><br>Anfahrt<\/h2>\n\n\n\n<p><strong>Wilhelm-Busch-Schule<\/strong><br><strong>Schleptruper Stra\u00dfe 64<\/strong><br><strong>49565 Bramsche<\/strong><\/p>\n\n\n\n<p>Wenn Sie mit dem Auto auf das Schulgel\u00e4nde fahren, k\u00f6nnen Sie nach hinten durchfahren auf den Parkplatz. Dort befindet sich der Eingang zur Verwaltung. Sie k\u00f6nnen aber auch den vorderen Eingang nehmen. Die verschiedenen Bereiche der Schule sind ausgeschildert.<\/p>\n\n\n\n<p>Wenn Sie mit dem Bus zu uns kommen m\u00f6chten, nutzten Sie am Besten die <a href=\"https:\/\/www.vos.info\/fahrplaner\/\" data-type=\"URL\" data-id=\"https:\/\/www.vos.info\/fahrplaner\/\"><strong>Fahrplanauskunft<\/strong><\/a> der Verkehrsgemeinschaft Osnabr\u00fcck (VOS). Die Haltestelle hei\u00dft &#8222;Bramsche(Hase) Wilhelm-Busch-Schule&#8220;.<\/p>\n\n\n\n<p>Hier sehen Sie unseren Standort:<\/p>\n\n\n\n        <div id=\"map_ol3js_1\"\n             class=\"map undefined\"\n             data-map_name=\"undefined\"\n             data-map=\"map_ol3js_1\"\n             style=\"width:95%;\n                    max-width:100%;\n                    height:450px;\n                    display:block;\n                    overflow:hidden;\n                    border:2px solid grey;\">\n          <div id=\"map_ol3js_1_popup\" class=\"ol-popup\">\n            <a href=\"#\" id=\"map_ol3js_1_popup-closer\" class=\"ol-popup-closer\"><\/a>\n            <div id=\"map_ol3js_1_popup-content\"><\/div>\n          <\/div>\n        <\/div>\n    \n\n\t\t\t\t<script type=\"text\/javascript\">\n\t\t\t\t\ttranslations['openlayer'] = \"open layer\";\n\t\t\t\t\ttranslations['openlayerAtStartup'] = \"open layer at startup\";\n\t\t\t\t\ttranslations['generateLink'] = \"Der Link zur Karte mit ausgew\u00e4hlten Overlays und angezeigtem Ausschnitt\";\n\t\t\t\t\ttranslations['shortDescription'] = \"Kurzbeschreibung\";\n\t\t\t\t\ttranslations['generatedShortCode'] = \"to get a text control link paste this code in your wordpress editor\";\n\t\t\t\t\ttranslations['closeLayer'] = \"close layer\";\n\t\t\t\t\ttranslations['cantGenerateLink'] = \"put this string in the existing map short code to control this map\";\n\t\t\t  <\/script>\n\n\n\t\t\t  <script type=\"text\/javascript\">\n\t\t\t  vectorM['map_ol3js_1'] = [];\n\t        \n        var raster = getTileLayer(\"osm\",\"NoKey\");\t\t\t\n\n\t\t\t  var map_ol3js_1 = new ol.Map({\n\t\t\t\tinteractions: ol.interaction.defaults.defaults({mouseWheelZoom:false}),\n\t\t\t\tlayers: [raster],\n\t\t\t\ttarget: \"map_ol3js_1\",\n\t\t\t\tview: new ol.View({\n\t\t\t\t  center: ol.proj.transform([8.0062,52.4133], \"EPSG:4326\", \"EPSG:3857\"),\n\t\t\t\t  zoom: 16.5\n\t\t\t\t})\n\t\t\t  });\n\t\t\t  osm_addMarkerLayer(map_ol3js_1,8.0073,52.4141,\"https:\/\/wordpress.nibis.de\/wbsbram\/wp-content\/plugins\/osm\/icons\/mic_black_empty_01.png\",-16,-41,\"<p><\/p>\") ; \naddControls2Map(map_ol3js_1,0,0,3,1,5,6,7,0,1);\nosm_addPopupClickhandler(map_ol3js_1,  \"map_ol3js_1\"); \nosm_addMouseHover(map_ol3js_1); <\/script>\n","protected":false},"excerpt":{"rendered":"<p>Unsere Schulsekret\u00e4rin&nbsp;Frau Baute&nbsp;ist zu folgenden Zeiten im B\u00fcro: Montag 7.30 &#8211; 12.30 UhrDienstag 7.30 &#8211; 12.30 UhrMittwoch 7.30 &#8211; 12.30 UhrDonnerstag 7.30 &#8211; 12.30 UhrFreitag 7.30 &#8211; 11.30 Uhr Telefonisch&nbsp;k\u00f6nnen Sie uns (ab 6.30 Uhr) erreichen unter: Tel.: 05461\/3210 Fax: 05461\/72398 Unsere&nbsp;Postanschrift&nbsp;lautet: Wilhelm-Busch-SchuleSchleptruper Stra\u00dfe 6449565 Bramsche Eine&nbsp;E-Mail&nbsp;k\u00f6nnen Sie uns an folgende Adresse schicken: kontakt(at)wbs-bramsche.de Bitte [&hellip;]<\/p>\n","protected":false},"author":9194125,"featured_media":0,"parent":0,"menu_order":0,"comment_status":"closed","ping_status":"closed","template":"","meta":{"footnotes":""},"class_list":["post-107","page","type-page","status-publish","hentry"],"_links":{"self":[{"href":"https:\/\/wordpress.nibis.de\/wbsbram\/wp-json\/wp\/v2\/pages\/107","targetHints":{"allow":["GET"]}}],"collection":[{"href":"https:\/\/wordpress.nibis.de\/wbsbram\/wp-json\/wp\/v2\/pages"}],"about":[{"href":"https:\/\/wordpress.nibis.de\/wbsbram\/wp-json\/wp\/v2\/types\/page"}],"author":[{"embeddable":true,"href":"https:\/\/wordpress.nibis.de\/wbsbram\/wp-json\/wp\/v2\/users\/9194125"}],"replies":[{"embeddable":true,"href":"https:\/\/wordpress.nibis.de\/wbsbram\/wp-json\/wp\/v2\/comments?post=107"}],"version-history":[{"count":14,"href":"https:\/\/wordpress.nibis.de\/wbsbram\/wp-json\/wp\/v2\/pages\/107\/revisions"}],"predecessor-version":[{"id":1157,"href":"https:\/\/wordpress.nibis.de\/wbsbram\/wp-json\/wp\/v2\/pages\/107\/revisions\/1157"}],"wp:attachment":[{"href":"https:\/\/wordpress.nibis.de\/wbsbram\/wp-json\/wp\/v2\/media?parent=107"}],"curies":[{"name":"wp","href":"https:\/\/api.w.org\/{rel}","templated":true}]}}