{"id":125,"date":"2024-03-11T11:34:30","date_gmt":"2024-03-11T10:34:30","guid":{"rendered":"https:\/\/wordpress.nibis.de\/wbsbram\/?page_id=125"},"modified":"2024-12-11T13:52:59","modified_gmt":"2024-12-11T12:52:59","slug":"chronik","status":"publish","type":"page","link":"https:\/\/wordpress.nibis.de\/wbsbram\/chronik\/","title":{"rendered":"Chronik"},"content":{"rendered":"\n<figure class=\"wp-block-table\"><table><tbody><tr><td><img loading=\"lazy\" decoding=\"async\" width=\"200\" height=\"205\" class=\"wp-image-13\" style=\"width: 150px\" src=\"https:\/\/wordpress.nibis.de\/wbsbram\/files\/2023\/01\/Schullogo.png\" alt=\"\">  <\/td><td> Unsere Schule hat im Jahr 2024 ihr&nbsp;<strong>60-j\u00e4hriges&nbsp;<\/strong>Bestehen gefeiert. Au\u00dferdem tr\u00e4gt <br> Sie nun seit \u00fcber&nbsp;<strong>30 Jahren<\/strong>&nbsp;den Namen &#8222;Wilhelm-Busch-Schule&#8220;. Grund genug, <br> einen Blick zur\u00fcck auf die Geschichte unserer Schule zu werfen.<\/td><\/tr><\/tbody><\/table><\/figure>\n\n\n\n<figure class=\"wp-block-table is-style-stripes\"><table><thead><tr><th>  <strong>Jahr<\/strong>    <\/th><th><strong>Ereignis<\/strong><\/th><\/tr><\/thead><tbody><tr><td> <strong>1964<\/strong> <\/td><td> Gr\u00fcndung der Sonderschule (noch unter dem Namen &#8222;Gustav-Lesemann-Schule&#8220;) in einem  <br> Anbau der alten Webschule in Bramsche an der Heinrichstra\u00dfe <\/td><\/tr><tr><td><\/td><td><\/td><\/tr><tr><td> <strong>1968<\/strong><\/td><td> Umzug in das neue Geb\u00e4ude an der Schleptruper Stra\u00dfe 64 <\/td><\/tr><tr><td><\/td><td><\/td><\/tr><tr><td> <strong>1971<\/strong><\/td><td> Erstmalige Beschulung von geistig behinderten Sch\u00fclern<\/td><\/tr><tr><td><\/td><td><\/td><\/tr><tr><td> <strong>1973<\/strong><\/td><td> Einzug in den Erweiterungsbau <\/td><\/tr><tr><td><\/td><td><\/td><\/tr><tr><td> <strong>1983<\/strong><\/td><td> Bezug des zweiten Erweiterungsbaus<\/td><\/tr><tr><td><\/td><td><\/td><\/tr><tr><td> <strong>1987<\/strong><\/td><td> Der langj\u00e4hrige und zugleich erste Schulleiter der Schule Herr Holewa geht in den Ruhestand.<\/td><\/tr><tr><td><\/td><td><\/td><\/tr><tr><td> <strong>1989<\/strong><\/td><td> Umbenennung der Schule in &#8222;Wilhelm-Busch-Schule&#8220;, nachdem die zweifelhafte Rolle des <br> vorherigen Namensgebers Gustav Lesemann w\u00e4hrend der Zeit des Nationalsozialismus bekannt <br> geworden war<br><br> Anl\u00e4sslich des 25-j\u00e4hrigen Bestehens der Schule wird eine Festschrift erstellt und ein gro\u00dfes  <br> Schulfest gefeiert.<\/td><\/tr><tr><td><\/td><td><\/td><\/tr><tr><td> <strong>1989<\/strong><\/td><td> Frau Dunker-Strunk wird neue Schulleiterin.<\/td><\/tr><tr><td><\/td><td><\/td><\/tr><tr><td> <strong>2009<\/strong><\/td><td> Frau Dunker-Strunk geht in den Ruhestand. Frau Wennemann wird neue Schulleiterin.<\/td><\/tr><tr><td><\/td><td><\/td><\/tr><tr><td> <strong>2011<\/strong><\/td><td> Einweihung der neuen Mensa und des Anbaus<\/td><\/tr><tr><td>&nbsp;<\/td><td>&nbsp;<\/td><\/tr><tr><td> <strong>2014<\/strong><\/td><td> Festakt zum 50-j\u00e4hrigen Bestehen der Schule<\/td><\/tr><tr><td>&nbsp;<\/td><td>&nbsp;<\/td><\/tr><tr><td> <strong>2018<\/strong><\/td><td> Auslauf des F\u00f6rderschwerpunkts Lernen<\/td><\/tr><tr><td>&nbsp;<\/td><td>&nbsp;<\/td><\/tr><tr><td><strong>2019<\/strong><\/td><td>Einf\u00fchrung des F\u00f6rderschwerpunkts Emotionale und Soziale Entwicklung<\/td><\/tr><tr><td>&nbsp;<\/td><td>&nbsp;<\/td><\/tr><tr><td> <strong>2022<\/strong><\/td><td> Unsere Schulleiterin Frau Wennemann wird in den Ruhestand verabschiedet. <br> Herr Schreiber wird neuer Schulleiter.<\/td><\/tr><tr><td><\/td><td><\/td><\/tr><tr><td> <strong>2024<\/strong><\/td><td> Schulfest zum 60-j\u00e4hrigen Bestehen der Schule<\/td><\/tr><\/tbody><\/table><\/figure>\n","protected":false},"excerpt":{"rendered":"<p>Unsere Schule hat im Jahr 2024 ihr&nbsp;60-j\u00e4hriges&nbsp;Bestehen gefeiert. Au\u00dferdem tr\u00e4gt Sie nun seit \u00fcber&nbsp;30 Jahren&nbsp;den Namen &#8222;Wilhelm-Busch-Schule&#8220;. Grund genug, einen Blick zur\u00fcck auf die Geschichte unserer Schule zu werfen. Jahr Ereignis 1964 Gr\u00fcndung der Sonderschule (noch unter dem Namen &#8222;Gustav-Lesemann-Schule&#8220;) in einem Anbau der alten Webschule in Bramsche an der Heinrichstra\u00dfe 1968 Umzug in das [&hellip;]<\/p>\n","protected":false},"author":9194125,"featured_media":0,"parent":0,"menu_order":0,"comment_status":"closed","ping_status":"closed","template":"","meta":{"footnotes":""},"class_list":["post-125","page","type-page","status-publish","hentry"],"_links":{"self":[{"href":"https:\/\/wordpress.nibis.de\/wbsbram\/wp-json\/wp\/v2\/pages\/125","targetHints":{"allow":["GET"]}}],"collection":[{"href":"https:\/\/wordpress.nibis.de\/wbsbram\/wp-json\/wp\/v2\/pages"}],"about":[{"href":"https:\/\/wordpress.nibis.de\/wbsbram\/wp-json\/wp\/v2\/types\/page"}],"author":[{"embeddable":true,"href":"https:\/\/wordpress.nibis.de\/wbsbram\/wp-json\/wp\/v2\/users\/9194125"}],"replies":[{"embeddable":true,"href":"https:\/\/wordpress.nibis.de\/wbsbram\/wp-json\/wp\/v2\/comments?post=125"}],"version-history":[{"count":8,"href":"https:\/\/wordpress.nibis.de\/wbsbram\/wp-json\/wp\/v2\/pages\/125\/revisions"}],"predecessor-version":[{"id":877,"href":"https:\/\/wordpress.nibis.de\/wbsbram\/wp-json\/wp\/v2\/pages\/125\/revisions\/877"}],"wp:attachment":[{"href":"https:\/\/wordpress.nibis.de\/wbsbram\/wp-json\/wp\/v2\/media?parent=125"}],"curies":[{"name":"wp","href":"https:\/\/api.w.org\/{rel}","templated":true}]}}