{"id":127,"date":"2024-03-11T11:35:47","date_gmt":"2024-03-11T10:35:47","guid":{"rendered":"https:\/\/wordpress.nibis.de\/wbsbram\/?page_id=127"},"modified":"2026-03-14T12:07:19","modified_gmt":"2026-03-14T11:07:19","slug":"berufsorientierung","status":"publish","type":"page","link":"https:\/\/wordpress.nibis.de\/wbsbram\/berufsorientierung\/","title":{"rendered":"Berufsorientierung"},"content":{"rendered":"\n<p><strong>Die Berufsorientierung findet an der Wilhelm-Busch-Schule vorwiegend in der Sekundarstufe 2 statt<\/strong> <strong>(im 10. bis 12. Schulbesuchsjahr):<\/strong><br>Unsere Schulabg\u00e4nger haben erschwerte Bedingungen beim Ergreifen eines Berufs. Es gibt aber eine Vielzahl von Hilfen w\u00e4hrend und nach der Schulzeit, damit eine berufliche T\u00e4tigkeit gefunden wird, die den F\u00e4higkeiten und Interessen des jeweiligen Sch\u00fclers entspricht. Je nach individuellem Leistungsverm\u00f6gen und Wunsch kommen verschiedene Ausbildungs- bzw. Arbeitsm\u00f6glichkeiten in Frage. Die wichtigsten sind:<br>&#8211; Tagesf\u00f6rderst\u00e4tte<br>&#8211; Werkstatt f\u00fcr behinderte Menschen (WfbM)<br>&#8211; Besch\u00e4ftigung in einem Betrieb<br>&#8211; Ausbildung (zum Fachpraktiker)<br>&#8211; \u00dcbergangsma\u00dfnahmen (z.B. Berufsschule, BvB)<\/p>\n\n\n\n<p>Die Wilhelm-Busch-Schule hat seit vielen Jahren Erfahrung darin, Sch\u00fcler auf dem Weg in den Beruf zu begleiten. Wir haben intensiv an der Erarbeitung eines umfassenden Konzepts zur Berufsorientierung gearbeitet. Im M\u00e4rz 2025 wurden wir mit dem <a href=\"https:\/\/wordpress.nibis.de\/wbsbram\/2025\/03\/26\/guetesiegel-startklar-fuer-den-beruf\/\"><strong>G\u00fctesiegel<\/strong><\/a> &#8222;Startklar f\u00fcr den Beruf &#8211; Weser-Ems macht Schule&#8220; ausgezeichnet.<\/p>\n\n\n\n<figure class=\"wp-block-image size-large is-resized\"><img loading=\"lazy\" decoding=\"async\" width=\"1024\" height=\"430\" src=\"https:\/\/wordpress.nibis.de\/wbsbram\/files\/2025\/09\/Startklar-fuer-den-Beruf_transparent-1024x430.jpg\" alt=\"\" class=\"wp-image-1527\" style=\"width:608px;height:255px\" srcset=\"https:\/\/wordpress.nibis.de\/wbsbram\/files\/2025\/09\/Startklar-fuer-den-Beruf_transparent-1024x430.jpg 1024w, https:\/\/wordpress.nibis.de\/wbsbram\/files\/2025\/09\/Startklar-fuer-den-Beruf_transparent-300x126.jpg 300w, https:\/\/wordpress.nibis.de\/wbsbram\/files\/2025\/09\/Startklar-fuer-den-Beruf_transparent-768x322.jpg 768w, https:\/\/wordpress.nibis.de\/wbsbram\/files\/2025\/09\/Startklar-fuer-den-Beruf_transparent.jpg 1430w\" sizes=\"auto, (max-width: 1024px) 100vw, 1024px\" \/><\/figure>\n\n\n\n<p>Das zentrale Element ist unsere <a href=\"https:\/\/wordpress.nibis.de\/wbsbram\/flashgroup\/\" data-type=\"URL\" data-id=\"https:\/\/wordpress.nibis.de\/wbsbram\/flashgroup\/\"><strong>Sch\u00fclerfirma<\/strong><\/a>. Von gro\u00dfer Bedeutung sind weiterhin Praktika (in der WfbM und in Betrieben) und nat\u00fcrlich die Berufsberatung durch die Agentur f\u00fcr Arbeit.<\/p>\n\n\n\n<p>Im Folgenden werden einige Unterlagen zum Download angeboten. Den besten \u00dcberblick gew\u00e4hren die Eltern-Infos. Weiter unten sind noch Internetlinks zu Informationsm\u00f6glichkeiten und Einrichtungen aufgef\u00fchrt. Bei weiteren Fragen k\u00f6nnen Sie sich an die Lehrkr\u00e4fte aus der Sekundarstufe 2 oder an den Beauftragten f\u00fcr Berufsorientierung der Schule wenden: Herr Bruns &#8211; bruns(at)wbs-bramsche.de<br><br><br><strong>Elterninfos zur Berufsorientierung<\/strong><\/p>\n\n\n\n<p>Einfacher \u00dcberblick \u00fcber den \u00dcbergang von der Schule in den Beruf<\/p>\n\n\n\n<div data-wp-interactive=\"core\/file\" class=\"wp-block-file\"><object data-wp-bind--hidden=\"!state.hasPdfPreview\" hidden class=\"wp-block-file__embed\" data=\"https:\/\/wordpress.nibis.de\/wbsbram\/files\/2024\/10\/Eltern-Infos-BO.pdf\" type=\"application\/pdf\" style=\"width:100%;height:407px\" aria-label=\"Einbettung von Eltern-Infos-BO.\"><\/object><a id=\"wp-block-file--media-d66bd21c-ec72-49b5-991f-f921000a1fb2\" href=\"https:\/\/wordpress.nibis.de\/wbsbram\/files\/2024\/10\/Eltern-Infos-BO.pdf\">Eltern-Infos-BO<\/a><a href=\"https:\/\/wordpress.nibis.de\/wbsbram\/files\/2024\/10\/Eltern-Infos-BO.pdf\" class=\"wp-block-file__button wp-element-button\" download aria-describedby=\"wp-block-file--media-d66bd21c-ec72-49b5-991f-f921000a1fb2\">Herunterladen<\/a><\/div>\n\n\n\n<h2 class=\"wp-block-heading has-medium-font-size\"><br>Konzept zur Berufsorientierung<\/h2>\n\n\n\n<p>Umfassendes Konzept der Schule mit vielen Anh\u00e4ngen<\/p>\n\n\n\n<div data-wp-interactive=\"core\/file\" class=\"wp-block-file\"><object data-wp-bind--hidden=\"!state.hasPdfPreview\" hidden class=\"wp-block-file__embed\" data=\"https:\/\/wordpress.nibis.de\/wbsbram\/files\/2024\/10\/Konzept-zur-Berufsorientierung-oeffentliche-Version-2024_08.pdf\" type=\"application\/pdf\" style=\"width:100%;height:452px\" aria-label=\"Einbettung von Konzept-zur-Berufsorientierung-oeffentliche-Version-2024_08.\"><\/object><a id=\"wp-block-file--media-8ea4eeaa-9cf0-45d7-b424-3e7255ef9c2b\" href=\"https:\/\/wordpress.nibis.de\/wbsbram\/files\/2024\/10\/Konzept-zur-Berufsorientierung-oeffentliche-Version-2024_08.pdf\">Konzept-zur-Berufsorientierung-oeffentliche-Version-2024_08<\/a><a href=\"https:\/\/wordpress.nibis.de\/wbsbram\/files\/2024\/10\/Konzept-zur-Berufsorientierung-oeffentliche-Version-2024_08.pdf\" class=\"wp-block-file__button wp-element-button\" download aria-describedby=\"wp-block-file--media-8ea4eeaa-9cf0-45d7-b424-3e7255ef9c2b\">Herunterladen<\/a><\/div>\n\n\n\n<h2 class=\"wp-block-heading has-medium-font-size\"><br>Berufswege nach der F\u00f6rderschule GE<\/h2>\n\n\n\n<p>Beschreibung verschiedener beruflicher Ma\u00dfnahmen, die nach der Schule m\u00f6glich sind<\/p>\n\n\n\n<div data-wp-interactive=\"core\/file\" class=\"wp-block-file\"><object data-wp-bind--hidden=\"!state.hasPdfPreview\" hidden class=\"wp-block-file__embed\" data=\"https:\/\/wordpress.nibis.de\/wbsbram\/files\/2024\/10\/Verschiedene-Berufswege-nach-Foerderschule-GE.pdf\" type=\"application\/pdf\" style=\"width:100%;height:416px\" aria-label=\"Einbettung von Verschiedene-Berufswege-nach-Foerderschule-GE.\"><\/object><a id=\"wp-block-file--media-3ebad130-57dc-4ce7-a5b1-4cf49705fdfd\" href=\"https:\/\/wordpress.nibis.de\/wbsbram\/files\/2024\/10\/Verschiedene-Berufswege-nach-Foerderschule-GE.pdf\">Verschiedene-Berufswege-nach-Foerderschule-GE<\/a><a href=\"https:\/\/wordpress.nibis.de\/wbsbram\/files\/2024\/10\/Verschiedene-Berufswege-nach-Foerderschule-GE.pdf\" class=\"wp-block-file__button wp-element-button\" download aria-describedby=\"wp-block-file--media-3ebad130-57dc-4ce7-a5b1-4cf49705fdfd\">Herunterladen<\/a><\/div>\n\n\n\n<h2 class=\"wp-block-heading has-medium-font-size\"><br>Links zu Arbeit und Beruf<\/h2>\n\n\n\n<figure class=\"wp-block-table\"><table><tbody><tr><td>Die&nbsp;<a href=\"https:\/\/www.arbeitsagentur.de\/privatpersonen\" target=\"_blank\" rel=\"noreferrer noopener\"><strong>Agentur f\u00fcr Arbeit<\/strong><\/a>&nbsp;ber\u00e4t \u00fcber Berufe und Ausbildung.<\/td><\/tr><tr><td>Auf&nbsp;<a href=\"https:\/\/berufenet.arbeitsagentur.de\/berufenet\/faces\/index?path=null\/sucheAZ&amp;let=A\" target=\"_blank\" rel=\"noreferrer noopener\"><strong>Berufe.net<\/strong><\/a>&nbsp;gibt es Informationen zu allen Berufsausbildungen.<\/td><\/tr><tr><td>Bei&nbsp;<a href=\"https:\/\/web.arbeitsagentur.de\/berufetv\/ausbildungsberufe\" target=\"_blank\" rel=\"noreferrer noopener\"><strong>Berufe.tv&nbsp;<\/strong><\/a>kann man sich Videos zu zahlreichen Berufen ansehen. F\u00fcr F\u00f6rdersch\u00fcler sind die&nbsp;<a href=\"https:\/\/web.arbeitsagentur.de\/berufetv\/filme-a-z\/F\" target=\"_blank\" rel=\"noreferrer noopener\"><strong>&#8222;Fachpraktiker-Berufe&#8220;<\/strong><\/a>&nbsp;die Themenseite&nbsp;<a href=\"https:\/\/web.arbeitsagentur.de\/berufetv\/themenfilme\/chancen-mit-behinderung\" target=\"_blank\" rel=\"noreferrer noopener\"><strong>&#8222;Chancen mit Behinderung&#8220;<\/strong><\/a>&nbsp;interessant.<\/td><\/tr><tr><td>Die Seite&nbsp;<a href=\"https:\/\/www.ausbildungsregion-osnabrueck.de\/\" target=\"_blank\" rel=\"noreferrer noopener\"><strong>Ausbildungsregion Osnabr\u00fcck<\/strong><\/a>&nbsp;ist das zentrale Informationsportal zum \u00dcbergang Schule-Beruf in unserer Region f\u00fcr Jugendliche, Eltern, Schulen und Betriebe.<\/td><\/tr><tr><td>Im Portal\u00a0<a href=\"https:\/\/www.arbeitsagentur.de\/bildung\" target=\"_blank\" rel=\"noreferrer noopener\"><strong>Mein Beruf<\/strong><\/a> der Agentur f\u00fcr Arbeit gibt es Infos zu Berufswegen, Ausbildungen und Berufen.<\/td><\/tr><tr><td><a href=\"https:\/\/os-hho.de\/angebote\/angebote-fuer-erwachsene\/arbeiten-in-werkstaetten\" target=\"_blank\" rel=\"noreferrer noopener\"><strong>&#8222;Werkstatt f\u00fcr behinderte Menschen&#8220; der HHO Osnabr\u00fcck<\/strong><\/a><\/td><\/tr><tr><td><strong><a href=\"https:\/\/www.hph-bsb.de\/hph-angebote\/berufliche-qualifizierung-und-arbeit.html\" target=\"_blank\" rel=\"noreferrer noopener\">Werkstatt f\u00fcr behinderte Menschen<\/a><\/strong>\u00a0(WfbM) der HpH in Bersenbr\u00fcck<\/td><\/tr><tr><td><a href=\"https:\/\/www.isa-venne.de\/\" target=\"_blank\" rel=\"noreferrer noopener\"><strong>ISA<\/strong><\/a>&nbsp;in Venne (Initiative Sinnvolle Arbeit): Ma\u00dfnahmetr\u00e4ger z.B. f\u00fcr Unterst\u00fctzte Besch\u00e4ftigung und BBB im Betrieb<\/td><\/tr><tr><td>Bei&nbsp;<a href=\"https:\/\/www.rehadat-bildung.de\/berufseinstieg\/angepasste-ausbildungswege\/\" target=\"_blank\" rel=\"noreferrer noopener\"><strong>REHADAT<\/strong><\/a>&nbsp;gibt es Infos speziell f\u00fcr Abg\u00e4nger von F\u00f6rderschulen.<\/td><\/tr><tr><td>Die <a href=\"https:\/\/www.teilhabeberatung.de\/beratung\/eutb-lebenshilfe-osnabruck-ev-lk-osnabruck-nebenstandort-bersenbruck\"><strong>EUTB<\/strong><\/a> ist die &#8222;Erg\u00e4nzende Unabh\u00e4ngige Teilhabeberatung&#8220;. Sie ber\u00e4t zu den Themen: Wohnen, Arbeit, Schule, Freizeit, Schwerbehindertenausweis u.a. Es gibt zur Zeit eine Beratungsstelle in Bersenbr\u00fcck und eine in Osnabr\u00fcck.<\/td><\/tr><tr><td>Die Seite <a href=\"https:\/\/www.familienratgeber.de\/\"><strong>Familienratgeber<\/strong><\/a> gibt Informationen zu verschiedenen Themen im Leben von Menschen mit Behinderung. Auf dem Weg ins Erwachsenenleben sind insbesondere folgende Bereiche von Bedeutung: Wohnen, Arbeit,  Schwerbehinderten-Ausweis, Pers\u00f6nliches Budget, rechtliche Betreuung.<\/td><\/tr><\/tbody><\/table><\/figure>\n","protected":false},"excerpt":{"rendered":"<p>Die Berufsorientierung findet an der Wilhelm-Busch-Schule vorwiegend in der Sekundarstufe 2 statt (im 10. bis 12. Schulbesuchsjahr):Unsere Schulabg\u00e4nger haben erschwerte Bedingungen beim Ergreifen eines Berufs. Es gibt aber eine Vielzahl von Hilfen w\u00e4hrend und nach der Schulzeit, damit eine berufliche T\u00e4tigkeit gefunden wird, die den F\u00e4higkeiten und Interessen des jeweiligen Sch\u00fclers entspricht. Je nach individuellem [&hellip;]<\/p>\n","protected":false},"author":9194125,"featured_media":0,"parent":0,"menu_order":0,"comment_status":"closed","ping_status":"closed","template":"","meta":{"footnotes":""},"class_list":["post-127","page","type-page","status-publish","hentry"],"_links":{"self":[{"href":"https:\/\/wordpress.nibis.de\/wbsbram\/wp-json\/wp\/v2\/pages\/127","targetHints":{"allow":["GET"]}}],"collection":[{"href":"https:\/\/wordpress.nibis.de\/wbsbram\/wp-json\/wp\/v2\/pages"}],"about":[{"href":"https:\/\/wordpress.nibis.de\/wbsbram\/wp-json\/wp\/v2\/types\/page"}],"author":[{"embeddable":true,"href":"https:\/\/wordpress.nibis.de\/wbsbram\/wp-json\/wp\/v2\/users\/9194125"}],"replies":[{"embeddable":true,"href":"https:\/\/wordpress.nibis.de\/wbsbram\/wp-json\/wp\/v2\/comments?post=127"}],"version-history":[{"count":19,"href":"https:\/\/wordpress.nibis.de\/wbsbram\/wp-json\/wp\/v2\/pages\/127\/revisions"}],"predecessor-version":[{"id":2026,"href":"https:\/\/wordpress.nibis.de\/wbsbram\/wp-json\/wp\/v2\/pages\/127\/revisions\/2026"}],"wp:attachment":[{"href":"https:\/\/wordpress.nibis.de\/wbsbram\/wp-json\/wp\/v2\/media?parent=127"}],"curies":[{"name":"wp","href":"https:\/\/api.w.org\/{rel}","templated":true}]}}