{"id":135,"date":"2024-03-11T11:37:25","date_gmt":"2024-03-11T10:37:25","guid":{"rendered":"https:\/\/wordpress.nibis.de\/wbsbram\/?page_id=135"},"modified":"2025-01-08T10:50:50","modified_gmt":"2025-01-08T09:50:50","slug":"leitsaetze-ese","status":"publish","type":"page","link":"https:\/\/wordpress.nibis.de\/wbsbram\/leitsaetze-ese\/","title":{"rendered":"Leitbild ESE"},"content":{"rendered":"\n<figure class=\"wp-block-image size-full\"><img loading=\"lazy\" decoding=\"async\" width=\"773\" height=\"458\" src=\"https:\/\/wordpress.nibis.de\/wbsbram\/files\/2025\/01\/Leitbild-ESE-1.png\" alt=\"\" class=\"wp-image-1044\" srcset=\"https:\/\/wordpress.nibis.de\/wbsbram\/files\/2025\/01\/Leitbild-ESE-1.png 773w, https:\/\/wordpress.nibis.de\/wbsbram\/files\/2025\/01\/Leitbild-ESE-1-300x178.png 300w, https:\/\/wordpress.nibis.de\/wbsbram\/files\/2025\/01\/Leitbild-ESE-1-768x455.png 768w\" sizes=\"auto, (max-width: 773px) 100vw, 773px\" \/><\/figure>\n\n\n\n<p class=\"has-medium-font-size\"><\/p>\n\n\n\n<h2 class=\"wp-block-heading\">Leits\u00e4tze<\/h2>\n\n\n\n<p><strong>Wir geben den Sch\u00fclerinnen und Sch\u00fclern Orientierung und Sicherheit.<\/strong><br>Wir legen Wert auf einen besonders strukturierten Unterricht.<br>Wir gestalten den Unterricht transparent und klar.<br><br><strong>Wir leben Beziehung.<\/strong><br>Wir sind verl\u00e4ssliche Partner.<br>An unserer Schule lernen die Sch\u00fclerinnen und Sch\u00fcler ein achtsames Miteinander<br>Wir setzen uns f\u00fcr Selbstreflexion und Perspektiv\u00fcbernahme ein.<br>Wir sind authentisch und klar in Sprache und Verhalten.<br><br><strong>Wir sehen jedes Kind mit seinen ganz eigenen Bed\u00fcrfnissen, F\u00e4higkeiten und Potentialen.<\/strong><br>Wir bieten eine individuelle und bed\u00fcrfnisorientierte F\u00f6rderung an.<br>Wir entwickeln einen differenzierten Unterricht, der fortw\u00e4hrend Lernerfolge auf verschiedenen Ebenen erm\u00f6glicht.<br>Wir unterst\u00fctzen jedes Kind dabei, das eigene Verhalten zu reflektieren und Verhaltensalternativen zu entwickeln.<br>Wir handeln strukturiert und zugleich flexibel.<br><br><strong>Wir f\u00f6rdern und fordern Wertsch\u00e4tzung und Respekt.<\/strong><br>Wir geben klare Regeln des Miteinanders vor.<br>Wir gehen respektvoll, fair und freundlich miteinander um.<br>In der Schule st\u00e4rken wir eine reflektierte Haltung.<br>Wir st\u00e4rken die sozialen Kompetenzen und die emotionale Entwicklung.<br><br><strong>Unsere Schule ist ein sicherer Ort.<\/strong><br>Wir stehen f\u00fcr Gewaltfreiheit ein.<br>Wir sind verl\u00e4sslich und klar.<br><br><strong>Wir geben Raum zum Wachsen.<\/strong><br>Jeder Tag bietet eine neue Chance.<br>Wir schaffen einen sicheren und haltgebenden Rahmen.<br>Wir sehen jedes Kind in einem Lernprozess.<\/p>\n","protected":false},"excerpt":{"rendered":"<p>Leits\u00e4tze Wir geben den Sch\u00fclerinnen und Sch\u00fclern Orientierung und Sicherheit.Wir legen Wert auf einen besonders strukturierten Unterricht.Wir gestalten den Unterricht transparent und klar. Wir leben Beziehung.Wir sind verl\u00e4ssliche Partner.An unserer Schule lernen die Sch\u00fclerinnen und Sch\u00fcler ein achtsames MiteinanderWir setzen uns f\u00fcr Selbstreflexion und Perspektiv\u00fcbernahme ein.Wir sind authentisch und klar in Sprache und Verhalten. Wir [&hellip;]<\/p>\n","protected":false},"author":9194125,"featured_media":0,"parent":0,"menu_order":0,"comment_status":"closed","ping_status":"closed","template":"","meta":{"footnotes":""},"class_list":["post-135","page","type-page","status-publish","hentry"],"_links":{"self":[{"href":"https:\/\/wordpress.nibis.de\/wbsbram\/wp-json\/wp\/v2\/pages\/135","targetHints":{"allow":["GET"]}}],"collection":[{"href":"https:\/\/wordpress.nibis.de\/wbsbram\/wp-json\/wp\/v2\/pages"}],"about":[{"href":"https:\/\/wordpress.nibis.de\/wbsbram\/wp-json\/wp\/v2\/types\/page"}],"author":[{"embeddable":true,"href":"https:\/\/wordpress.nibis.de\/wbsbram\/wp-json\/wp\/v2\/users\/9194125"}],"replies":[{"embeddable":true,"href":"https:\/\/wordpress.nibis.de\/wbsbram\/wp-json\/wp\/v2\/comments?post=135"}],"version-history":[{"count":10,"href":"https:\/\/wordpress.nibis.de\/wbsbram\/wp-json\/wp\/v2\/pages\/135\/revisions"}],"predecessor-version":[{"id":1045,"href":"https:\/\/wordpress.nibis.de\/wbsbram\/wp-json\/wp\/v2\/pages\/135\/revisions\/1045"}],"wp:attachment":[{"href":"https:\/\/wordpress.nibis.de\/wbsbram\/wp-json\/wp\/v2\/media?parent=135"}],"curies":[{"name":"wp","href":"https:\/\/api.w.org\/{rel}","templated":true}]}}