{"id":137,"date":"2024-03-11T11:37:39","date_gmt":"2024-03-11T10:37:39","guid":{"rendered":"https:\/\/wordpress.nibis.de\/wbsbram\/?page_id=137"},"modified":"2024-12-04T14:28:45","modified_gmt":"2024-12-04T13:28:45","slug":"mobiler-dienst-ese","status":"publish","type":"page","link":"https:\/\/wordpress.nibis.de\/wbsbram\/mobiler-dienst-ese\/","title":{"rendered":"Mobiler Dienst ESE"},"content":{"rendered":"\n<h2 class=\"wp-block-heading\">Mobiler Dienst emotionale und soziale Entwicklung (ES)<\/h2>\n\n\n\n<p>Sch\u00fclerinnen und Sch\u00fcler k\u00f6nnen zuweilen Verhaltensweisen zeigen, die als herausfordernd wahrgenommen werden. Unterrichtsst\u00f6rungen, Konflikte mit Mitsch\u00fclerinnen und Mitsch\u00fclern oder mit Erwachsenen sowie schulvermeidendes oder \u00e4ngstliches Verhalten sind m\u00f6gliche Beispiele.<\/p>\n\n\n\n<p>Sch\u00fclerinnen und Sch\u00fcler, die herausfordernde Verhaltensweisen zeigen, nehmen eine soziale Situation in sehr individueller Weise wahr. Aufgrund ihrer bisherigen Erfahrungen gelingt es ihnen beispielsweise nicht immer, die vorhandenen Strukturen oder das soziale Zusammenspiel in angemessener Weise zu deuten. Allt\u00e4gliche Anforderungen oder einfache Konflikte empfinden sie unter Umst\u00e4nden als sehr beunruhigend, sodass sie zum Teil in einer f\u00fcr ihr Umfeld unverst\u00e4ndlichen Weise reagieren.<\/p>\n\n\n\n<p>Die Mobilen Dienste ES unterst\u00fctzen alle Beteiligten dabei, sich mit der individuellen Wahrnehmung einer Sch\u00fclerin oder eines Sch\u00fclers auseinanderzusetzen. Gemeinsam werden urs\u00e4chliche und ausl\u00f6sende Faktoren f\u00fcr ein Verhalten identifiziert, damit das Umfeld ein Verst\u00e4ndnis f\u00fcr die gezeigten Verhaltensweisen entwickeln kann. Jede einzelne Sch\u00fclerin und jeder einzelne Sch\u00fcler wird dabei mit ihren bzw. seinen F\u00e4higkeiten, St\u00e4rken und Kompetenzen gesehen. Dadurch werden die Chancen deutlich erh\u00f6ht, dass Sch\u00fclerinnen und Sch\u00fcler ihre Verhaltensweisen positiv weiterentwickeln k\u00f6nnen.<\/p>\n\n\n\n<p>Zielvorstellungen, p\u00e4dagogische Ma\u00dfnahmen und Absprachen werden gemeinsam erarbeitet. Zudem wird auch genau betrachtet, welche Bedingungen in einer inklusiven Schule gegeben sein m\u00fcssen, damit eine Sch\u00fclerin bzw. ein Sch\u00fcler mit Beeintr\u00e4chtigungen in der emotionalen und sozialen Entwicklung sich dort bestm\u00f6glich entwickeln kann. Eine Beratung durch den Mobilen Dienst ES kann dabei sowohl im Rahmen der Pr\u00e4vention als auch f\u00fcr Sch\u00fclerinnen und Sch\u00fcler mit festgestelltem Bedarf an sonderp\u00e4dagogischer Unterst\u00fctzung im F\u00f6rderschwerpunkt emotionale und soziale Entwicklung erfolgen.<\/p>\n\n\n\n<p>Aus der Unterschiedlichkeit der Beratungsanliegen ergibt sich eine Vielzahl an m\u00f6glichen Beratungssettings, die w\u00e4hrend des Beratungsprozesses auch wechseln k\u00f6nnen:<\/p>\n\n\n\n<ul class=\"wp-block-list\"><li>Gespr\u00e4che mit Lehrkr\u00e4ften und\/oder an Schule t\u00e4tigen Fachkr\u00e4ften (multiprofessionelle Teams)<\/li><li>Gespr\u00e4che mit Erziehungsberechtigten<\/li><li>Einzelberatungen von Sch\u00fclerinnen und Sch\u00fclern<\/li><li>Multiprofessionelle Gespr\u00e4chsrunden (Runde Tische)<\/li><li>Vernetzung mit kommunalen und au\u00dferschulischen Unterst\u00fctzenden<\/li><\/ul>\n\n\n\n<p>Der Mobile Dienst ES entwickelt gemeinsam mit allen Beteiligten individuelle und l\u00f6sungsorientierte Unterst\u00fctzungsma\u00dfnahmen. Aufgrund seiner Vernetzung kann er dabei sowohl innerschulische als auch dar\u00fcberhinausgehende Unterst\u00fctzungsm\u00f6glichkeiten aufzeigen.<\/p>\n\n\n\n<p><strong>Kontakt:<\/strong><\/p>\n\n\n\n<p>Erziehungsberechtigte sowie Sch\u00fclerinnen und Sch\u00fcler k\u00f6nnen direkt \u2013 pers\u00f6nlich, telefonisch oder per E-Mail \u2013 eine Anfrage an das zust\u00e4ndige RZI richten. Dieses kl\u00e4rt dann das weitere Vorgehen, auch unter Beteiligung des entsprechenden Mobilen Dienstes.<\/p>\n\n\n\n<p>Ansprechpartnerin: Sandra Fischer, Tel.:&nbsp;0541 77046-420, E-Mail: <a href=\"m&#97;&#105;&#x6c;&#x74;&#x6f;:&#83;&#97;&#x6e;&#x64;&#x72;a&#46;&#70;&#x69;&#x73;&#x63;he&#114;&#64;&#x72;&#x6c;&#x73;b&#45;&#111;&#x73;&#x2e;&#x6e;i&#101;&#100;&#x65;&#x72;&#x73;ac&#104;&#x73;&#x65;&#x6e;&#46;d&#101;\">&#83;&#97;&#x6e;d&#114;&#x61;&#x2e;F&#105;&#x73;&#x63;h&#101;&#x72;&#64;&#114;&#x6c;&#x73;b&#45;&#x6f;&#x73;&#46;&#110;&#x69;e&#100;&#x65;&#x72;s&#97;&#x63;&#x68;s&#101;&#x6e;&#x2e;&#100;&#101;<\/a><\/p>\n\n\n\n<p><br>F\u00fcr Schulen und Lehrkr\u00e4fte steht grunds\u00e4tzlich das B&amp;U-Portal zur Verf\u00fcgung.<\/p>\n\n\n\n<p>Link f\u00fcr Schulen: <a href=\"https:\/\/bildungsportal-niedersachsen.de\/beratung-unterstuetzung\/onlineportal-bu\/paedagogische-und-psychologische-unterstuetzung\/sonderpaedagogische-unterstuetzung-und-inklusion\/mobile-dienste\/mobiler-dienst-es\">https:\/\/bildungsportal-niedersachsen.de\/beratung-unterstuetzung\/onlineportal-bu\/paedagogische-und-psychologische-unterstuetzung\/sonderpaedagogische-unterstuetzung-und-inklusion\/mobile-dienste\/mobiler-dienst-es<\/a><\/p>\n","protected":false},"excerpt":{"rendered":"<p>Mobiler Dienst emotionale und soziale Entwicklung (ES) Sch\u00fclerinnen und Sch\u00fcler k\u00f6nnen zuweilen Verhaltensweisen zeigen, die als herausfordernd wahrgenommen werden. Unterrichtsst\u00f6rungen, Konflikte mit Mitsch\u00fclerinnen und Mitsch\u00fclern oder mit Erwachsenen sowie schulvermeidendes oder \u00e4ngstliches Verhalten sind m\u00f6gliche Beispiele. Sch\u00fclerinnen und Sch\u00fcler, die herausfordernde Verhaltensweisen zeigen, nehmen eine soziale Situation in sehr individueller Weise wahr. Aufgrund ihrer bisherigen [&hellip;]<\/p>\n","protected":false},"author":9194125,"featured_media":0,"parent":0,"menu_order":0,"comment_status":"closed","ping_status":"closed","template":"","meta":{"footnotes":""},"class_list":["post-137","page","type-page","status-publish","hentry"],"_links":{"self":[{"href":"https:\/\/wordpress.nibis.de\/wbsbram\/wp-json\/wp\/v2\/pages\/137","targetHints":{"allow":["GET"]}}],"collection":[{"href":"https:\/\/wordpress.nibis.de\/wbsbram\/wp-json\/wp\/v2\/pages"}],"about":[{"href":"https:\/\/wordpress.nibis.de\/wbsbram\/wp-json\/wp\/v2\/types\/page"}],"author":[{"embeddable":true,"href":"https:\/\/wordpress.nibis.de\/wbsbram\/wp-json\/wp\/v2\/users\/9194125"}],"replies":[{"embeddable":true,"href":"https:\/\/wordpress.nibis.de\/wbsbram\/wp-json\/wp\/v2\/comments?post=137"}],"version-history":[{"count":4,"href":"https:\/\/wordpress.nibis.de\/wbsbram\/wp-json\/wp\/v2\/pages\/137\/revisions"}],"predecessor-version":[{"id":774,"href":"https:\/\/wordpress.nibis.de\/wbsbram\/wp-json\/wp\/v2\/pages\/137\/revisions\/774"}],"wp:attachment":[{"href":"https:\/\/wordpress.nibis.de\/wbsbram\/wp-json\/wp\/v2\/media?parent=137"}],"curies":[{"name":"wp","href":"https:\/\/api.w.org\/{rel}","templated":true}]}}