{"id":139,"date":"2024-03-11T11:37:58","date_gmt":"2024-03-11T10:37:58","guid":{"rendered":"https:\/\/wordpress.nibis.de\/wbsbram\/?page_id=139"},"modified":"2025-09-03T13:40:22","modified_gmt":"2025-09-03T11:40:22","slug":"flashgroup","status":"publish","type":"page","link":"https:\/\/wordpress.nibis.de\/wbsbram\/flashgroup\/","title":{"rendered":"Sch\u00fclerfirma Flashgroup"},"content":{"rendered":"\n<figure class=\"wp-block-image size-large is-resized\"><img loading=\"lazy\" decoding=\"async\" src=\"https:\/\/wordpress.nibis.de\/wbsbram\/files\/2024\/12\/Logo-Flashgroup-1024x766.jpg\" alt=\"\" class=\"wp-image-775\" width=\"504\" height=\"377\" srcset=\"https:\/\/wordpress.nibis.de\/wbsbram\/files\/2024\/12\/Logo-Flashgroup-1024x766.jpg 1024w, https:\/\/wordpress.nibis.de\/wbsbram\/files\/2024\/12\/Logo-Flashgroup-300x224.jpg 300w, https:\/\/wordpress.nibis.de\/wbsbram\/files\/2024\/12\/Logo-Flashgroup-768x575.jpg 768w, https:\/\/wordpress.nibis.de\/wbsbram\/files\/2024\/12\/Logo-Flashgroup.jpg 1056w\" sizes=\"auto, (max-width: 504px) 100vw, 504px\" \/><\/figure>\n\n\n\n<p>Die Sch\u00fclerfirma der Wilhelm-Busch-Schule wurde im Schuljahr 2018\/19 gegr\u00fcndet. Wir haben sie &#8222;<strong>Flashgroup<\/strong>&#8220; genannt und haben selber ein Logo gestaltet. Die Flashgroup ist eine <strong>Firmengemeinschaft<\/strong>, in der zur Zeit sechs Firmen betrieben werden (s.u.).<\/p>\n\n\n\n<p>Seit dem Schuljahr 2023\/34 sind wir als&nbsp;<strong>Sch\u00fclergenossenschaft<\/strong>&nbsp;organisiert. Wir haben verbindlich festgelegt, wie wir Entscheidungen treffen (z.B. zur Gewinnverwendung). Au\u00dferdem haben wir Absprachen zur Buchf\u00fchrung getroffen und erhalten dabei Unterst\u00fctzung von der Volksbank und dem Genossenschaftsverband.<\/p>\n\n\n\n<p><strong>Hier ist ein \u00dcberbick \u00fcber unsere Organisation und unsere Ziele:<\/strong><\/p>\n\n\n\n<figure class=\"wp-block-image size-large is-resized\"><img loading=\"lazy\" decoding=\"async\" src=\"https:\/\/wordpress.nibis.de\/wbsbram\/files\/2024\/12\/Uebersicht-Flashgroup-2-1024x677.jpg\" alt=\"\" class=\"wp-image-777\" width=\"668\" height=\"441\" srcset=\"https:\/\/wordpress.nibis.de\/wbsbram\/files\/2024\/12\/Uebersicht-Flashgroup-2-1024x677.jpg 1024w, https:\/\/wordpress.nibis.de\/wbsbram\/files\/2024\/12\/Uebersicht-Flashgroup-2-300x198.jpg 300w, https:\/\/wordpress.nibis.de\/wbsbram\/files\/2024\/12\/Uebersicht-Flashgroup-2-768x508.jpg 768w, https:\/\/wordpress.nibis.de\/wbsbram\/files\/2024\/12\/Uebersicht-Flashgroup-2-75x50.jpg 75w, https:\/\/wordpress.nibis.de\/wbsbram\/files\/2024\/12\/Uebersicht-Flashgroup-2.jpg 1177w\" sizes=\"auto, (max-width: 668px) 100vw, 668px\" \/><\/figure>\n\n\n\n<figure class=\"wp-block-table has-medium-font-size\"><table><tbody><tr><td class=\"has-text-align-center\" data-align=\"center\"><img loading=\"lazy\" decoding=\"async\" width=\"2560\" height=\"1630\" class=\"wp-image-781\" style=\"width: 1000px\" src=\"https:\/\/wordpress.nibis.de\/wbsbram\/files\/2024\/12\/20240919_100342b-scaled.jpg\" alt=\"\" srcset=\"https:\/\/wordpress.nibis.de\/wbsbram\/files\/2024\/12\/20240919_100342b-scaled.jpg 2560w, https:\/\/wordpress.nibis.de\/wbsbram\/files\/2024\/12\/20240919_100342b-300x191.jpg 300w, https:\/\/wordpress.nibis.de\/wbsbram\/files\/2024\/12\/20240919_100342b-1024x652.jpg 1024w, https:\/\/wordpress.nibis.de\/wbsbram\/files\/2024\/12\/20240919_100342b-768x489.jpg 768w, https:\/\/wordpress.nibis.de\/wbsbram\/files\/2024\/12\/20240919_100342b-1536x978.jpg 1536w, https:\/\/wordpress.nibis.de\/wbsbram\/files\/2024\/12\/20240919_100342b-2048x1304.jpg 2048w\" sizes=\"auto, (max-width: 2560px) 100vw, 2560px\" \/>                              <\/td><td class=\"has-text-align-center\" data-align=\"center\">Das&nbsp;<strong><a href=\"https:\/\/wordpress.nibis.de\/wbsbram\/cafe-chillout\/\" data-type=\"URL\" data-id=\"https:\/\/wordpress.nibis.de\/wbsbram\/cafe-chillout\/\">&#8222;Caf\u00e9 Chillout&#8220;<\/a><\/strong> hat dienstags und donnerstags in der ersten gro\u00dfen Pause ge\u00f6ffnet. Hier k\u00f6nnen sich Sch\u00fcler und Lehrer belegte Br\u00f6tchen, Kakao oder Kaffee kaufen und verzehren. <\/td><\/tr><tr><td class=\"has-text-align-center\" data-align=\"center\"><img loading=\"lazy\" decoding=\"async\" width=\"2560\" height=\"1804\" class=\"wp-image-1530\" style=\"width: 1000px\" src=\"https:\/\/wordpress.nibis.de\/wbsbram\/files\/2025\/09\/20250123_084308-scaled.jpg\" alt=\"\" srcset=\"https:\/\/wordpress.nibis.de\/wbsbram\/files\/2025\/09\/20250123_084308-scaled.jpg 2560w, https:\/\/wordpress.nibis.de\/wbsbram\/files\/2025\/09\/20250123_084308-300x211.jpg 300w, https:\/\/wordpress.nibis.de\/wbsbram\/files\/2025\/09\/20250123_084308-1024x722.jpg 1024w, https:\/\/wordpress.nibis.de\/wbsbram\/files\/2025\/09\/20250123_084308-768x541.jpg 768w, https:\/\/wordpress.nibis.de\/wbsbram\/files\/2025\/09\/20250123_084308-1536x1082.jpg 1536w, https:\/\/wordpress.nibis.de\/wbsbram\/files\/2025\/09\/20250123_084308-2048x1443.jpg 2048w\" sizes=\"auto, (max-width: 2560px) 100vw, 2560px\" \/><\/td><td class=\"has-text-align-center\" data-align=\"center\">Im&nbsp;<strong><a href=\"https:\/\/wordpress.nibis.de\/wbsbram\/kiosk-candy-shop\/\" data-type=\"URL\" data-id=\"https:\/\/wordpress.nibis.de\/wbsbram\/kiosk-candy-shop\/\">Kiosk &#8222;Candy-Shop&#8220;<\/a><\/strong> werden jeden Tag in einer gro\u00dfen Pause S\u00fc\u00dfigkeiten und Getr\u00e4nke verkauft.<\/td><\/tr><tr><td class=\"has-text-align-center\" data-align=\"center\"><img loading=\"lazy\" decoding=\"async\" width=\"2560\" height=\"1728\" class=\"wp-image-783\" style=\"width: 1000px\" src=\"https:\/\/wordpress.nibis.de\/wbsbram\/files\/2024\/12\/20230525_101714-scaled.jpg\" alt=\"\" srcset=\"https:\/\/wordpress.nibis.de\/wbsbram\/files\/2024\/12\/20230525_101714-scaled.jpg 2560w, https:\/\/wordpress.nibis.de\/wbsbram\/files\/2024\/12\/20230525_101714-300x203.jpg 300w, https:\/\/wordpress.nibis.de\/wbsbram\/files\/2024\/12\/20230525_101714-1024x691.jpg 1024w, https:\/\/wordpress.nibis.de\/wbsbram\/files\/2024\/12\/20230525_101714-768x518.jpg 768w, https:\/\/wordpress.nibis.de\/wbsbram\/files\/2024\/12\/20230525_101714-1536x1037.jpg 1536w, https:\/\/wordpress.nibis.de\/wbsbram\/files\/2024\/12\/20230525_101714-2048x1383.jpg 2048w, https:\/\/wordpress.nibis.de\/wbsbram\/files\/2024\/12\/20230525_101714-75x50.jpg 75w\" sizes=\"auto, (max-width: 2560px) 100vw, 2560px\" \/><\/td><td class=\"has-text-align-center\" data-align=\"center\">In der&nbsp;<strong><a href=\"https:\/\/wordpress.nibis.de\/wbsbram\/gartenkueche\/\" data-type=\"URL\" data-id=\"https:\/\/wordpress.nibis.de\/wbsbram\/gartenkueche\/\">Gartenk\u00fcche<\/a><\/strong>&nbsp;werden der Schulgarten gepflegt und z.B. Gurken gezogen, geerntet und verarbeitet.<\/td><\/tr><tr><td class=\"has-text-align-center\" data-align=\"center\"><img loading=\"lazy\" decoding=\"async\" width=\"800\" height=\"503\" class=\"wp-image-1134\" style=\"width: 1000px\" src=\"https:\/\/wordpress.nibis.de\/wbsbram\/files\/2025\/03\/Bild-Buecherei.jpg\" alt=\"\" srcset=\"https:\/\/wordpress.nibis.de\/wbsbram\/files\/2025\/03\/Bild-Buecherei.jpg 800w, https:\/\/wordpress.nibis.de\/wbsbram\/files\/2025\/03\/Bild-Buecherei-300x189.jpg 300w, https:\/\/wordpress.nibis.de\/wbsbram\/files\/2025\/03\/Bild-Buecherei-768x483.jpg 768w\" sizes=\"auto, (max-width: 800px) 100vw, 800px\" \/><\/td><td class=\"has-text-align-center\" data-align=\"center\">In der&nbsp;<strong><a href=\"https:\/\/wordpress.nibis.de\/wbsbram\/buecherei\/\" data-type=\"URL\" data-id=\"https:\/\/wordpress.nibis.de\/wbsbram\/buecherei\/\">B\u00fccherei<\/a><\/strong>&nbsp;k\u00f6nnen sich Sch\u00fcler B\u00fccher anschauen und ausleihen.<\/td><\/tr><tr><td class=\"has-text-align-center\" data-align=\"center\"><img loading=\"lazy\" decoding=\"async\" width=\"2560\" height=\"1920\" class=\"wp-image-785\" style=\"width: 1000px\" src=\"https:\/\/wordpress.nibis.de\/wbsbram\/files\/2024\/12\/18616073-A172-4A56-BD54-75C91D7F94D8-scaled.jpeg\" alt=\"\" srcset=\"https:\/\/wordpress.nibis.de\/wbsbram\/files\/2024\/12\/18616073-A172-4A56-BD54-75C91D7F94D8-scaled.jpeg 2560w, https:\/\/wordpress.nibis.de\/wbsbram\/files\/2024\/12\/18616073-A172-4A56-BD54-75C91D7F94D8-300x225.jpeg 300w, https:\/\/wordpress.nibis.de\/wbsbram\/files\/2024\/12\/18616073-A172-4A56-BD54-75C91D7F94D8-1024x768.jpeg 1024w, https:\/\/wordpress.nibis.de\/wbsbram\/files\/2024\/12\/18616073-A172-4A56-BD54-75C91D7F94D8-768x576.jpeg 768w, https:\/\/wordpress.nibis.de\/wbsbram\/files\/2024\/12\/18616073-A172-4A56-BD54-75C91D7F94D8-1536x1152.jpeg 1536w, https:\/\/wordpress.nibis.de\/wbsbram\/files\/2024\/12\/18616073-A172-4A56-BD54-75C91D7F94D8-2048x1536.jpeg 2048w\" sizes=\"auto, (max-width: 2560px) 100vw, 2560px\" \/><\/td><td class=\"has-text-align-center\" data-align=\"center\">In der&nbsp;<strong><a href=\"https:\/\/wordpress.nibis.de\/wbsbram\/fahrradwerkstatt\/\" data-type=\"URL\" data-id=\"https:\/\/wordpress.nibis.de\/wbsbram\/fahrradwerkstatt\/\">Fahrradwerkstatt &#8222;Speedbikers&#8220;<\/a><\/strong>&nbsp;werden die schuleigenen Fahrr\u00e4der und Kettcars gewartet. Au\u00dferdem werden Kundenauftr\u00e4ge zur Reparatur oder Reinigung von Fahrr\u00e4dern angenommen.<\/td><\/tr><tr><td class=\"has-text-align-center\" data-align=\"center\"><img loading=\"lazy\" decoding=\"async\" width=\"1448\" height=\"974\" class=\"wp-image-786\" style=\"width: 1000px\" src=\"https:\/\/wordpress.nibis.de\/wbsbram\/files\/2024\/12\/img-1155.jpg\" alt=\"\" srcset=\"https:\/\/wordpress.nibis.de\/wbsbram\/files\/2024\/12\/img-1155.jpg 1448w, https:\/\/wordpress.nibis.de\/wbsbram\/files\/2024\/12\/img-1155-300x202.jpg 300w, https:\/\/wordpress.nibis.de\/wbsbram\/files\/2024\/12\/img-1155-1024x689.jpg 1024w, https:\/\/wordpress.nibis.de\/wbsbram\/files\/2024\/12\/img-1155-768x517.jpg 768w, https:\/\/wordpress.nibis.de\/wbsbram\/files\/2024\/12\/img-1155-75x50.jpg 75w\" sizes=\"auto, (max-width: 1448px) 100vw, 1448px\" \/><\/td><td class=\"has-text-align-center\" data-align=\"center\">Die&nbsp;<strong><a href=\"https:\/\/wordpress.nibis.de\/wbsbram\/schuelerzeitung\/\" data-type=\"URL\" data-id=\"https:\/\/wordpress.nibis.de\/wbsbram\/schuelerzeitung\/\">Sch\u00fclerzeitung &#8222;Newshunter&#8220;<\/a><\/strong>&nbsp;bringt jedes Schulhalbjahr eine Sch\u00fclerzeitung mit spannenden Artikeln aus dem Schulleben heraus.<\/td><\/tr><\/tbody><\/table><\/figure>\n\n\n\n<p><br><strong>Konzept<\/strong><\/p>\n\n\n\n<p>In unserer Firma arbeiten die Sch\u00fclerinnen und Sch\u00fcler der Sekundarstufe 2. Donnerstags in der 1. &#8211; 4. Stunde ist unsere Projektzeit. Im Caf\u00e9 und Kiosk wird zudem in den Pausen gearbeitet. Wir erstellen selber die Abrechnungen. Mit dem Gewinn unterst\u00fctzen wir Aktionen an der Schule.<\/p>\n\n\n\n<p>Jede Firma wird durch Lehrer bzw. p\u00e4dagogische Mitarbeiterinnen geleitet. Die Sch\u00fclerinnen und Sch\u00fcler werden aber dazu angehalten, selbst\u00e4ndig und verantwortungsvoll zu arbeiten.&nbsp;Nachhaltigkeit und Teamarbeit sind uns sehr wichtig.<\/p>\n\n\n\n<p>In erster Linie dient die Sch\u00fclerfirma der <strong><a href=\"https:\/\/wordpress.nibis.de\/wbsbram\/berufsvorbereitung-2\/\">Berufsorientierung<\/a><\/strong>. In einem m\u00f6glichst realistischen Rahmen sollen die Sch\u00fcler verschiedene Berufsfelder kennenlernen, eine gute Arbeitshaltung entwickeln und ausgew\u00e4hlte berufspraktische Kompetenzen erwerben. Dazu geh\u00f6rt auch, dass sie sich f\u00fcr eine Firma bewerben m\u00fcssen und einen Arbeitsvertrag unterzeichnen. Am Ende des Schuljahres erhalten sie ein Zertifikat ihrer Mitarbeit und eine Beurteilung ihrer Leistungen.<\/p>\n\n\n\n<p>Es wurde eine ausf\u00fchrliche Konzeption der Sch\u00fclerfirma erarbeitet:<\/p>\n\n\n\n<div data-wp-interactive=\"core\/file\" class=\"wp-block-file\"><object data-wp-bind--hidden=\"!state.hasPdfPreview\" hidden class=\"wp-block-file__embed\" data=\"https:\/\/wordpress.nibis.de\/wbsbram\/files\/2024\/10\/Konzeption-der-Schuelerfirma-Flashgroup-2024_08.pdf\" type=\"application\/pdf\" style=\"width:100%;height:398px\" aria-label=\"Einbettung von Einbettung von Konzeption-der-Schuelerfirma-Flashgroup-2024_08..\"><\/object><a id=\"wp-block-file--media-5e0d16ad-4105-4b1b-bd97-b726ad9e5c5f\" href=\"https:\/\/wordpress.nibis.de\/wbsbram\/files\/2024\/10\/Konzeption-der-Schuelerfirma-Flashgroup-2024_08.pdf\">Konzeption-der-Schuelerfirma-Flashgroup-2024_08<\/a><a href=\"https:\/\/wordpress.nibis.de\/wbsbram\/files\/2024\/10\/Konzeption-der-Schuelerfirma-Flashgroup-2024_08.pdf\" class=\"wp-block-file__button\" download aria-describedby=\"wp-block-file--media-5e0d16ad-4105-4b1b-bd97-b726ad9e5c5f\">Herunterladen<\/a><\/div>\n\n\n\n<h2 class=\"wp-block-heading\"><br>Zertifizierung als &#8222;Nachhaltige Sch\u00fclerfirma&#8220;<\/h2>\n\n\n\n<p>Im November 2023 wurde die Flashgroup vom Land Niedersachsen als &#8222;Nachhaltige Sch\u00fclerfirma&#8220; zertifiziert. Vorangegangen war eine Pr\u00fcfung durch den Regionalberater. Bei der ersten Zertifizierung kann nur das Zertifikat in &#8222;Silber&#8220; erreicht werden. In den n\u00e4chsten Jahren wird auch &#8222;Gold&#8220; angestrebt. <\/p>\n\n\n\n<figure class=\"wp-block-image size-large is-resized\"><img loading=\"lazy\" decoding=\"async\" src=\"https:\/\/wordpress.nibis.de\/wbsbram\/files\/2024\/12\/20240503_184355-1-1024x689.jpg\" alt=\"\" class=\"wp-image-787\" width=\"634\" height=\"426\" srcset=\"https:\/\/wordpress.nibis.de\/wbsbram\/files\/2024\/12\/20240503_184355-1-1024x689.jpg 1024w, https:\/\/wordpress.nibis.de\/wbsbram\/files\/2024\/12\/20240503_184355-1-300x202.jpg 300w, https:\/\/wordpress.nibis.de\/wbsbram\/files\/2024\/12\/20240503_184355-1-768x517.jpg 768w, https:\/\/wordpress.nibis.de\/wbsbram\/files\/2024\/12\/20240503_184355-1-1536x1033.jpg 1536w, https:\/\/wordpress.nibis.de\/wbsbram\/files\/2024\/12\/20240503_184355-1-2048x1378.jpg 2048w, https:\/\/wordpress.nibis.de\/wbsbram\/files\/2024\/12\/20240503_184355-1-75x50.jpg 75w\" sizes=\"auto, (max-width: 634px) 100vw, 634px\" \/><\/figure>\n","protected":false},"excerpt":{"rendered":"<p>Die Sch\u00fclerfirma der Wilhelm-Busch-Schule wurde im Schuljahr 2018\/19 gegr\u00fcndet. Wir haben sie &#8222;Flashgroup&#8220; genannt und haben selber ein Logo gestaltet. Die Flashgroup ist eine Firmengemeinschaft, in der zur Zeit sechs Firmen betrieben werden (s.u.). Seit dem Schuljahr 2023\/34 sind wir als&nbsp;Sch\u00fclergenossenschaft&nbsp;organisiert. Wir haben verbindlich festgelegt, wie wir Entscheidungen treffen (z.B. zur Gewinnverwendung). Au\u00dferdem haben wir [&hellip;]<\/p>\n","protected":false},"author":9194125,"featured_media":0,"parent":0,"menu_order":0,"comment_status":"closed","ping_status":"closed","template":"","meta":{"footnotes":""},"class_list":["post-139","page","type-page","status-publish","hentry"],"_links":{"self":[{"href":"https:\/\/wordpress.nibis.de\/wbsbram\/wp-json\/wp\/v2\/pages\/139","targetHints":{"allow":["GET"]}}],"collection":[{"href":"https:\/\/wordpress.nibis.de\/wbsbram\/wp-json\/wp\/v2\/pages"}],"about":[{"href":"https:\/\/wordpress.nibis.de\/wbsbram\/wp-json\/wp\/v2\/types\/page"}],"author":[{"embeddable":true,"href":"https:\/\/wordpress.nibis.de\/wbsbram\/wp-json\/wp\/v2\/users\/9194125"}],"replies":[{"embeddable":true,"href":"https:\/\/wordpress.nibis.de\/wbsbram\/wp-json\/wp\/v2\/comments?post=139"}],"version-history":[{"count":16,"href":"https:\/\/wordpress.nibis.de\/wbsbram\/wp-json\/wp\/v2\/pages\/139\/revisions"}],"predecessor-version":[{"id":1540,"href":"https:\/\/wordpress.nibis.de\/wbsbram\/wp-json\/wp\/v2\/pages\/139\/revisions\/1540"}],"wp:attachment":[{"href":"https:\/\/wordpress.nibis.de\/wbsbram\/wp-json\/wp\/v2\/media?parent=139"}],"curies":[{"name":"wp","href":"https:\/\/api.w.org\/{rel}","templated":true}]}}