{"id":141,"date":"2024-03-11T11:38:14","date_gmt":"2024-03-11T10:38:14","guid":{"rendered":"https:\/\/wordpress.nibis.de\/wbsbram\/?page_id=141"},"modified":"2026-03-24T19:13:42","modified_gmt":"2026-03-24T18:13:42","slug":"cafe-chillout","status":"publish","type":"page","link":"https:\/\/wordpress.nibis.de\/wbsbram\/cafe-chillout\/","title":{"rendered":"Caf\u00e9 Chillout"},"content":{"rendered":"\n<figure class=\"wp-block-image size-large is-resized\"><img loading=\"lazy\" decoding=\"async\" width=\"1024\" height=\"652\" src=\"https:\/\/wordpress.nibis.de\/wbsbram\/files\/2024\/12\/20240919_100342b-1024x652.jpg\" alt=\"\" class=\"wp-image-781\" style=\"width:641px;height:409px\" srcset=\"https:\/\/wordpress.nibis.de\/wbsbram\/files\/2024\/12\/20240919_100342b-1024x652.jpg 1024w, https:\/\/wordpress.nibis.de\/wbsbram\/files\/2024\/12\/20240919_100342b-300x191.jpg 300w, https:\/\/wordpress.nibis.de\/wbsbram\/files\/2024\/12\/20240919_100342b-768x489.jpg 768w, https:\/\/wordpress.nibis.de\/wbsbram\/files\/2024\/12\/20240919_100342b-1536x978.jpg 1536w, https:\/\/wordpress.nibis.de\/wbsbram\/files\/2024\/12\/20240919_100342b-2048x1304.jpg 2048w\" sizes=\"auto, (max-width: 1024px) 100vw, 1024px\" \/><\/figure>\n\n\n\n<p>Das Caf\u00e9 ist dienstags und donnerstags in der 1. gro\u00dfen Pause von 9.20 bis 9.40 Uhr ge\u00f6ffnet.<br><br>Jeden Tag gibt es warme und kalte Getr\u00e4nke, frische belegt Br\u00f6tchen, Obst und Cornflakes. Donnerstags gibt es immer eine besondere Aktion wie z. B. Croissants, M\u00fcsli, Waffeln, Pizza, Hamburger, Hot Dogs oder Mettbr\u00f6tchen.<br><br>Sch\u00fclerinnen und Sch\u00fcler, die von Zuhause kein Fr\u00fchst\u00fcck mitbringen, k\u00f6nnen sich im Caf\u00e9 kostenlos ein Brot abholen.<\/p>\n\n\n\n<p>Das Caf\u00e9 ist ein Ort der Begegnung, wo sich Sch\u00fcler und Lehrer in angenehmer Atmosph\u00e4re treffen und unterhalten k\u00f6nnen.<\/p>\n\n\n\n<p>Aufgaben der Mitarbeiter:&nbsp;Einkaufen, Br\u00f6tchen schmieren, Verkaufen, Servieren, Reinigen<\/p>\n\n\n\n<figure class=\"wp-block-image size-large is-resized\"><img loading=\"lazy\" decoding=\"async\" width=\"1024\" height=\"676\" src=\"https:\/\/wordpress.nibis.de\/wbsbram\/files\/2026\/03\/signal-2026-03-17-063115_025-1024x676.jpeg\" alt=\"\" class=\"wp-image-2076\" style=\"aspect-ratio:1.5147872306937427;width:652px;height:auto\" srcset=\"https:\/\/wordpress.nibis.de\/wbsbram\/files\/2026\/03\/signal-2026-03-17-063115_025-1024x676.jpeg 1024w, https:\/\/wordpress.nibis.de\/wbsbram\/files\/2026\/03\/signal-2026-03-17-063115_025-300x198.jpeg 300w, https:\/\/wordpress.nibis.de\/wbsbram\/files\/2026\/03\/signal-2026-03-17-063115_025-768x507.jpeg 768w, https:\/\/wordpress.nibis.de\/wbsbram\/files\/2026\/03\/signal-2026-03-17-063115_025-100x66.jpeg 100w, https:\/\/wordpress.nibis.de\/wbsbram\/files\/2026\/03\/signal-2026-03-17-063115_025-1536x1013.jpeg 1536w, https:\/\/wordpress.nibis.de\/wbsbram\/files\/2026\/03\/signal-2026-03-17-063115_025-75x50.jpeg 75w, https:\/\/wordpress.nibis.de\/wbsbram\/files\/2026\/03\/signal-2026-03-17-063115_025.jpeg 2048w\" sizes=\"auto, (max-width: 1024px) 100vw, 1024px\" \/><\/figure>\n","protected":false},"excerpt":{"rendered":"<p>Das Caf\u00e9 ist dienstags und donnerstags in der 1. gro\u00dfen Pause von 9.20 bis 9.40 Uhr ge\u00f6ffnet. Jeden Tag gibt es warme und kalte Getr\u00e4nke, frische belegt Br\u00f6tchen, Obst und Cornflakes. Donnerstags gibt es immer eine besondere Aktion wie z. B. Croissants, M\u00fcsli, Waffeln, Pizza, Hamburger, Hot Dogs oder Mettbr\u00f6tchen. Sch\u00fclerinnen und Sch\u00fcler, die von [&hellip;]<\/p>\n","protected":false},"author":9194125,"featured_media":0,"parent":0,"menu_order":0,"comment_status":"closed","ping_status":"closed","template":"","meta":{"footnotes":""},"class_list":["post-141","page","type-page","status-publish","hentry"],"_links":{"self":[{"href":"https:\/\/wordpress.nibis.de\/wbsbram\/wp-json\/wp\/v2\/pages\/141","targetHints":{"allow":["GET"]}}],"collection":[{"href":"https:\/\/wordpress.nibis.de\/wbsbram\/wp-json\/wp\/v2\/pages"}],"about":[{"href":"https:\/\/wordpress.nibis.de\/wbsbram\/wp-json\/wp\/v2\/types\/page"}],"author":[{"embeddable":true,"href":"https:\/\/wordpress.nibis.de\/wbsbram\/wp-json\/wp\/v2\/users\/9194125"}],"replies":[{"embeddable":true,"href":"https:\/\/wordpress.nibis.de\/wbsbram\/wp-json\/wp\/v2\/comments?post=141"}],"version-history":[{"count":4,"href":"https:\/\/wordpress.nibis.de\/wbsbram\/wp-json\/wp\/v2\/pages\/141\/revisions"}],"predecessor-version":[{"id":2077,"href":"https:\/\/wordpress.nibis.de\/wbsbram\/wp-json\/wp\/v2\/pages\/141\/revisions\/2077"}],"wp:attachment":[{"href":"https:\/\/wordpress.nibis.de\/wbsbram\/wp-json\/wp\/v2\/media?parent=141"}],"curies":[{"name":"wp","href":"https:\/\/api.w.org\/{rel}","templated":true}]}}