{"id":143,"date":"2024-03-11T11:38:31","date_gmt":"2024-03-11T10:38:31","guid":{"rendered":"https:\/\/wordpress.nibis.de\/wbsbram\/?page_id=143"},"modified":"2026-03-24T19:10:52","modified_gmt":"2026-03-24T18:10:52","slug":"kiosk-candy-shop","status":"publish","type":"page","link":"https:\/\/wordpress.nibis.de\/wbsbram\/kiosk-candy-shop\/","title":{"rendered":"Kiosk Candyshop"},"content":{"rendered":"\n<figure class=\"wp-block-image size-large is-resized\"><img loading=\"lazy\" decoding=\"async\" width=\"1024\" height=\"809\" src=\"https:\/\/wordpress.nibis.de\/wbsbram\/files\/2026\/03\/20251120_08510213-1024x809.jpg\" alt=\"\" class=\"wp-image-2072\" style=\"aspect-ratio:1.4195652173913043;width:671px;height:auto\" srcset=\"https:\/\/wordpress.nibis.de\/wbsbram\/files\/2026\/03\/20251120_08510213-1024x809.jpg 1024w, https:\/\/wordpress.nibis.de\/wbsbram\/files\/2026\/03\/20251120_08510213-300x237.jpg 300w, https:\/\/wordpress.nibis.de\/wbsbram\/files\/2026\/03\/20251120_08510213-768x607.jpg 768w, https:\/\/wordpress.nibis.de\/wbsbram\/files\/2026\/03\/20251120_08510213-100x79.jpg 100w, https:\/\/wordpress.nibis.de\/wbsbram\/files\/2026\/03\/20251120_08510213-1536x1214.jpg 1536w, https:\/\/wordpress.nibis.de\/wbsbram\/files\/2026\/03\/20251120_08510213-2048x1619.jpg 2048w\" sizes=\"auto, (max-width: 1024px) 100vw, 1024px\" \/><\/figure>\n\n\n\n<p>Der Candyshop hat jeden Tag in einer gro\u00dfen Pause ge\u00f6ffnet.<\/p>\n\n\n\n<p><strong>Verkaufs-Artikel<\/strong><\/p>\n\n\n\n<p>Zu unserem Angebot geh\u00f6ren Schokoriegel, Knabbereien, Lutscher, Eis und Getr\u00e4nke sowie einige Schulartikel wie Stifte und Radiergummis.<\/p>\n\n\n\n<p><strong>&#8222;Ungesundes Angebot&#8220;<\/strong><\/p>\n\n\n\n<p>Wir sind uns bewusst, dass wir mit unserem Angebot eine gesunde Ern\u00e4hrung nicht f\u00f6rdern. Die Artikel sind bei den Sch\u00fcler jedoch sehr beliebt. Um einen Beitrag zur gesunden Ern\u00e4hrung zu leisten, haben wir die Abgabemengen begrenzt. Au\u00dferdem haben wir Artikel mit besonders hohem Zuckergehalt durch solche mit weniger Zucker ersetzt (z.B. Getr\u00e4nke). Artikel mit wenig Zucker sind zudem deutlich g\u00fcnstiger. Weiterhin veranstalten wir regelm\u00e4\u00dfig besondere Aktionen, die ges\u00fcndere Produkte in den Vordergrund r\u00fccken.<\/p>\n\n\n\n<p><strong>Nachhaltigkeit<\/strong><\/p>\n\n\n\n<p>Wir versuchen Plastikm\u00fcll zu reduzieren. So haben wir bei den Getr\u00e4nken die Tetrapaks durch Pfandflaschen ersetzt. Au\u00dferdem f\u00fchren wir zunehmend unverpackte Artikel ein, die wir in Papiert\u00fctchen abgeben. Zuletzt tragen auch Stromsparen und M\u00fclltrennung zur Nachhaltigkeit bei. Unsere Eink\u00e4ufe erledigen wir auch mit einem Fahrrad mit Anh\u00e4nger.<\/p>\n\n\n\n<p><strong>Aufgaben der Mitarbeiter:<\/strong><\/p>\n\n\n\n<p>Wareneinkauf, Einlagern, Aufr\u00e4umen, Reinigen, Inventuren, Verkaufen, Abrechnen<\/p>\n\n\n\n<figure class=\"wp-block-table aligncenter is-style-regular\" style=\"font-size:15px\"><table><tbody><tr><td><a rel=\"noreferrer noopener\" href=\"https:\/\/www.youtube.com\/watch?v=W2BvRDpk3ao\" target=\"_blank\"><\/a><a href=\"https:\/\/www.youtube.com\/watch?v=W2BvRDpk3ao&amp;t=62s\" data-type=\"URL\" data-id=\"https:\/\/www.youtube.com\/watch?v=W2BvRDpk3ao&amp;t=62s\" target=\"_blank\" rel=\"noreferrer noopener\"><img loading=\"lazy\" decoding=\"async\" width=\"1609\" height=\"902\" class=\"wp-image-792\" style=\"width: 500px\" src=\"https:\/\/wordpress.nibis.de\/wbsbram\/files\/2024\/12\/Kiosk.jpg\" alt=\"\" srcset=\"https:\/\/wordpress.nibis.de\/wbsbram\/files\/2024\/12\/Kiosk.jpg 1609w, https:\/\/wordpress.nibis.de\/wbsbram\/files\/2024\/12\/Kiosk-300x168.jpg 300w, https:\/\/wordpress.nibis.de\/wbsbram\/files\/2024\/12\/Kiosk-1024x574.jpg 1024w, https:\/\/wordpress.nibis.de\/wbsbram\/files\/2024\/12\/Kiosk-768x431.jpg 768w, https:\/\/wordpress.nibis.de\/wbsbram\/files\/2024\/12\/Kiosk-1536x861.jpg 1536w\" sizes=\"auto, (max-width: 1609px) 100vw, 1609px\" \/><\/a><\/td><td class=\"has-text-align-center\" data-align=\"center\"><strong><a href=\"https:\/\/www.youtube.com\/watch?v=W2BvRDpk3ao&amp;t=62s\" data-type=\"URL\" data-id=\"https:\/\/www.youtube.com\/watch?v=W2BvRDpk3ao&amp;t=62s\" target=\"_blank\" rel=\"noreferrer noopener\">Video &#8222;Vorstellung vom Kiosk&#8220;<\/a><\/strong><br>Mit dem Anklicken des Links bzw. des Bildes wird eine Verbindung zum Server von Youtube hergestellt. Dabei wird ein Cookie gesetzt und es werden personenbezogenen Daten an Youtube \u00fcbermittelt (z.B. IP-Adresse) .<\/td><\/tr><tr><td><a rel=\"noreferrer noopener\" href=\"https:\/\/landkrosnabrueck.taskcards.app\/#\/board\/4dbf5aba-9534-4ca0-85e9-9d28732ad1de\/view\" target=\"_blank\"><\/a><a href=\"https:\/\/www.taskcards.de\/#\/board\/4dbf5aba-9534-4ca0-85e9-9d28732ad1de\/view\"><img loading=\"lazy\" decoding=\"async\" width=\"1547\" height=\"886\" class=\"wp-image-793\" style=\"width: 500px\" src=\"https:\/\/wordpress.nibis.de\/wbsbram\/files\/2024\/12\/Sceenshot-taskcards.jpg\" alt=\"\" srcset=\"https:\/\/wordpress.nibis.de\/wbsbram\/files\/2024\/12\/Sceenshot-taskcards.jpg 1547w, https:\/\/wordpress.nibis.de\/wbsbram\/files\/2024\/12\/Sceenshot-taskcards-300x172.jpg 300w, https:\/\/wordpress.nibis.de\/wbsbram\/files\/2024\/12\/Sceenshot-taskcards-1024x586.jpg 1024w, https:\/\/wordpress.nibis.de\/wbsbram\/files\/2024\/12\/Sceenshot-taskcards-768x440.jpg 768w, https:\/\/wordpress.nibis.de\/wbsbram\/files\/2024\/12\/Sceenshot-taskcards-1536x880.jpg 1536w\" sizes=\"auto, (max-width: 1547px) 100vw, 1547px\" \/><\/a><\/td><td class=\"has-text-align-center\" data-align=\"center\"><strong><a href=\"https:\/\/www.taskcards.de\/#\/board\/4dbf5aba-9534-4ca0-85e9-9d28732ad1de\/view\">Taskcard zu den Aufgaben im Kiosk<\/a><\/strong><br>In der Taskcard werden die Aufgaben im Kiosk erkl\u00e4rt. Au\u00dferdem k\u00f6nnen diese in interaktiven \u00dcbungen trainiert werden.<\/td><\/tr><\/tbody><\/table><\/figure>\n\n\n\n<figure class=\"wp-block-table is-style-regular\"><table><tbody><tr><td class=\"has-text-align-center\" data-align=\"center\"><img loading=\"lazy\" decoding=\"async\" width=\"2560\" height=\"1748\" class=\"wp-image-797\" style=\"width: 500px\" src=\"https:\/\/wordpress.nibis.de\/wbsbram\/files\/2024\/12\/20240919_111422b-scaled.jpg\" alt=\"\" srcset=\"https:\/\/wordpress.nibis.de\/wbsbram\/files\/2024\/12\/20240919_111422b-scaled.jpg 2560w, https:\/\/wordpress.nibis.de\/wbsbram\/files\/2024\/12\/20240919_111422b-300x205.jpg 300w, https:\/\/wordpress.nibis.de\/wbsbram\/files\/2024\/12\/20240919_111422b-1024x699.jpg 1024w, https:\/\/wordpress.nibis.de\/wbsbram\/files\/2024\/12\/20240919_111422b-768x524.jpg 768w, https:\/\/wordpress.nibis.de\/wbsbram\/files\/2024\/12\/20240919_111422b-1536x1049.jpg 1536w, https:\/\/wordpress.nibis.de\/wbsbram\/files\/2024\/12\/20240919_111422b-2048x1399.jpg 2048w, https:\/\/wordpress.nibis.de\/wbsbram\/files\/2024\/12\/20240919_111422b-75x50.jpg 75w\" sizes=\"auto, (max-width: 2560px) 100vw, 2560px\" \/><\/td><td><\/td><td class=\"has-text-align-center\" data-align=\"center\"><img loading=\"lazy\" decoding=\"async\" width=\"2560\" height=\"1622\" class=\"wp-image-796\" style=\"width: 500px\" src=\"https:\/\/wordpress.nibis.de\/wbsbram\/files\/2024\/12\/20230223_083332-scaled.jpg\" alt=\"\" srcset=\"https:\/\/wordpress.nibis.de\/wbsbram\/files\/2024\/12\/20230223_083332-scaled.jpg 2560w, https:\/\/wordpress.nibis.de\/wbsbram\/files\/2024\/12\/20230223_083332-300x190.jpg 300w, https:\/\/wordpress.nibis.de\/wbsbram\/files\/2024\/12\/20230223_083332-1024x649.jpg 1024w, https:\/\/wordpress.nibis.de\/wbsbram\/files\/2024\/12\/20230223_083332-768x487.jpg 768w, https:\/\/wordpress.nibis.de\/wbsbram\/files\/2024\/12\/20230223_083332-1536x973.jpg 1536w, https:\/\/wordpress.nibis.de\/wbsbram\/files\/2024\/12\/20230223_083332-2048x1297.jpg 2048w\" sizes=\"auto, (max-width: 2560px) 100vw, 2560px\" \/><\/td><td><\/td><td class=\"has-text-align-center\" data-align=\"center\"><img loading=\"lazy\" decoding=\"async\" width=\"2560\" height=\"1743\" class=\"wp-image-795\" style=\"width: 500px\" src=\"https:\/\/wordpress.nibis.de\/wbsbram\/files\/2024\/12\/20230223_083109-scaled.jpg\" alt=\"\" srcset=\"https:\/\/wordpress.nibis.de\/wbsbram\/files\/2024\/12\/20230223_083109-scaled.jpg 2560w, https:\/\/wordpress.nibis.de\/wbsbram\/files\/2024\/12\/20230223_083109-300x204.jpg 300w, https:\/\/wordpress.nibis.de\/wbsbram\/files\/2024\/12\/20230223_083109-1024x697.jpg 1024w, https:\/\/wordpress.nibis.de\/wbsbram\/files\/2024\/12\/20230223_083109-768x523.jpg 768w, https:\/\/wordpress.nibis.de\/wbsbram\/files\/2024\/12\/20230223_083109-1536x1046.jpg 1536w, https:\/\/wordpress.nibis.de\/wbsbram\/files\/2024\/12\/20230223_083109-2048x1394.jpg 2048w, https:\/\/wordpress.nibis.de\/wbsbram\/files\/2024\/12\/20230223_083109-75x50.jpg 75w\" sizes=\"auto, (max-width: 2560px) 100vw, 2560px\" \/><\/td><\/tr><\/tbody><\/table><\/figure>\n\n\n\n<p><\/p>\n","protected":false},"excerpt":{"rendered":"<p>Der Candyshop hat jeden Tag in einer gro\u00dfen Pause ge\u00f6ffnet. Verkaufs-Artikel Zu unserem Angebot geh\u00f6ren Schokoriegel, Knabbereien, Lutscher, Eis und Getr\u00e4nke sowie einige Schulartikel wie Stifte und Radiergummis. &#8222;Ungesundes Angebot&#8220; Wir sind uns bewusst, dass wir mit unserem Angebot eine gesunde Ern\u00e4hrung nicht f\u00f6rdern. Die Artikel sind bei den Sch\u00fcler jedoch sehr beliebt. Um einen [&hellip;]<\/p>\n","protected":false},"author":9194125,"featured_media":0,"parent":0,"menu_order":0,"comment_status":"closed","ping_status":"closed","template":"","meta":{"footnotes":""},"class_list":["post-143","page","type-page","status-publish","hentry"],"_links":{"self":[{"href":"https:\/\/wordpress.nibis.de\/wbsbram\/wp-json\/wp\/v2\/pages\/143","targetHints":{"allow":["GET"]}}],"collection":[{"href":"https:\/\/wordpress.nibis.de\/wbsbram\/wp-json\/wp\/v2\/pages"}],"about":[{"href":"https:\/\/wordpress.nibis.de\/wbsbram\/wp-json\/wp\/v2\/types\/page"}],"author":[{"embeddable":true,"href":"https:\/\/wordpress.nibis.de\/wbsbram\/wp-json\/wp\/v2\/users\/9194125"}],"replies":[{"embeddable":true,"href":"https:\/\/wordpress.nibis.de\/wbsbram\/wp-json\/wp\/v2\/comments?post=143"}],"version-history":[{"count":17,"href":"https:\/\/wordpress.nibis.de\/wbsbram\/wp-json\/wp\/v2\/pages\/143\/revisions"}],"predecessor-version":[{"id":2074,"href":"https:\/\/wordpress.nibis.de\/wbsbram\/wp-json\/wp\/v2\/pages\/143\/revisions\/2074"}],"wp:attachment":[{"href":"https:\/\/wordpress.nibis.de\/wbsbram\/wp-json\/wp\/v2\/media?parent=143"}],"curies":[{"name":"wp","href":"https:\/\/api.w.org\/{rel}","templated":true}]}}