{"id":145,"date":"2024-03-11T11:38:41","date_gmt":"2024-03-11T10:38:41","guid":{"rendered":"https:\/\/wordpress.nibis.de\/wbsbram\/?page_id=145"},"modified":"2024-12-04T15:07:08","modified_gmt":"2024-12-04T14:07:08","slug":"gartenkueche","status":"publish","type":"page","link":"https:\/\/wordpress.nibis.de\/wbsbram\/gartenkueche\/","title":{"rendered":"Gartenk\u00fcche"},"content":{"rendered":"\n<figure class=\"wp-block-image size-large is-resized\"><img loading=\"lazy\" decoding=\"async\" src=\"https:\/\/wordpress.nibis.de\/wbsbram\/files\/2024\/12\/20230525_101714-1024x691.jpg\" alt=\"\" class=\"wp-image-783\" width=\"710\" height=\"478\" srcset=\"https:\/\/wordpress.nibis.de\/wbsbram\/files\/2024\/12\/20230525_101714-1024x691.jpg 1024w, https:\/\/wordpress.nibis.de\/wbsbram\/files\/2024\/12\/20230525_101714-300x203.jpg 300w, https:\/\/wordpress.nibis.de\/wbsbram\/files\/2024\/12\/20230525_101714-768x518.jpg 768w, https:\/\/wordpress.nibis.de\/wbsbram\/files\/2024\/12\/20230525_101714-1536x1037.jpg 1536w, https:\/\/wordpress.nibis.de\/wbsbram\/files\/2024\/12\/20230525_101714-2048x1383.jpg 2048w, https:\/\/wordpress.nibis.de\/wbsbram\/files\/2024\/12\/20230525_101714-75x50.jpg 75w\" sizes=\"auto, (max-width: 710px) 100vw, 710px\" \/><\/figure>\n\n\n\n<p>Die Gartenk\u00fcche pflegt den Schulgarten.<\/p>\n\n\n\n<p>Dort werden Gem\u00fcse und Kr\u00e4uter angebaut.<\/p>\n\n\n\n<p>Das geerntete Gem\u00fcse wird verarbeitet und verkauft.<\/p>\n\n\n\n<p>Aufgaben der Mitarbeiter:&nbsp;Gartenpflege und -gestaltung, Aussaat und Ernte, Verarbeitung<\/p>\n\n\n\n<div class=\"wp-block-image\"><figure class=\"alignleft size-large is-resized\"><img loading=\"lazy\" decoding=\"async\" src=\"https:\/\/wordpress.nibis.de\/wbsbram\/files\/2024\/12\/Foto-12.09.24-10-24-31b-1024x806.jpg\" alt=\"\" class=\"wp-image-799\" width=\"699\" height=\"544\" \/><\/figure><\/div>\n","protected":false},"excerpt":{"rendered":"<p>Die Gartenk\u00fcche pflegt den Schulgarten. Dort werden Gem\u00fcse und Kr\u00e4uter angebaut. Das geerntete Gem\u00fcse wird verarbeitet und verkauft. Aufgaben der Mitarbeiter:&nbsp;Gartenpflege und -gestaltung, Aussaat und Ernte, Verarbeitung<\/p>\n","protected":false},"author":9194125,"featured_media":0,"parent":0,"menu_order":0,"comment_status":"closed","ping_status":"closed","template":"","meta":{"footnotes":""},"class_list":["post-145","page","type-page","status-publish","hentry"],"_links":{"self":[{"href":"https:\/\/wordpress.nibis.de\/wbsbram\/wp-json\/wp\/v2\/pages\/145","targetHints":{"allow":["GET"]}}],"collection":[{"href":"https:\/\/wordpress.nibis.de\/wbsbram\/wp-json\/wp\/v2\/pages"}],"about":[{"href":"https:\/\/wordpress.nibis.de\/wbsbram\/wp-json\/wp\/v2\/types\/page"}],"author":[{"embeddable":true,"href":"https:\/\/wordpress.nibis.de\/wbsbram\/wp-json\/wp\/v2\/users\/9194125"}],"replies":[{"embeddable":true,"href":"https:\/\/wordpress.nibis.de\/wbsbram\/wp-json\/wp\/v2\/comments?post=145"}],"version-history":[{"count":3,"href":"https:\/\/wordpress.nibis.de\/wbsbram\/wp-json\/wp\/v2\/pages\/145\/revisions"}],"predecessor-version":[{"id":801,"href":"https:\/\/wordpress.nibis.de\/wbsbram\/wp-json\/wp\/v2\/pages\/145\/revisions\/801"}],"wp:attachment":[{"href":"https:\/\/wordpress.nibis.de\/wbsbram\/wp-json\/wp\/v2\/media?parent=145"}],"curies":[{"name":"wp","href":"https:\/\/api.w.org\/{rel}","templated":true}]}}