{"id":147,"date":"2024-03-11T11:38:48","date_gmt":"2024-03-11T10:38:48","guid":{"rendered":"https:\/\/wordpress.nibis.de\/wbsbram\/?page_id=147"},"modified":"2026-03-14T12:13:48","modified_gmt":"2026-03-14T11:13:48","slug":"buecherei","status":"publish","type":"page","link":"https:\/\/wordpress.nibis.de\/wbsbram\/buecherei\/","title":{"rendered":"B\u00fccherei"},"content":{"rendered":"\n<figure class=\"wp-block-image size-large is-resized\"><img loading=\"lazy\" decoding=\"async\" width=\"1024\" height=\"766\" src=\"https:\/\/wordpress.nibis.de\/wbsbram\/files\/2024\/12\/Foto-12.09.24-10-16-48-1-1024x766.jpg\" alt=\"\" class=\"wp-image-784\" style=\"width:706px;height:528px\" srcset=\"https:\/\/wordpress.nibis.de\/wbsbram\/files\/2024\/12\/Foto-12.09.24-10-16-48-1-1024x766.jpg 1024w, https:\/\/wordpress.nibis.de\/wbsbram\/files\/2024\/12\/Foto-12.09.24-10-16-48-1-300x224.jpg 300w, https:\/\/wordpress.nibis.de\/wbsbram\/files\/2024\/12\/Foto-12.09.24-10-16-48-1-768x574.jpg 768w, https:\/\/wordpress.nibis.de\/wbsbram\/files\/2024\/12\/Foto-12.09.24-10-16-48-1-1536x1148.jpg 1536w, https:\/\/wordpress.nibis.de\/wbsbram\/files\/2024\/12\/Foto-12.09.24-10-16-48-1-2048x1531.jpg 2048w\" sizes=\"auto, (max-width: 1024px) 100vw, 1024px\" \/><\/figure>\n\n\n\n<p>Die B\u00fccherei der Wilhelm-Busch-Schule bietet zu vielen Themengebieten etwas zum Lesen und Vertiefen an. Besonders beliebt sind die Sachb\u00fccher.<br><br>Viele Klassen besuchen die B\u00fccherei ein- oder mehrmals pro Woche. Die Sch\u00fcler k\u00f6nnen sich B\u00fccher \u00fcber mehrere Tage oder Wochen ausleihen und sogar mit nach Hause nehmen.<br><br>Die B\u00fccherei ist ein einladender Ort zum Zur\u00fcckziehen und Ruhe-Finden.<\/p>\n\n\n\n<p>Das B\u00fccherei-Team veranstaltet regelm\u00e4\u00dfig Kamishibai-Vorlesungen f\u00fcr interessierte Klassen und zunehmend auch au\u00dferhalb der Schule (z.B. in Kinderg\u00e4rten und Seniorenheimen).<\/p>\n\n\n\n<p>Au\u00dferdem werden alte B\u00fccher upgecycled, z.B. zu Dekoartikeln.<\/p>\n\n\n\n<p>Aufgaben der Mitarbeiter:&nbsp;Raumpflege, B\u00fccherbeschaffung, Inventur, Inventarisierung, Vorlesen<\/p>\n\n\n\n<h2 class=\"wp-block-heading\">Die Ausleihe<\/h2>\n\n\n\n<figure class=\"wp-block-embed is-type-video is-provider-youtube wp-block-embed-youtube wp-embed-aspect-16-9 wp-has-aspect-ratio\"><div class=\"wp-block-embed__wrapper\">\n<iframe loading=\"lazy\"  id=\"_ytid_24743\"  width=\"800\" height=\"450\"  data-origwidth=\"800\" data-origheight=\"450\" src=\"https:\/\/www.youtube.com\/embed\/7T622qY_Hrw?enablejsapi=1&#038;autoplay=0&#038;cc_load_policy=0&#038;cc_lang_pref=&#038;iv_load_policy=1&#038;loop=0&#038;rel=1&#038;fs=1&#038;playsinline=0&#038;autohide=2&#038;theme=dark&#038;color=red&#038;controls=1&#038;disablekb=0&#038;\" class=\"__youtube_prefs__  epyt-is-override  no-lazyload\" title=\"YouTube player\"  allow=\"fullscreen; accelerometer; autoplay; clipboard-write; encrypted-media; gyroscope; picture-in-picture; web-share\" referrerpolicy=\"strict-origin-when-cross-origin\" allowfullscreen data-no-lazy=\"1\" data-skipgform_ajax_framebjll=\"\"><\/iframe>\n<\/div><figcaption class=\"wp-element-caption\">Mit dem Anklicken des Links bzw. des Bildes wird eine Verbindung zum Server von Youtube hergestellt. Dabei wird ein Cookie gesetzt und es werden personenbezogenen Daten an Youtube \u00fcbermittelt (z.B. IP-Adresse).<\/figcaption><\/figure>\n\n\n\n<figure class=\"wp-block-image size-large is-resized\"><img loading=\"lazy\" decoding=\"async\" width=\"1024\" height=\"681\" src=\"https:\/\/wordpress.nibis.de\/wbsbram\/files\/2024\/12\/DSC04573b-1024x681.jpg\" alt=\"\" class=\"wp-image-802\" style=\"width:676px;height:449px\" srcset=\"https:\/\/wordpress.nibis.de\/wbsbram\/files\/2024\/12\/DSC04573b-1024x681.jpg 1024w, https:\/\/wordpress.nibis.de\/wbsbram\/files\/2024\/12\/DSC04573b-300x199.jpg 300w, https:\/\/wordpress.nibis.de\/wbsbram\/files\/2024\/12\/DSC04573b-768x511.jpg 768w, https:\/\/wordpress.nibis.de\/wbsbram\/files\/2024\/12\/DSC04573b-1536x1021.jpg 1536w, https:\/\/wordpress.nibis.de\/wbsbram\/files\/2024\/12\/DSC04573b-75x50.jpg 75w, https:\/\/wordpress.nibis.de\/wbsbram\/files\/2024\/12\/DSC04573b.jpg 1892w\" sizes=\"auto, (max-width: 1024px) 100vw, 1024px\" \/><\/figure>\n\n\n\n<figure class=\"wp-block-image size-large is-resized\"><img loading=\"lazy\" decoding=\"async\" width=\"1024\" height=\"735\" src=\"https:\/\/wordpress.nibis.de\/wbsbram\/files\/2026\/01\/signal-2025-12-17-160858_009b-1024x735.jpeg\" alt=\"\" class=\"wp-image-1879\" style=\"aspect-ratio:1.393188816880364;width:674px;height:auto\" srcset=\"https:\/\/wordpress.nibis.de\/wbsbram\/files\/2026\/01\/signal-2025-12-17-160858_009b-1024x735.jpeg 1024w, https:\/\/wordpress.nibis.de\/wbsbram\/files\/2026\/01\/signal-2025-12-17-160858_009b-300x215.jpeg 300w, https:\/\/wordpress.nibis.de\/wbsbram\/files\/2026\/01\/signal-2025-12-17-160858_009b-768x552.jpeg 768w, https:\/\/wordpress.nibis.de\/wbsbram\/files\/2026\/01\/signal-2025-12-17-160858_009b-100x72.jpeg 100w, https:\/\/wordpress.nibis.de\/wbsbram\/files\/2026\/01\/signal-2025-12-17-160858_009b-1536x1103.jpeg 1536w, https:\/\/wordpress.nibis.de\/wbsbram\/files\/2026\/01\/signal-2025-12-17-160858_009b.jpeg 1838w\" sizes=\"auto, (max-width: 1024px) 100vw, 1024px\" \/><\/figure>\n","protected":false},"excerpt":{"rendered":"<p>Die B\u00fccherei der Wilhelm-Busch-Schule bietet zu vielen Themengebieten etwas zum Lesen und Vertiefen an. Besonders beliebt sind die Sachb\u00fccher. Viele Klassen besuchen die B\u00fccherei ein- oder mehrmals pro Woche. Die Sch\u00fcler k\u00f6nnen sich B\u00fccher \u00fcber mehrere Tage oder Wochen ausleihen und sogar mit nach Hause nehmen. Die B\u00fccherei ist ein einladender Ort zum Zur\u00fcckziehen und [&hellip;]<\/p>\n","protected":false},"author":9194125,"featured_media":0,"parent":0,"menu_order":0,"comment_status":"closed","ping_status":"closed","template":"","meta":{"footnotes":""},"class_list":["post-147","page","type-page","status-publish","hentry"],"_links":{"self":[{"href":"https:\/\/wordpress.nibis.de\/wbsbram\/wp-json\/wp\/v2\/pages\/147","targetHints":{"allow":["GET"]}}],"collection":[{"href":"https:\/\/wordpress.nibis.de\/wbsbram\/wp-json\/wp\/v2\/pages"}],"about":[{"href":"https:\/\/wordpress.nibis.de\/wbsbram\/wp-json\/wp\/v2\/types\/page"}],"author":[{"embeddable":true,"href":"https:\/\/wordpress.nibis.de\/wbsbram\/wp-json\/wp\/v2\/users\/9194125"}],"replies":[{"embeddable":true,"href":"https:\/\/wordpress.nibis.de\/wbsbram\/wp-json\/wp\/v2\/comments?post=147"}],"version-history":[{"count":5,"href":"https:\/\/wordpress.nibis.de\/wbsbram\/wp-json\/wp\/v2\/pages\/147\/revisions"}],"predecessor-version":[{"id":2028,"href":"https:\/\/wordpress.nibis.de\/wbsbram\/wp-json\/wp\/v2\/pages\/147\/revisions\/2028"}],"wp:attachment":[{"href":"https:\/\/wordpress.nibis.de\/wbsbram\/wp-json\/wp\/v2\/media?parent=147"}],"curies":[{"name":"wp","href":"https:\/\/api.w.org\/{rel}","templated":true}]}}