{"id":149,"date":"2024-03-11T11:38:57","date_gmt":"2024-03-11T10:38:57","guid":{"rendered":"https:\/\/wordpress.nibis.de\/wbsbram\/?page_id=149"},"modified":"2024-12-04T15:11:46","modified_gmt":"2024-12-04T14:11:46","slug":"fahrradwerkstatt","status":"publish","type":"page","link":"https:\/\/wordpress.nibis.de\/wbsbram\/fahrradwerkstatt\/","title":{"rendered":"Fahrradwerkstatt"},"content":{"rendered":"\n<figure class=\"wp-block-image size-large is-resized\"><img loading=\"lazy\" decoding=\"async\" src=\"https:\/\/wordpress.nibis.de\/wbsbram\/files\/2024\/12\/18616073-A172-4A56-BD54-75C91D7F94D8-1024x768.jpeg\" alt=\"\" class=\"wp-image-785\" width=\"693\" height=\"521\" srcset=\"https:\/\/wordpress.nibis.de\/wbsbram\/files\/2024\/12\/18616073-A172-4A56-BD54-75C91D7F94D8-1024x768.jpeg 1024w, https:\/\/wordpress.nibis.de\/wbsbram\/files\/2024\/12\/18616073-A172-4A56-BD54-75C91D7F94D8-300x225.jpeg 300w, https:\/\/wordpress.nibis.de\/wbsbram\/files\/2024\/12\/18616073-A172-4A56-BD54-75C91D7F94D8-768x576.jpeg 768w, https:\/\/wordpress.nibis.de\/wbsbram\/files\/2024\/12\/18616073-A172-4A56-BD54-75C91D7F94D8-1536x1152.jpeg 1536w, https:\/\/wordpress.nibis.de\/wbsbram\/files\/2024\/12\/18616073-A172-4A56-BD54-75C91D7F94D8-2048x1536.jpeg 2048w\" sizes=\"auto, (max-width: 693px) 100vw, 693px\" \/><\/figure>\n\n\n\n<p>Die Fahrradwerkstatt &#8222;Speedbikers&#8220; h\u00e4lt die Fahrr\u00e4der und Kettcars der Schule instand.<\/p>\n\n\n\n<p>Au\u00dferdem werden im Auftrag von Kunden Fahrr\u00e4der repariert (Reifen flicken, Zubeh\u00f6r montieren) oder gereinigt.<\/p>\n\n\n\n<p>Aufgaben der Mitarbeiter:&nbsp;Kundengespr\u00e4che f\u00fchren, Planen von Reparaturauftr\u00e4gen, Reparieren, Montieren, Putzen, Aufpumpen<\/p>\n\n\n\n<figure class=\"wp-block-image size-large is-resized\"><img loading=\"lazy\" decoding=\"async\" src=\"https:\/\/wordpress.nibis.de\/wbsbram\/files\/2024\/12\/Foto-12.09.24-10-34-46-1024x768.jpg\" alt=\"\" class=\"wp-image-805\" width=\"697\" height=\"522\" srcset=\"https:\/\/wordpress.nibis.de\/wbsbram\/files\/2024\/12\/Foto-12.09.24-10-34-46-1024x768.jpg 1024w, https:\/\/wordpress.nibis.de\/wbsbram\/files\/2024\/12\/Foto-12.09.24-10-34-46-300x225.jpg 300w, https:\/\/wordpress.nibis.de\/wbsbram\/files\/2024\/12\/Foto-12.09.24-10-34-46-768x576.jpg 768w, https:\/\/wordpress.nibis.de\/wbsbram\/files\/2024\/12\/Foto-12.09.24-10-34-46-1536x1152.jpg 1536w, https:\/\/wordpress.nibis.de\/wbsbram\/files\/2024\/12\/Foto-12.09.24-10-34-46-2048x1536.jpg 2048w\" sizes=\"auto, (max-width: 697px) 100vw, 697px\" \/><\/figure>\n","protected":false},"excerpt":{"rendered":"<p>Die Fahrradwerkstatt &#8222;Speedbikers&#8220; h\u00e4lt die Fahrr\u00e4der und Kettcars der Schule instand. Au\u00dferdem werden im Auftrag von Kunden Fahrr\u00e4der repariert (Reifen flicken, Zubeh\u00f6r montieren) oder gereinigt. Aufgaben der Mitarbeiter:&nbsp;Kundengespr\u00e4che f\u00fchren, Planen von Reparaturauftr\u00e4gen, Reparieren, Montieren, Putzen, Aufpumpen<\/p>\n","protected":false},"author":9194125,"featured_media":0,"parent":0,"menu_order":0,"comment_status":"closed","ping_status":"closed","template":"","meta":{"footnotes":""},"class_list":["post-149","page","type-page","status-publish","hentry"],"_links":{"self":[{"href":"https:\/\/wordpress.nibis.de\/wbsbram\/wp-json\/wp\/v2\/pages\/149","targetHints":{"allow":["GET"]}}],"collection":[{"href":"https:\/\/wordpress.nibis.de\/wbsbram\/wp-json\/wp\/v2\/pages"}],"about":[{"href":"https:\/\/wordpress.nibis.de\/wbsbram\/wp-json\/wp\/v2\/types\/page"}],"author":[{"embeddable":true,"href":"https:\/\/wordpress.nibis.de\/wbsbram\/wp-json\/wp\/v2\/users\/9194125"}],"replies":[{"embeddable":true,"href":"https:\/\/wordpress.nibis.de\/wbsbram\/wp-json\/wp\/v2\/comments?post=149"}],"version-history":[{"count":4,"href":"https:\/\/wordpress.nibis.de\/wbsbram\/wp-json\/wp\/v2\/pages\/149\/revisions"}],"predecessor-version":[{"id":807,"href":"https:\/\/wordpress.nibis.de\/wbsbram\/wp-json\/wp\/v2\/pages\/149\/revisions\/807"}],"wp:attachment":[{"href":"https:\/\/wordpress.nibis.de\/wbsbram\/wp-json\/wp\/v2\/media?parent=149"}],"curies":[{"name":"wp","href":"https:\/\/api.w.org\/{rel}","templated":true}]}}