{"id":151,"date":"2024-03-11T11:39:05","date_gmt":"2024-03-11T10:39:05","guid":{"rendered":"https:\/\/wordpress.nibis.de\/wbsbram\/?page_id=151"},"modified":"2025-09-03T10:51:43","modified_gmt":"2025-09-03T08:51:43","slug":"schuelerzeitung","status":"publish","type":"page","link":"https:\/\/wordpress.nibis.de\/wbsbram\/schuelerzeitung\/","title":{"rendered":"Sch\u00fclerzeitung"},"content":{"rendered":"\n<figure class=\"wp-block-image size-large is-resized\"><img loading=\"lazy\" decoding=\"async\" src=\"https:\/\/wordpress.nibis.de\/wbsbram\/files\/2025\/09\/img-1155-1024x689.jpg\" alt=\"\" class=\"wp-image-1536\" width=\"639\" height=\"430\" srcset=\"https:\/\/wordpress.nibis.de\/wbsbram\/files\/2025\/09\/img-1155-1024x689.jpg 1024w, https:\/\/wordpress.nibis.de\/wbsbram\/files\/2025\/09\/img-1155-300x202.jpg 300w, https:\/\/wordpress.nibis.de\/wbsbram\/files\/2025\/09\/img-1155-768x517.jpg 768w, https:\/\/wordpress.nibis.de\/wbsbram\/files\/2025\/09\/img-1155-75x50.jpg 75w, https:\/\/wordpress.nibis.de\/wbsbram\/files\/2025\/09\/img-1155.jpg 1448w\" sizes=\"auto, (max-width: 639px) 100vw, 639px\" \/><\/figure>\n\n\n\n<p>Die Sch\u00fclerzeitung &#8222;Newshunter&#8220; ver\u00f6ffentlicht in jedem Halbjahr eine Ausgabe der Sch\u00fclerzeitung mit spannenden Artikeln aus dem Schulleben.<\/p>\n\n\n\n<p>Au\u00dferdem werden auf Anfrage Werbeprodukte f\u00fcr andere Sch\u00fclerfirmen erstellt.<\/p>\n\n\n\n<p>Die &#8222;Newshunter&#8220; wurden 2025 zur\u00a0<a href=\"https:\/\/wordpress.nibis.de\/wbsbram\/2025\/03\/18\/weil-es-wichtig-ist-kritisch-zu-sein\/\"><strong>BESTEN SCH\u00dcLERZEITUNG NIEDERSACHSENS<\/strong><\/a> gek\u00fcrt.<\/p>\n\n\n\n<p>Aufgaben der Mitarbeiter:&nbsp;Recherchieren, Interviews f\u00fchren, Schreiben von Artikeln, Gestaltung des Layouts, Verkauf der Zeitung<\/p>\n\n\n\n<figure class=\"wp-block-image size-large is-resized\"><img loading=\"lazy\" decoding=\"async\" src=\"https:\/\/wordpress.nibis.de\/wbsbram\/files\/2024\/12\/img-1104-1024x767.jpg\" alt=\"\" class=\"wp-image-808\" width=\"680\" height=\"508\" srcset=\"https:\/\/wordpress.nibis.de\/wbsbram\/files\/2024\/12\/img-1104-1024x767.jpg 1024w, https:\/\/wordpress.nibis.de\/wbsbram\/files\/2024\/12\/img-1104-300x225.jpg 300w, https:\/\/wordpress.nibis.de\/wbsbram\/files\/2024\/12\/img-1104-768x575.jpg 768w\" sizes=\"auto, (max-width: 680px) 100vw, 680px\" \/><\/figure>\n","protected":false},"excerpt":{"rendered":"<p>Die Sch\u00fclerzeitung &#8222;Newshunter&#8220; ver\u00f6ffentlicht in jedem Halbjahr eine Ausgabe der Sch\u00fclerzeitung mit spannenden Artikeln aus dem Schulleben. Au\u00dferdem werden auf Anfrage Werbeprodukte f\u00fcr andere Sch\u00fclerfirmen erstellt. Die &#8222;Newshunter&#8220; wurden 2025 zur\u00a0BESTEN SCH\u00dcLERZEITUNG NIEDERSACHSENS gek\u00fcrt. Aufgaben der Mitarbeiter:&nbsp;Recherchieren, Interviews f\u00fchren, Schreiben von Artikeln, Gestaltung des Layouts, Verkauf der Zeitung<\/p>\n","protected":false},"author":9194125,"featured_media":0,"parent":0,"menu_order":0,"comment_status":"closed","ping_status":"closed","template":"","meta":{"footnotes":""},"class_list":["post-151","page","type-page","status-publish","hentry"],"_links":{"self":[{"href":"https:\/\/wordpress.nibis.de\/wbsbram\/wp-json\/wp\/v2\/pages\/151","targetHints":{"allow":["GET"]}}],"collection":[{"href":"https:\/\/wordpress.nibis.de\/wbsbram\/wp-json\/wp\/v2\/pages"}],"about":[{"href":"https:\/\/wordpress.nibis.de\/wbsbram\/wp-json\/wp\/v2\/types\/page"}],"author":[{"embeddable":true,"href":"https:\/\/wordpress.nibis.de\/wbsbram\/wp-json\/wp\/v2\/users\/9194125"}],"replies":[{"embeddable":true,"href":"https:\/\/wordpress.nibis.de\/wbsbram\/wp-json\/wp\/v2\/comments?post=151"}],"version-history":[{"count":5,"href":"https:\/\/wordpress.nibis.de\/wbsbram\/wp-json\/wp\/v2\/pages\/151\/revisions"}],"predecessor-version":[{"id":1538,"href":"https:\/\/wordpress.nibis.de\/wbsbram\/wp-json\/wp\/v2\/pages\/151\/revisions\/1538"}],"wp:attachment":[{"href":"https:\/\/wordpress.nibis.de\/wbsbram\/wp-json\/wp\/v2\/media?parent=151"}],"curies":[{"name":"wp","href":"https:\/\/api.w.org\/{rel}","templated":true}]}}