{"id":1522,"date":"2026-02-07T17:10:21","date_gmt":"2026-02-07T16:10:21","guid":{"rendered":"https:\/\/wordpress.nibis.de\/wbsbram\/?page_id=1522"},"modified":"2026-02-07T17:14:04","modified_gmt":"2026-02-07T16:14:04","slug":"foerderinnen-und-freundeskreis-unserer-schule","status":"publish","type":"page","link":"https:\/\/wordpress.nibis.de\/wbsbram\/foerderinnen-und-freundeskreis-unserer-schule\/","title":{"rendered":"F\u00f6rder:innen und Freundeskreis unserer Schule"},"content":{"rendered":"\n<p>Unsere Schule lebt nicht nur vom Engagement der Sch\u00fclerinnen und Sch\u00fcler, Lehrkr\u00e4fte und Eltern \u2013 sondern auch von den vielen Menschen, die uns dar\u00fcber hinaus unterst\u00fctzen. Ob als F\u00f6rder:in, Mitglied im Freundeskreis oder durch einmalige Spenden: Dank dieser Hilfe k\u00f6nnen wir Projekte verwirklichen, die den Schulalltag bereichern und weit \u00fcber den regul\u00e4ren Unterricht hinausgehen.<\/p>\n\n\n\n<p>Von der Ausstattung mit modernen Lernmitteln \u00fcber kulturelle und sportliche Initiativen bis hin zu besonderen Veranstaltungen \u2013 jede Unterst\u00fctzung tr\u00e4gt dazu bei, unseren Sch\u00fcler:innen ein vielf\u00e4ltiges, lebendiges und inspirierendes Lernumfeld zu bieten.<\/p>\n\n\n\n<p>Auf dieser Seite m\u00f6chten wir die F\u00f6rder:innen und Freund:innen unserer Schule vorstellen und Einblicke geben, welche Projekte bereits durch ihre gro\u00dfz\u00fcgige Unterst\u00fctzung m\u00f6glich gemacht wurden.<br><\/p>\n\n\n\n<p><br><strong>Schuljubil\u00e4um 2024<\/strong><\/p>\n\n\n<div class=\"wp-block-image\">\n<figure class=\"aligncenter size-large\"><img loading=\"lazy\" decoding=\"async\" width=\"1024\" height=\"724\" src=\"https:\/\/wordpress.nibis.de\/wbsbram\/files\/2026\/02\/Schuljubilaeum-1024x724.jpg\" alt=\"\" class=\"wp-image-1909\" srcset=\"https:\/\/wordpress.nibis.de\/wbsbram\/files\/2026\/02\/Schuljubilaeum-1024x724.jpg 1024w, https:\/\/wordpress.nibis.de\/wbsbram\/files\/2026\/02\/Schuljubilaeum-300x212.jpg 300w, https:\/\/wordpress.nibis.de\/wbsbram\/files\/2026\/02\/Schuljubilaeum-768x543.jpg 768w, https:\/\/wordpress.nibis.de\/wbsbram\/files\/2026\/02\/Schuljubilaeum-100x71.jpg 100w, https:\/\/wordpress.nibis.de\/wbsbram\/files\/2026\/02\/Schuljubilaeum-1536x1086.jpg 1536w, https:\/\/wordpress.nibis.de\/wbsbram\/files\/2026\/02\/Schuljubilaeum.jpg 1683w\" sizes=\"auto, (max-width: 1024px) 100vw, 1024px\" \/><\/figure>\n<\/div>\n\n\n<p><\/p>\n\n\n\n<p><\/p>\n\n\n\n<p><br><strong>Weser-Ems-Cup 2023<\/strong><\/p>\n\n\n<div class=\"wp-block-image\">\n<figure class=\"aligncenter size-large\"><img loading=\"lazy\" decoding=\"async\" width=\"1024\" height=\"724\" src=\"https:\/\/wordpress.nibis.de\/wbsbram\/files\/2026\/02\/Weser-Ems-Cup-2023-1024x724.jpg\" alt=\"\" class=\"wp-image-1912\" srcset=\"https:\/\/wordpress.nibis.de\/wbsbram\/files\/2026\/02\/Weser-Ems-Cup-2023-1024x724.jpg 1024w, https:\/\/wordpress.nibis.de\/wbsbram\/files\/2026\/02\/Weser-Ems-Cup-2023-300x212.jpg 300w, https:\/\/wordpress.nibis.de\/wbsbram\/files\/2026\/02\/Weser-Ems-Cup-2023-768x543.jpg 768w, https:\/\/wordpress.nibis.de\/wbsbram\/files\/2026\/02\/Weser-Ems-Cup-2023-100x71.jpg 100w, https:\/\/wordpress.nibis.de\/wbsbram\/files\/2026\/02\/Weser-Ems-Cup-2023-1536x1086.jpg 1536w, https:\/\/wordpress.nibis.de\/wbsbram\/files\/2026\/02\/Weser-Ems-Cup-2023.jpg 1683w\" sizes=\"auto, (max-width: 1024px) 100vw, 1024px\" \/><\/figure>\n<\/div>","protected":false},"excerpt":{"rendered":"<p>Unsere Schule lebt nicht nur vom Engagement der Sch\u00fclerinnen und Sch\u00fcler, Lehrkr\u00e4fte und Eltern \u2013 sondern auch von den vielen Menschen, die uns dar\u00fcber hinaus unterst\u00fctzen. Ob als F\u00f6rder:in, Mitglied im Freundeskreis oder durch einmalige Spenden: Dank dieser Hilfe k\u00f6nnen wir Projekte verwirklichen, die den Schulalltag bereichern und weit \u00fcber den regul\u00e4ren Unterricht hinausgehen. Von [&hellip;]<\/p>\n","protected":false},"author":9194125,"featured_media":0,"parent":0,"menu_order":0,"comment_status":"closed","ping_status":"closed","template":"","meta":{"footnotes":""},"class_list":["post-1522","page","type-page","status-publish","hentry"],"_links":{"self":[{"href":"https:\/\/wordpress.nibis.de\/wbsbram\/wp-json\/wp\/v2\/pages\/1522","targetHints":{"allow":["GET"]}}],"collection":[{"href":"https:\/\/wordpress.nibis.de\/wbsbram\/wp-json\/wp\/v2\/pages"}],"about":[{"href":"https:\/\/wordpress.nibis.de\/wbsbram\/wp-json\/wp\/v2\/types\/page"}],"author":[{"embeddable":true,"href":"https:\/\/wordpress.nibis.de\/wbsbram\/wp-json\/wp\/v2\/users\/9194125"}],"replies":[{"embeddable":true,"href":"https:\/\/wordpress.nibis.de\/wbsbram\/wp-json\/wp\/v2\/comments?post=1522"}],"version-history":[{"count":7,"href":"https:\/\/wordpress.nibis.de\/wbsbram\/wp-json\/wp\/v2\/pages\/1522\/revisions"}],"predecessor-version":[{"id":1917,"href":"https:\/\/wordpress.nibis.de\/wbsbram\/wp-json\/wp\/v2\/pages\/1522\/revisions\/1917"}],"wp:attachment":[{"href":"https:\/\/wordpress.nibis.de\/wbsbram\/wp-json\/wp\/v2\/media?parent=1522"}],"curies":[{"name":"wp","href":"https:\/\/api.w.org\/{rel}","templated":true}]}}