{"id":159,"date":"2024-03-11T11:40:02","date_gmt":"2024-03-11T10:40:02","guid":{"rendered":"https:\/\/wordpress.nibis.de\/wbsbram\/?page_id=159"},"modified":"2025-01-08T16:04:04","modified_gmt":"2025-01-08T15:04:04","slug":"bundesfreiwilligendienst","status":"publish","type":"page","link":"https:\/\/wordpress.nibis.de\/wbsbram\/bundesfreiwilligendienst\/","title":{"rendered":"Bundesfreiwilligendienst"},"content":{"rendered":"\n<p>An unserer Schule kann der Bundesfreiwilligendienst geleistet werden.<\/p>\n\n\n\n<p><strong>Wir suchen immer f\u00fcr ein Schuljahr eine Freiwillige oder einen Freiwilligen. Bei Interesse k\u00f6nnen Sie \/ kannst Du dich jederzeit direkt bei uns melden.<\/strong><\/p>\n\n\n\n<p><strong>Beschreibung der T\u00e4tigkeit<\/strong><\/p>\n\n\n\n<p>Der Einsatz erfolgt zweigeteilt in der F\u00f6rderschule Emotional-Soziale Entwicklung (ESE) und der F\u00f6rderschule Geistige Entwicklung (GE). Beide Schulen sind in einem Geb\u00e4ude. In der F\u00f6rderschule ESE ist der\/die Freiwillige einer Klasse zugeordnet und begleitet die Kinder w\u00e4hrend des Schulvormittags. Hierbei kann es um Krisenbew\u00e4ltigung, Unterst\u00fctzung beim Lernen, gemeinsames Spielen oder Reden gehen. Hinzu kommt die Begleitung zu den Fahrdiensten und w\u00e4hrend der Pausen. Der\/die Freiwillige sollte impulsive, teilweise unvorhersehbare Reaktionen der Kinder aushalten k\u00f6nnen. In der F\u00f6rderschule GE unterst\u00fctzt er oder sie in einzelnen Klassen die Lehrkr\u00e4fte und weiteren MitarbeiterInnen bis in den Nachmittag.<\/p>\n\n\n\n<p>\u2014\u2014\u2013<\/p>\n\n\n\n<p>Hier ist ein Bericht \u00fcber unsere&nbsp;<a href=\"https:\/\/www.wbs-bramsche.net\/assets\/downloads\/fsd_wbs.pdf\">Bufdi Phoebe<\/a>.<\/p>\n\n\n\n<p>Und hier ist noch ein \u00e4lterer Bericht \u00fcber unseren ehemaligen&nbsp;<a href=\"https:\/\/www.wbs-bramsche.net\/assets\/downloads\/nico.pdf\">Bufdi Nico<\/a>.<\/p>\n\n\n\n<p>\u2014\u2014\u2013<\/p>\n\n\n\n<p><strong>Bewerbungen k\u00f6nnen direkt an die Schule gerichtet werden:<\/strong><\/p>\n\n\n\n<p>kontakt(at)wbs-bramsche.de<\/p>\n\n\n\n<p>05461\/3210<\/p>\n","protected":false},"excerpt":{"rendered":"<p>An unserer Schule kann der Bundesfreiwilligendienst geleistet werden. Wir suchen immer f\u00fcr ein Schuljahr eine Freiwillige oder einen Freiwilligen. Bei Interesse k\u00f6nnen Sie \/ kannst Du dich jederzeit direkt bei uns melden. Beschreibung der T\u00e4tigkeit Der Einsatz erfolgt zweigeteilt in der F\u00f6rderschule Emotional-Soziale Entwicklung (ESE) und der F\u00f6rderschule Geistige Entwicklung (GE). Beide Schulen sind in [&hellip;]<\/p>\n","protected":false},"author":9194125,"featured_media":0,"parent":0,"menu_order":0,"comment_status":"closed","ping_status":"closed","template":"","meta":{"footnotes":""},"class_list":["post-159","page","type-page","status-publish","hentry"],"_links":{"self":[{"href":"https:\/\/wordpress.nibis.de\/wbsbram\/wp-json\/wp\/v2\/pages\/159","targetHints":{"allow":["GET"]}}],"collection":[{"href":"https:\/\/wordpress.nibis.de\/wbsbram\/wp-json\/wp\/v2\/pages"}],"about":[{"href":"https:\/\/wordpress.nibis.de\/wbsbram\/wp-json\/wp\/v2\/types\/page"}],"author":[{"embeddable":true,"href":"https:\/\/wordpress.nibis.de\/wbsbram\/wp-json\/wp\/v2\/users\/9194125"}],"replies":[{"embeddable":true,"href":"https:\/\/wordpress.nibis.de\/wbsbram\/wp-json\/wp\/v2\/comments?post=159"}],"version-history":[{"count":5,"href":"https:\/\/wordpress.nibis.de\/wbsbram\/wp-json\/wp\/v2\/pages\/159\/revisions"}],"predecessor-version":[{"id":1071,"href":"https:\/\/wordpress.nibis.de\/wbsbram\/wp-json\/wp\/v2\/pages\/159\/revisions\/1071"}],"wp:attachment":[{"href":"https:\/\/wordpress.nibis.de\/wbsbram\/wp-json\/wp\/v2\/media?parent=159"}],"curies":[{"name":"wp","href":"https:\/\/api.w.org\/{rel}","templated":true}]}}