{"id":313,"date":"2024-04-04T13:21:46","date_gmt":"2024-04-04T11:21:46","guid":{"rendered":"https:\/\/wordpress.nibis.de\/wbsbram\/?page_id=313"},"modified":"2025-09-16T16:52:54","modified_gmt":"2025-09-16T14:52:54","slug":"elternvertretung-und-schuelerrat","status":"publish","type":"page","link":"https:\/\/wordpress.nibis.de\/wbsbram\/elternvertretung-und-schuelerrat\/","title":{"rendered":"Elternvertretung und Sch\u00fclerrat"},"content":{"rendered":"\n<h2 class=\"has-large-font-size wp-block-heading\">Elternvertretung<\/h2>\n\n\n\n<div class=\"wp-block-columns is-layout-flex wp-container-core-columns-is-layout-abceabcf wp-block-columns-is-layout-flex\">\n<div class=\"wp-block-column is-layout-flow wp-block-column-is-layout-flow\" style=\"--col-width:100%;flex-basis:100%\">\n<p>Vorsitzende: Frau H\u00f6mer<br>Stellvertreterin: Frau In der Stroh<\/p>\n\n\n\n<p>Sie erreichen die Elternratsvorsitzenden \u00fcber folgende Mailadresse: <a href=\"&#x6d;&#97;&#x69;&#x6c;&#116;&#x6f;&#x3a;&#101;&#x6c;&#x74;&#101;&#x72;&#x6e;v&#x65;&#x72;t&#x72;&#101;t&#x75;&#110;g&#x40;&#119;b&#x73;&#45;b&#x72;&#97;m&#x73;&#99;h&#x65;&#46;d&#x65;\">&#x65;&#x6c;&#x74;&#x65;&#x72;&#x6e;&#x76;&#101;&#114;&#116;&#114;&#101;tung&#x40;&#x77;&#x62;&#x73;&#x2d;&#x62;&#x72;&#x61;&#109;&#115;&#99;&#104;&#101;&#46;de<\/a><\/p>\n<\/div>\n<\/div>\n\n\n\n<h2 class=\"has-large-font-size wp-block-heading\">Sch\u00fclerrat<\/h2>\n\n\n\n<p>Der Sch\u00fclerrat der Wilhelm-Busch-Schule setzt sich aus den Klassensprecher:innen aller Klassen zusammen. Die Sch\u00fclersprecher:innen werden zu Beginn jedes Schuljahres neu gew\u00e4hlt. Betreut wird der Sch\u00fclerrat durch Frau Kemme-Teepe. Aktuell haben wir zwei Arbeitsgruppen, eine f\u00fcr die Klassensprecher:innen der Primarstufen und eine f\u00fcr die SEK I und SE\u041a II.<\/p>\n\n\n\n<h2 class=\"has-medium-font-size wp-block-heading\">Worum wir uns k\u00fcmmern<\/h2>\n\n\n\n<ul class=\"wp-block-list\"><li>Wir treffen uns in der Regel einmal im Monat.<\/li><li>Wir besprechen, was in der Schule gerade passiert und was gut oder nicht so gut l\u00e4uft.<\/li><li>Wir berichten den Klassen \u00fcber Aktuelles in der Schule und unsere Aktionen.<\/li><li>Wir besprechen die Aufgaben von Klassensprecher:innen.<\/li><li>Wir bestimmen die Vertreter f\u00fcr den Schulvorstand und die Gesamtkonferenz, um in der Schule mit zu bestimmen.<\/li><li>Wir versuchen, die Pausen besser zu gestalten, indem wir zum Beispiel die Anschaffung neuer Spielger\u00e4te beantragen und planen.<\/li><li>Wir planen Aktionen, um das Schulleben zu versch\u00f6nern.<\/li><li>Wir organisieren die &#8222;Aktion Sauberer Schulhof&#8220; (Reinigungsdienst durch die Klassen).<\/li><li>Wir versuchen L\u00f6sungen f\u00fcr Probleme zu finden (z.B. bei Meinungsverschiedenheiten zwischen Lehrern und Sch\u00fcler:innen).<\/li><\/ul>\n\n\n\n<p><strong>Aktuelles:<\/strong><\/p>\n\n\n\n<ul class=\"wp-block-list\"><li>Wir k\u00fcmmern uns um die Rahmenbedingungen f\u00fcr die freie Platzwahl in der Mensa.<\/li><li>Wir m\u00f6chten uns f\u00fcr die Anschaffung einer Rollstuhlschaukel einsetzen.<\/li><li>Wir erinnern bei Bedarf an pflegliche Umgangsweise mit schulischer Ausstattung oder Toiletten.<\/li><\/ul>\n","protected":false},"excerpt":{"rendered":"<p>Elternvertretung Vorsitzende: Frau H\u00f6merStellvertreterin: Frau In der Stroh Sie erreichen die Elternratsvorsitzenden \u00fcber folgende Mailadresse: &#x65;&#x6c;&#x74;&#x65;&#x72;&#x6e;&#x76;&#101;&#114;&#116;&#114;&#101;tung&#x40;&#x77;&#x62;&#x73;&#x2d;&#x62;&#x72;&#x61;&#109;&#115;&#99;&#104;&#101;&#46;de Sch\u00fclerrat Der Sch\u00fclerrat der Wilhelm-Busch-Schule setzt sich aus den Klassensprecher:innen aller Klassen zusammen. Die Sch\u00fclersprecher:innen werden zu Beginn jedes Schuljahres neu gew\u00e4hlt. Betreut wird der Sch\u00fclerrat durch Frau Kemme-Teepe. Aktuell haben wir zwei Arbeitsgruppen, eine f\u00fcr die Klassensprecher:innen der [&hellip;]<\/p>\n","protected":false},"author":9194125,"featured_media":0,"parent":0,"menu_order":0,"comment_status":"closed","ping_status":"closed","template":"","meta":{"footnotes":""},"class_list":["post-313","page","type-page","status-publish","hentry"],"_links":{"self":[{"href":"https:\/\/wordpress.nibis.de\/wbsbram\/wp-json\/wp\/v2\/pages\/313","targetHints":{"allow":["GET"]}}],"collection":[{"href":"https:\/\/wordpress.nibis.de\/wbsbram\/wp-json\/wp\/v2\/pages"}],"about":[{"href":"https:\/\/wordpress.nibis.de\/wbsbram\/wp-json\/wp\/v2\/types\/page"}],"author":[{"embeddable":true,"href":"https:\/\/wordpress.nibis.de\/wbsbram\/wp-json\/wp\/v2\/users\/9194125"}],"replies":[{"embeddable":true,"href":"https:\/\/wordpress.nibis.de\/wbsbram\/wp-json\/wp\/v2\/comments?post=313"}],"version-history":[{"count":11,"href":"https:\/\/wordpress.nibis.de\/wbsbram\/wp-json\/wp\/v2\/pages\/313\/revisions"}],"predecessor-version":[{"id":1554,"href":"https:\/\/wordpress.nibis.de\/wbsbram\/wp-json\/wp\/v2\/pages\/313\/revisions\/1554"}],"wp:attachment":[{"href":"https:\/\/wordpress.nibis.de\/wbsbram\/wp-json\/wp\/v2\/media?parent=313"}],"curies":[{"name":"wp","href":"https:\/\/api.w.org\/{rel}","templated":true}]}}