{"id":324,"date":"2024-04-04T13:33:06","date_gmt":"2024-04-04T11:33:06","guid":{"rendered":"https:\/\/wordpress.nibis.de\/wbsbram\/?page_id=324"},"modified":"2025-09-16T16:53:04","modified_gmt":"2025-09-16T14:53:04","slug":"ganztag","status":"publish","type":"page","link":"https:\/\/wordpress.nibis.de\/wbsbram\/ganztag\/","title":{"rendered":"Ganztag"},"content":{"rendered":"\n<h2 class=\"has-medium-font-size wp-block-heading\">Mensa<\/h2>\n\n\n\n<p>Die Mensa der Wilhelm-Busch-Schule wurde 2011 er\u00f6ffnet. Von Montag bis Donnerstag k\u00f6nnen unsere Sch\u00fclerinnen und Sch\u00fcler dort zu Mittag essen.<br>Au\u00dferdem besucht der Ganztag der Grundschule Im Sande unsere Mensa.<br>Das Essen wird seit Januar 2018 von &#8222;Dein Chefkoch&#8220; t\u00e4glich frisch gekocht und in der Mensa von einer Hauswirtschaftskraft ausgegeben. Dabei wird auf eine ausgewogene und gesunde Ern\u00e4hrung geachtet.<br>Hier ist ein Beispiel-Speiseplan. Jede Woche wechselt der Speiseplan. Den aktuellen Speiseplan finden Sie im Men\u00fc auf der rechten Seite.<\/p>\n\n\n\n<figure class=\"wp-block-image size-large is-resized\"><img loading=\"lazy\" decoding=\"async\" src=\"https:\/\/wordpress.nibis.de\/wbsbram\/files\/2024\/04\/mensaplan-1024x708.png\" alt=\"\" class=\"wp-image-363\" width=\"588\" height=\"406\" srcset=\"https:\/\/wordpress.nibis.de\/wbsbram\/files\/2024\/04\/mensaplan-1024x708.png 1024w, https:\/\/wordpress.nibis.de\/wbsbram\/files\/2024\/04\/mensaplan-300x207.png 300w, https:\/\/wordpress.nibis.de\/wbsbram\/files\/2024\/04\/mensaplan-768x531.png 768w, https:\/\/wordpress.nibis.de\/wbsbram\/files\/2024\/04\/mensaplan.png 1262w\" sizes=\"auto, (max-width: 588px) 100vw, 588px\" \/><\/figure>\n\n\n\n<p><br><strong>Arbeitsgemeinschaften (AG&#8217;s)<\/strong><\/p>\n\n\n\n<p>An einem Nachmittag in der Woche werden verschiedene Arbeitsgemeinschaften angeboten. Das praktische, soziale, handwerkliche, kreative, musikalische, sportliche und spielerische Lernen und Erleben steht dabei im Mittelpunkt. Au\u00dferdem sollen Anregungen f\u00fcr die Freizeitgestaltung aufgezeigt werden. Diese AGs k\u00f6nnen von den Sch\u00fclerinnen und Sch\u00fclern f\u00fcr jeweils ein Schulhalbjahr gew\u00e4hlt werden.<\/p>\n\n\n\n<p><\/p>\n","protected":false},"excerpt":{"rendered":"<p>Mensa Die Mensa der Wilhelm-Busch-Schule wurde 2011 er\u00f6ffnet. Von Montag bis Donnerstag k\u00f6nnen unsere Sch\u00fclerinnen und Sch\u00fcler dort zu Mittag essen.Au\u00dferdem besucht der Ganztag der Grundschule Im Sande unsere Mensa.Das Essen wird seit Januar 2018 von &#8222;Dein Chefkoch&#8220; t\u00e4glich frisch gekocht und in der Mensa von einer Hauswirtschaftskraft ausgegeben. Dabei wird auf eine ausgewogene und [&hellip;]<\/p>\n","protected":false},"author":9194261,"featured_media":0,"parent":0,"menu_order":0,"comment_status":"closed","ping_status":"closed","template":"","meta":{"footnotes":""},"class_list":["post-324","page","type-page","status-publish","hentry"],"_links":{"self":[{"href":"https:\/\/wordpress.nibis.de\/wbsbram\/wp-json\/wp\/v2\/pages\/324","targetHints":{"allow":["GET"]}}],"collection":[{"href":"https:\/\/wordpress.nibis.de\/wbsbram\/wp-json\/wp\/v2\/pages"}],"about":[{"href":"https:\/\/wordpress.nibis.de\/wbsbram\/wp-json\/wp\/v2\/types\/page"}],"author":[{"embeddable":true,"href":"https:\/\/wordpress.nibis.de\/wbsbram\/wp-json\/wp\/v2\/users\/9194261"}],"replies":[{"embeddable":true,"href":"https:\/\/wordpress.nibis.de\/wbsbram\/wp-json\/wp\/v2\/comments?post=324"}],"version-history":[{"count":8,"href":"https:\/\/wordpress.nibis.de\/wbsbram\/wp-json\/wp\/v2\/pages\/324\/revisions"}],"predecessor-version":[{"id":1066,"href":"https:\/\/wordpress.nibis.de\/wbsbram\/wp-json\/wp\/v2\/pages\/324\/revisions\/1066"}],"wp:attachment":[{"href":"https:\/\/wordpress.nibis.de\/wbsbram\/wp-json\/wp\/v2\/media?parent=324"}],"curies":[{"name":"wp","href":"https:\/\/api.w.org\/{rel}","templated":true}]}}